{"id":180,"date":"2016-04-24T14:32:44","date_gmt":"2016-04-24T13:32:44","guid":{"rendered":"http:\/\/banki.codeessences.com\/?page_id=180"},"modified":"2026-03-24T07:24:15","modified_gmt":"2026-03-24T07:24:15","slug":"tantestulet","status":"publish","type":"page","link":"http:\/\/bankisuli.hu\/?page_id=180","title":{"rendered":"Tantest\u00fclet"},"content":{"rendered":"<h2 align=\"center\"><span style=\"color: #000080; font-size: 300%;\">2025-2026<\/span><\/h2>\n<p style=\"text-align: center;\"><strong>Duna\u00fajv\u00e1rosi Egyetem B\u00e1nki Don\u00e1t Technikum<\/strong><\/p>\n<p style=\"text-align: center;\"><a href=\"http:\/\/bankisuli.hu\/wp-content\/uploads\/2025\/06\/DUE-BDT-Oktato_munkakorok_2024-oktober.pdf\">Bet\u00f6lt\u00f6tt munkak\u00f6r\u00f6k alapj\u00e1n az oktat\u00f3k v\u00e9gzetts\u00e9ge \u00e9s szakk\u00e9pzetts\u00e9ge 2024-2025. tan\u00e9v<\/a><\/p>\n<p>&nbsp;<\/p>\n<p style=\"text-align: center;\"><strong>Oktat\u00f3k el\u00e9rhet\u0151s\u00e9gei<\/strong><\/p>\n<p>&nbsp;<\/p>\n<p>&nbsp;<\/p>\n<table>\n<tbody>\n<tr>\n<td width=\"61\"><strong>&nbsp;<\/strong><\/td>\n<td width=\"312\"><strong>N\u00e9v<\/strong><\/td>\n<td width=\"231\"><strong>Email c\u00edm<\/strong><\/td>\n<\/tr>\n<tr>\n<td width=\"61\">1.&nbsp;&nbsp;&nbsp;&nbsp; &nbsp;<\/td>\n<td width=\"312\">Andr\u00e1s Zolt\u00e1n<\/td>\n<td width=\"231\">andrasz@bankisuli.hu<\/td>\n<\/tr>\n<tr>\n<td width=\"61\">2.&nbsp;&nbsp;&nbsp;&nbsp; &nbsp;<\/td>\n<td width=\"312\">Antal G\u00e1bor<\/td>\n<td width=\"231\">ANTALG@bankisuli.hu<\/td>\n<\/tr>\n<tr>\n<td width=\"61\">3.&nbsp;&nbsp;&nbsp;&nbsp; &nbsp;<\/td>\n<td width=\"312\">Antal Lajos<\/td>\n<td width=\"231\">antall@bankisuli.hu<\/td>\n<\/tr>\n<tr>\n<td width=\"61\">4.&nbsp;&nbsp;&nbsp;&nbsp; &nbsp;<\/td>\n<td width=\"312\">Antalin\u00e9 Miss Lilla<\/td>\n<td width=\"231\">ANTALINEML@bankisuli.hu<\/td>\n<\/tr>\n<tr>\n<td width=\"61\">5.&nbsp;&nbsp;&nbsp;&nbsp; &nbsp;<\/td>\n<td width=\"312\">Barna P\u00e9ter<\/td>\n<td width=\"231\">barnapeter@bankisuli.hu<\/td>\n<\/tr>\n<tr>\n<td width=\"61\">6.&nbsp;&nbsp;&nbsp;&nbsp; &nbsp;<\/td>\n<td width=\"312\">Dr. Bartal Orsolya<\/td>\n<td width=\"231\">bartalo@bankisuli.hu<\/td>\n<\/tr>\n<tr>\n<td width=\"61\">7.&nbsp;&nbsp;&nbsp;&nbsp; &nbsp;<\/td>\n<td width=\"312\">Bihari K\u00e1rolyn\u00e9<\/td>\n<td width=\"231\">BIHARIK@bankisuli.hu<\/td>\n<\/tr>\n<tr>\n<td width=\"61\">8.&nbsp;&nbsp;&nbsp;&nbsp; &nbsp;<\/td>\n<td width=\"312\">Biliczki Gabriella<\/td>\n<td width=\"231\">biliczkig@bankisuli.hu<\/td>\n<\/tr>\n<tr>\n<td width=\"61\">9.&nbsp;&nbsp;&nbsp;&nbsp; &nbsp;<\/td>\n<td width=\"312\">Bog\u00e1r Roland<\/td>\n<td width=\"231\">bogarr@bankisuli.hu<\/td>\n<\/tr>\n<tr>\n<td width=\"61\">10.&nbsp; &nbsp;<\/td>\n<td width=\"312\">Bogn\u00e1rn\u00e9 Pongr\u00e1cz M\u00e1ria<\/td>\n<td width=\"231\">BOGNARNEPM@bankisuli.hu<\/td>\n<\/tr>\n<tr>\n<td width=\"61\">11.&nbsp; &nbsp;<\/td>\n<td width=\"312\">Borsi J\u00f3zsef Attila<\/td>\n<td width=\"231\">BORSIJA@bankisuli.hu<\/td>\n<\/tr>\n<tr>\n<td width=\"61\">12.&nbsp; &nbsp;<\/td>\n<td width=\"312\">Dr. Budai G\u00e1bor<\/td>\n<td width=\"231\">BUDAIG@uniduna.hu<\/td>\n<\/tr>\n<tr>\n<td width=\"61\">13.&nbsp; &nbsp;<\/td>\n<td width=\"312\">Czibere Cec\u00edlia<\/td>\n<td width=\"231\">czibere.cecilia@dunadogcenter.com<\/td>\n<\/tr>\n<tr>\n<td width=\"61\">14.&nbsp; &nbsp;<\/td>\n<td width=\"312\">Cserna G\u00e1bor Ferenc<\/td>\n<td width=\"231\">csernag@bankisuli.hu<\/td>\n<\/tr>\n<tr>\n<td width=\"61\">15.&nbsp; &nbsp;<\/td>\n<td width=\"312\">Csongor Csaba<\/td>\n<td width=\"231\">CSONGORCS@bankisuli.hu<\/td>\n<\/tr>\n<tr>\n<td width=\"61\">16.&nbsp; &nbsp;<\/td>\n<td width=\"312\">Dank\u00f3 R\u00f3bert Bal\u00e1zs<\/td>\n<td width=\"231\">dankor@bankisuli.hu<\/td>\n<\/tr>\n<tr>\n<td width=\"61\">17.&nbsp; &nbsp;<\/td>\n<td width=\"312\">Dud\u00e1s S\u00e1ndor Bence<\/td>\n<td width=\"231\">DUDASSB@bankisuli.hu<\/td>\n<\/tr>\n<tr>\n<td width=\"61\">18.&nbsp; &nbsp;<\/td>\n<td width=\"312\">Fekete-Vadas Zsuzsanna<\/td>\n<td width=\"231\">vadasz@bankisuli.hu<\/td>\n<\/tr>\n<tr>\n<td width=\"61\">19.&nbsp; &nbsp;<\/td>\n<td width=\"312\">Filarszkyn\u00e9 Tolnai \u00c1gnes<\/td>\n<td width=\"231\">filarszkyneta@bankisuli.hu<\/td>\n<\/tr>\n<tr>\n<td width=\"61\">20.&nbsp; &nbsp;<\/td>\n<td width=\"312\">Fut\u00f3n\u00e9 Szaucsuk Erika<\/td>\n<td width=\"231\">futonese@bankisuli.hu<\/td>\n<\/tr>\n<tr>\n<td width=\"61\">21.&nbsp; &nbsp;<\/td>\n<td width=\"312\">F\u00fcgedi Anna<\/td>\n<td width=\"231\">FUGEDIA@bankisuli.hu<\/td>\n<\/tr>\n<tr>\n<td width=\"61\">22.&nbsp; &nbsp;<\/td>\n<td width=\"312\">F\u00fcl\u00f6p Zsoltn\u00e9<\/td>\n<td width=\"231\">fulopne@bankisuli.hu<\/td>\n<\/tr>\n<tr>\n<td width=\"61\">23.&nbsp; &nbsp;<\/td>\n<td width=\"312\">Garamszegin\u00e9 Sz\u0171cs Ildik\u00f3<\/td>\n<td width=\"231\">garamszi@bankisuli.hu<\/td>\n<\/tr>\n<tr>\n<td width=\"61\">24.&nbsp; &nbsp;<\/td>\n<td width=\"312\">Gendur Krisztina Rebeka<\/td>\n<td width=\"231\">gendurkr@bankisuli.hu<\/td>\n<\/tr>\n<tr>\n<td width=\"61\">25.&nbsp; &nbsp;<\/td>\n<td width=\"312\">G\u00f6nczi Gabriella<\/td>\n<td width=\"231\">gonczig@bankisuli.hu<\/td>\n<\/tr>\n<tr>\n<td width=\"61\">26.&nbsp; &nbsp;<\/td>\n<td width=\"312\">Gy\u00f6ngy\u00f6ssy Csaba<\/td>\n<td width=\"231\">gyongyossyc@bankisuli.hu<\/td>\n<\/tr>\n<tr>\n<td width=\"61\">27.&nbsp; &nbsp;<\/td>\n<td width=\"312\">Hal\u00e1sz Gy\u00f6ngyv\u00e9r<\/td>\n<td width=\"231\">halaszgy@bankisuli.hu<\/td>\n<\/tr>\n<tr>\n<td width=\"61\">28.&nbsp; &nbsp;<\/td>\n<td width=\"312\">Holinszky Val\u00e9ria<\/td>\n<td width=\"231\">holinszkyv@bankisuli.hu<\/td>\n<\/tr>\n<tr>\n<td width=\"61\">29.&nbsp; &nbsp;<\/td>\n<td width=\"312\">Horv\u00e1th Ferenc Lajos<\/td>\n<td width=\"231\">horvathfl@bankisuli.hu<\/td>\n<\/tr>\n<tr>\n<td width=\"61\">30.&nbsp; &nbsp;<\/td>\n<td width=\"312\">Jadl\u00f3szki Zolt\u00e1n<\/td>\n<td width=\"231\">jadloszkiz@bankisuli.hu<\/td>\n<\/tr>\n<tr>\n<td width=\"61\">31.&nbsp; &nbsp;<\/td>\n<td width=\"312\">Jadl\u00f3szkin\u00e9 Nemes Ildik\u00f3 Katalin<\/td>\n<td width=\"231\">jadloszkineni@bankisuli.hu<\/td>\n<\/tr>\n<tr>\n<td width=\"61\">32.&nbsp; &nbsp;<\/td>\n<td width=\"312\">Johan J\u00f3zsef<\/td>\n<td width=\"231\">johanj@bankisuli.hu<\/td>\n<\/tr>\n<tr>\n<td width=\"61\">33.&nbsp; &nbsp;<\/td>\n<td width=\"312\">Katus Szilvia<\/td>\n<td width=\"231\">katussz@bankisuli.hu<\/td>\n<\/tr>\n<tr>\n<td width=\"61\">34.&nbsp; &nbsp;<\/td>\n<td width=\"312\">Kolacsek S\u00e1ndor<\/td>\n<td width=\"231\">kolacseks@bankisuli.hu<\/td>\n<\/tr>\n<tr>\n<td width=\"61\">35.&nbsp; &nbsp;<\/td>\n<td width=\"312\">Korom K\u00e1roly<\/td>\n<td width=\"231\">koromk@bankisuli.hu<\/td>\n<\/tr>\n<tr>\n<td width=\"61\">36.&nbsp; &nbsp;<\/td>\n<td width=\"312\">Kov\u00e1cs Viktor<\/td>\n<td width=\"231\">kovacsviktor@bankisuli.hu<\/td>\n<\/tr>\n<tr>\n<td width=\"61\">37.&nbsp; &nbsp;<\/td>\n<td width=\"312\">Kov\u00e1csn\u00e9 Rubint \u00c1gnes<\/td>\n<td width=\"231\">kovacsnera@bankisuli.hu<\/td>\n<\/tr>\n<tr>\n<td width=\"61\">38.&nbsp; &nbsp;<\/td>\n<td width=\"312\">K\u0151kuti Imre<\/td>\n<td width=\"231\">kokutii@bankisuli.hu<\/td>\n<\/tr>\n<tr>\n<td width=\"61\">39.&nbsp; &nbsp;<\/td>\n<td width=\"312\">Kukel G\u00e1bor<\/td>\n<td width=\"231\">kukelg@bankisuli.hu<\/td>\n<\/tr>\n<tr>\n<td width=\"61\">40.&nbsp; &nbsp;<\/td>\n<td width=\"312\">Lemmer Anik\u00f3<\/td>\n<td width=\"231\">lemmera@bankisuli.hu<\/td>\n<\/tr>\n<tr>\n<td width=\"61\">41.&nbsp; &nbsp;<\/td>\n<td width=\"312\">Luk\u00e1csn\u00e9 Sz\u00e9kely Anik\u00f3<\/td>\n<td width=\"231\">LSZEKELYA@bankisuli.hu<\/td>\n<\/tr>\n<tr>\n<td width=\"61\">42.&nbsp; &nbsp;<\/td>\n<td width=\"312\">Major S\u00e1ndor<\/td>\n<td width=\"231\">majors@bankisuli.hu<\/td>\n<\/tr>\n<tr>\n<td width=\"61\">43.&nbsp; &nbsp;<\/td>\n<td width=\"312\">Mizer\u00e1k Eszter \u00c1gnes<\/td>\n<td width=\"231\">mizerake@bankisuli.hu<\/td>\n<\/tr>\n<tr>\n<td width=\"61\">44.&nbsp; &nbsp;<\/td>\n<td width=\"312\">Moln\u00e1r G\u00e1born\u00e9<\/td>\n<td width=\"231\">molnarg@bankisuli.hu<\/td>\n<\/tr>\n<tr>\n<td width=\"61\">45.&nbsp; &nbsp;<\/td>\n<td width=\"312\">M\u00fcller Attila<\/td>\n<td width=\"231\">mullera@bankisuli.hu<\/td>\n<\/tr>\n<tr>\n<td width=\"61\">46.&nbsp; &nbsp;<\/td>\n<td width=\"312\">Ruff Regina<\/td>\n<td width=\"231\">ruffr@bankisuli.hu<\/td>\n<\/tr>\n<tr>\n<td width=\"61\">47.&nbsp; &nbsp;<\/td>\n<td width=\"312\">Salamon Attila Mikl\u00f3s<\/td>\n<td width=\"231\">SALAMONA@bankisuli.hu<\/td>\n<\/tr>\n<tr>\n<td width=\"61\">48.&nbsp; &nbsp;<\/td>\n<td width=\"312\">Solymosi Csilla<\/td>\n<td width=\"231\">solymosics@bankisuli.hu<\/td>\n<\/tr>\n<tr>\n<td width=\"61\">49.&nbsp; &nbsp;<\/td>\n<td width=\"312\">Szab\u00f3 G\u00e1born\u00e9<\/td>\n<td width=\"231\">SZABOGNE@bankisuli.hu<\/td>\n<\/tr>\n<tr>\n<td width=\"61\">50.&nbsp; &nbsp;<\/td>\n<td width=\"312\">Szab\u00f3n\u00e9 Papp Krisztina<\/td>\n<td width=\"231\">szabonepk@bankisuli.hu<\/td>\n<\/tr>\n<tr>\n<td width=\"61\">51.&nbsp; &nbsp;<\/td>\n<td width=\"312\">Szigetf\u0171n\u00e9 Papp Szilvia<\/td>\n<td width=\"231\">szigetfuneps@bankisuli.hu<\/td>\n<\/tr>\n<tr>\n<td width=\"61\">52.&nbsp; &nbsp;<\/td>\n<td width=\"312\">Szloboda-Heincz Nikoletta<\/td>\n<td width=\"231\">HENCZN@bankisuli.hu<\/td>\n<\/tr>\n<tr>\n<td width=\"61\">53.&nbsp; &nbsp;<\/td>\n<td width=\"312\">Szombathelyi Norbert<\/td>\n<td width=\"231\">szombathelyin@bankisuli.hu<\/td>\n<\/tr>\n<tr>\n<td width=\"61\">54.&nbsp; &nbsp;<\/td>\n<td width=\"312\">T\u00f3beln\u00e9 Ger\u00e9nyi Gy\u00f6ngyi<\/td>\n<td width=\"231\">tobelnegg@bankisuli.hu<\/td>\n<\/tr>\n<tr>\n<td width=\"61\">55.&nbsp; &nbsp;<\/td>\n<td width=\"312\">T\u00f3bi\u00e1s J\u00e1nos<\/td>\n<td width=\"231\">tobiasj@bankisuli.hu<\/td>\n<\/tr>\n<tr>\n<td width=\"61\">56.&nbsp; &nbsp;<\/td>\n<td width=\"312\">Vass Tam\u00e1s Gyula<\/td>\n<td width=\"231\">VASSTGY@bankisuli.hu<\/td>\n<\/tr>\n<\/tbody>\n<\/table>\n<p>&nbsp;<\/p>\n<p style=\"text-align: center;\">&nbsp;<\/p>\n","protected":false},"excerpt":{"rendered":"<p>2025-2026 Duna\u00fajv\u00e1rosi Egyetem B\u00e1nki Don\u00e1t Technikum Bet\u00f6lt\u00f6tt munkak\u00f6r\u00f6k alapj\u00e1n az oktat\u00f3k v\u00e9gzetts\u00e9ge \u00e9s szakk\u00e9pzetts\u00e9ge 2024-2025. tan\u00e9v &nbsp; Oktat\u00f3k el\u00e9rhet\u0151s\u00e9gei &nbsp; &nbsp; &nbsp; N\u00e9v Email c\u00edm 1.&nbsp;&nbsp;&nbsp;&nbsp; &nbsp; Andr\u00e1s Zolt\u00e1n andrasz@bankisuli.hu 2.&nbsp;&nbsp;&nbsp;&nbsp; &nbsp; Antal G\u00e1bor ANTALG@bankisuli.hu 3.&nbsp;&nbsp;&nbsp;&nbsp; &nbsp; Antal Lajos antall@bankisuli.hu <a href=\"http:\/\/bankisuli.hu\/?page_id=180\" class=\"read-more\">Tov\u00e1bb &#8230;<\/a><\/p>\n","protected":false},"author":1,"featured_media":0,"parent":14,"menu_order":0,"comment_status":"closed","ping_status":"closed","template":"","meta":{"ngg_post_thumbnail":0,"footnotes":""},"class_list":["post-180","page","type-page","status-publish","hentry"],"_links":{"self":[{"href":"http:\/\/bankisuli.hu\/index.php?rest_route=\/wp\/v2\/pages\/180","targetHints":{"allow":["GET"]}}],"collection":[{"href":"http:\/\/bankisuli.hu\/index.php?rest_route=\/wp\/v2\/pages"}],"about":[{"href":"http:\/\/bankisuli.hu\/index.php?rest_route=\/wp\/v2\/types\/page"}],"author":[{"embeddable":true,"href":"http:\/\/bankisuli.hu\/index.php?rest_route=\/wp\/v2\/users\/1"}],"replies":[{"embeddable":true,"href":"http:\/\/bankisuli.hu\/index.php?rest_route=%2Fwp%2Fv2%2Fcomments&post=180"}],"version-history":[{"count":19,"href":"http:\/\/bankisuli.hu\/index.php?rest_route=\/wp\/v2\/pages\/180\/revisions"}],"predecessor-version":[{"id":9766,"href":"http:\/\/bankisuli.hu\/index.php?rest_route=\/wp\/v2\/pages\/180\/revisions\/9766"}],"up":[{"embeddable":true,"href":"http:\/\/bankisuli.hu\/index.php?rest_route=\/wp\/v2\/pages\/14"}],"wp:attachment":[{"href":"http:\/\/bankisuli.hu\/index.php?rest_route=%2Fwp%2Fv2%2Fmedia&parent=180"}],"curies":[{"name":"wp","href":"https:\/\/api.w.org\/{rel}","templated":true}]}}