{"id":1843,"date":"2020-01-15T13:51:25","date_gmt":"2020-01-15T11:51:25","guid":{"rendered":"http:\/\/www.banki-duj.sulinet.hu\/?page_id=1843"},"modified":"2024-10-21T18:55:37","modified_gmt":"2024-10-21T18:55:37","slug":"ipari-informatikai-technikus","status":"publish","type":"page","link":"http:\/\/bankisuli.hu\/?page_id=1843","title":{"rendered":"Ipari informatikai technikus"},"content":{"rendered":"<p><strong>Technikum<\/strong><\/p>\r\n<p>A technikum 9-12. \u00e9vfolyam\u00e1n el\u0151rehozott \u00e9retts\u00e9gire val\u00f3 felk\u00e9sz\u00edt\u00e9s \u00e9s \u00e1gazati szakmai oktat\u00e1s, szakk\u00e9pz\u00e9s folyik. A 13. \u00e9vfolyamon idegen nyelvi \u00e9s szakmai \u00e9retts\u00e9gire val\u00f3 felk\u00e9sz\u00edt\u00e9s folyik. Tanulm\u00e1nyi id\u0151 5 \u00e9v (4 \u00e9v ut\u00e1n, a 12. \u00e9vfolyam v\u00e9g\u00e9n el\u0151rehozott \u00e9retts\u00e9gi vizsga matematik\u00e1b\u00f3l, magyar nyelv \u00e9s irodalomb\u00f3l \u00e9s t\u00f6rt\u00e9nelemb\u0151l, majd az 5. \u00e9v &#8211; 13. \u00e9vfolyam &#8211; v\u00e9g\u00e9n \u00e9retts\u00e9gi vizsga idegen nyelvb\u0151l \u00e9s szakmai vizsga).<\/p>\r\n<p>5 \u00c9VES K\u00c9PZ\u00c9S<\/p>\r\n<p><strong>Ipari informatikai technikus<\/strong><\/p>\r\n<p>Elektronika \u00e9s elektrotechnika \u00e1gazat 5 \u00e9ves k\u00e9pz\u00e9se, amely \u00e9retts\u00e9givel \u00e9s technikus szint\u0171 szakk\u00e9pzetts\u00e9g megszerz\u00e9s\u00e9vel z\u00e1rul.<\/p>\r\n<p>Az ipari informatikai technikus a gy\u00e1rt\u00f3 \u00e9s kiszolg\u00e1l\u00f3 \u00e1gazatok k\u00f6z\u00e9pfok\u00fa v\u00e9gzetts\u00e9g\u0171 informatikai szakembere. Alapvet\u0151 feladata ipari k\u00f6rnyezetben a korszer\u0171 sz\u00e1m\u00edt\u00e1stechnikai term\u00e9k-, folyamat- \u00e9s h\u00e1tt\u00e9rt\u00e1mogat\u00e1s biztos\u00edt\u00e1sa hardver- \u00e9s szoftveroldalon egyar\u00e1nt. Ide tartozik a vezet\u00e9kes \u00e9s vezet\u00e9k n\u00e9lk\u00fcli \u00f6sszek\u00f6ttet\u00e9sek kialak\u00edt\u00e1s\u00e1nak megtervez\u00e9se, koordin\u00e1l\u00e1sa \u00e9s fenntart\u00e1sa, alapvet\u0151 t\u00e1vk\u00f6zl\u00e9si \u00e9s h\u00e1l\u00f3zati rendszerek \u00fczemeltet\u00e9se. Feladatk\u00f6r\u00e9t b\u0151v\u00edti az iparban felmer\u00fcl\u0151 digit\u00e1lis adat- \u00e9s jelfeldolgoz\u00e1si ig\u00e9nyek felm\u00e9r\u00e9se, m\u0171szaki dokument\u00e1l\u00e1sa, azok felhaszn\u00e1l\u00f3i szintig t\u00f6rt\u00e9n\u0151 megval\u00f3s\u00edt\u00e1sa. Olyan \u00e1tfog\u00f3 m\u0171szaki ismeretekkel b\u00edr, amelyek alkalmass\u00e1 teszik az Ipar 4.0 k\u00f6rnyezetben t\u00f6rt\u00e9n\u0151 munkav\u00e9gz\u00e9sre. V\u00e1llalati k\u00f6rnyezetben rendszergazdai feladatk\u00f6r\u00f6ket l\u00e1t el.<\/p>\r\n<p>KOMPETENCIAELV\u00c1R\u00c1S<\/p>\r\n<p>Logikai k\u00e9pess\u00e9g, j\u00f3 szemm\u00e9rt\u00e9k, t\u00e9r- \u00e9s sz\u00ednl\u00e1t\u00e1s, k\u00e9z\u00fcgyess\u00e9g, \u00f6n\u00e1ll\u00f3s\u00e1g, probl\u00e9mamegold\u00f3 k\u00e9pess\u00e9g.<\/p>\r\n<p>A SZAKK\u00c9PZETTS\u00c9GGEL RENDELKEZ\u0150<\/p>\r\n<ul>\r\n<li>sz\u00e1m\u00edt\u00f3g\u00e9pes adatgy\u0171jt\u0151 \u00e1s jelfeldolgoz\u00f3 rendszert konfigur\u00e1l, a felhaszn\u00e1l\u00f3i internetes berendez\u00e9sek k\u00f6z\u00f6tt \u00f6sszek\u00f6ttet\u00e9seket l\u00e9tes\u00edt;<\/li>\r\n<li>adott infrastrukt\u00far\u00e1ban IP alap\u00fa telekommunik\u00e1ci\u00f3s \u00e9s adat\u00e1tviteli kapcsolatot l\u00e9tes\u00edt, k\u00fcl\u00f6nb\u00f6z\u0151 internetprotokollokat alkalmaz;<\/li>\r\n<li>ell\u00e1tja a diagnosztikai, konfigur\u00e1ci\u00f3s, teszt- \u00e9s seg\u00e9dprogramok fejleszt\u00e9s\u00e9t \u00e9s rendszergazda-szint\u0171 \u00fczemeltet\u00e9s\u00e9t, valamint a sz\u00e1m\u00edt\u00f3g\u00e9ppel ir\u00e1ny\u00edtott m\u00e9r\u0151-, ellen\u0151rz\u0151- \u00e9s gy\u00e1rt\u00f3eszk\u00f6z\u00f6k haszn\u00e1lat\u00e1t \u00e9s programoz\u00e1s\u00e1t;<\/li>\r\n<li>t\u00e1rsszakm\u00e1kkal (g\u00e9p\u00e9sz, villamos) egy\u00fcttm\u0171k\u00f6dve automatiz\u00e1lt rendszerekben szoftveres be\u00e1ll\u00edt\u00e1sokat v\u00e9gez, szab\u00e1lyoz\u00e1stechnikai jellemz\u0151ket m\u00f3dos\u00edt;<\/li>\r\n<li>k\u00e9pes robottechnikai rendszerekben r\u00e9szfeladatok v\u00e9grehajt\u00e1s\u00e1ra alkalmazand\u00f3 algoritmusok fejleszt\u00e9s\u00e9re.<\/li>\r\n<\/ul>\r\n<p>Aj\u00e1nlott mindazon fiatalok sz\u00e1m\u00e1ra, aki \u00e9rdekl\u0151dnek az ipari informatika \u00e9s az elektronika ir\u00e1nt, \u00e9s olyan szakm\u00e1ra v\u00e1gynak, amely \u00edg\u00e9retes karrierutakat k\u00edn\u00e1l kimagasl\u00f3 technol\u00f3giai k\u00f6rnyezetben. Remek v\u00e1laszt\u00e1s szakir\u00e1ny\u00fa fels\u0151fok\u00fa tanulm\u00e1nyok folytat\u00e1s\u00e1ra nyitott fiatalok sz\u00e1m\u00e1ra is.<\/p>\r\n\r\n<div class=\"wp-block-buttons is-layout-flex wp-block-buttons-is-layout-flex\">\r\n<div class=\"wp-block-button\"><a class=\"wp-block-button__link has-white-color has-text-color\" href=\"http:\/\/bankisuli.hu\/wp-content\/uploads\/2024\/10\/Ipari-informatikai-technikus-2020.06.22.-v1.pdf\" target=\"_blank\" rel=\"noreferrer noopener\">Programtanterv<\/a><\/div>\r\n\r\n\r\n\r\n<div class=\"wp-block-button\"><a class=\"wp-block-button__link has-white-color has-text-color\" href=\"http:\/\/bankisuli.hu\/wp-content\/uploads\/2024\/10\/Ipari-informatikai-technikus-2023.11.21.-v3.pdf\" target=\"_blank\" rel=\"noreferrer noopener\">K\u00e9pz\u00e9si \u00e9s kimeneti k\u00f6vetelm\u00e9nyek<\/a><\/div>\r\n<\/div>\r\n","protected":false},"excerpt":{"rendered":"<p>Technikum A technikum 9-12. \u00e9vfolyam\u00e1n el\u0151rehozott \u00e9retts\u00e9gire val\u00f3 felk\u00e9sz\u00edt\u00e9s \u00e9s \u00e1gazati szakmai oktat\u00e1s, szakk\u00e9pz\u00e9s folyik. A 13. \u00e9vfolyamon idegen nyelvi \u00e9s szakmai \u00e9retts\u00e9gire val\u00f3 felk\u00e9sz\u00edt\u00e9s folyik. Tanulm\u00e1nyi id\u0151 5 \u00e9v (4 \u00e9v ut\u00e1n, a 12. \u00e9vfolyam v\u00e9g\u00e9n el\u0151rehozott \u00e9retts\u00e9gi vizsga <a href=\"http:\/\/bankisuli.hu\/?page_id=1843\" class=\"read-more\">Tov\u00e1bb &#8230;<\/a><\/p>\n","protected":false},"author":1,"featured_media":0,"parent":0,"menu_order":0,"comment_status":"closed","ping_status":"closed","template":"","meta":{"ngg_post_thumbnail":0,"footnotes":""},"class_list":["post-1843","page","type-page","status-publish","hentry"],"_links":{"self":[{"href":"http:\/\/bankisuli.hu\/index.php?rest_route=\/wp\/v2\/pages\/1843","targetHints":{"allow":["GET"]}}],"collection":[{"href":"http:\/\/bankisuli.hu\/index.php?rest_route=\/wp\/v2\/pages"}],"about":[{"href":"http:\/\/bankisuli.hu\/index.php?rest_route=\/wp\/v2\/types\/page"}],"author":[{"embeddable":true,"href":"http:\/\/bankisuli.hu\/index.php?rest_route=\/wp\/v2\/users\/1"}],"replies":[{"embeddable":true,"href":"http:\/\/bankisuli.hu\/index.php?rest_route=%2Fwp%2Fv2%2Fcomments&post=1843"}],"version-history":[{"count":17,"href":"http:\/\/bankisuli.hu\/index.php?rest_route=\/wp\/v2\/pages\/1843\/revisions"}],"predecessor-version":[{"id":6083,"href":"http:\/\/bankisuli.hu\/index.php?rest_route=\/wp\/v2\/pages\/1843\/revisions\/6083"}],"wp:attachment":[{"href":"http:\/\/bankisuli.hu\/index.php?rest_route=%2Fwp%2Fv2%2Fmedia&parent=1843"}],"curies":[{"name":"wp","href":"https:\/\/api.w.org\/{rel}","templated":true}]}}