{"id":1856,"date":"2020-01-15T14:01:32","date_gmt":"2020-01-15T12:01:32","guid":{"rendered":"http:\/\/www.banki-duj.sulinet.hu\/?page_id=1856"},"modified":"2024-10-21T18:54:39","modified_gmt":"2024-10-21T18:54:39","slug":"vasuti-jarmu-szerelo-technikus","status":"publish","type":"page","link":"http:\/\/bankisuli.hu\/?page_id=1856","title":{"rendered":"Vas\u00fati j\u00e1rm\u0171-szerel\u0151 technikus"},"content":{"rendered":"<p style=\"text-align: justify;\"><strong>Technikum<\/strong><\/p>\r\n<p style=\"text-align: justify;\">A technikum 9-12. \u00e9vfolyam\u00e1n el\u0151rehozott \u00e9retts\u00e9gire val\u00f3 felk\u00e9sz\u00edt\u00e9s \u00e9s \u00e1gazati szakmai oktat\u00e1s, szakk\u00e9pz\u00e9s folyik. A 13. \u00e9vfolyamon idegen nyelvi \u00e9s szakmai \u00e9retts\u00e9gire val\u00f3 felk\u00e9sz\u00edt\u00e9s folyik. Tanulm\u00e1nyi id\u0151 5 \u00e9v (4 \u00e9v ut\u00e1n, a 12. \u00e9vfolyam v\u00e9g\u00e9n el\u0151rehozott \u00e9retts\u00e9gi vizsga matematik\u00e1b\u00f3l, magyar nyelv \u00e9s irodalomb\u00f3l \u00e9s t\u00f6rt\u00e9nelemb\u0151l, majd az 5. \u00e9v \u2013 13. \u00e9vfolyam \u2013 v\u00e9g\u00e9n \u00e9retts\u00e9gi vizsga idegen nyelvb\u0151l \u00e9s szakmai vizsga).<\/p>\r\n<p style=\"text-align: justify;\">5 \u00e9ves k\u00e9pz\u00e9s<\/p>\r\n<p style=\"text-align: justify;\"><strong>Vas\u00fatij\u00e1rm\u0171-szerel\u0151 technikus<\/strong><\/p>\r\n<p style=\"text-align: justify;\">G\u00e9p\u00e9szet \u00e1gazat 5 \u00e9ves k\u00e9pz\u00e9se, amely \u00e9retts\u00e9givel \u00e9s technikus szint\u0171 szakk\u00e9pzetts\u00e9g megszerz\u00e9s\u00e9vel z\u00e1rul.<\/p>\r\n<p style=\"text-align: justify;\">A vas\u00fatij\u00e1rm\u0171-szerel\u0151 technikus a vas\u00fat villamos rendszereinek szerel\u0151jek\u00e9nt a jav\u00edt\u00e1si folyamat eg\u00e9sz\u00e9ben \u00f6n\u00e1ll\u00f3an, illetve a munkat\u00e1rsaival k\u00f6z\u00f6sen \u00f6sszetett feladatokat l\u00e1t el.<\/p>\r\n<p style=\"text-align: justify;\">A munkatev\u00e9kenys\u00e9ge sor\u00e1n egy\u00fcttm\u0171k\u00f6dik a jav\u00edt\u00e1s egy\u00e9b ter\u00fcletein dolgoz\u00f3 munkat\u00e1rsaival, \u00edgy biztos\u00edtja a komplex jav\u00edt\u00e1si tev\u00e9kenys\u00e9g \u00f6sszehangolt m\u0171k\u00f6d\u00e9s\u00e9t, melynek r\u00e9v\u00e9n hozz\u00e1j\u00e1rul a szervezet teljes\u00edtm\u00e9ny\u00e9nek folyamatos n\u00f6vel\u00e9s\u00e9hez, a szervezet c\u00e9ljainak el\u00e9r\u00e9s\u00e9hez.<\/p>\r\n<p style=\"text-align: justify;\">KOMPETENCIAELV\u00c1R\u00c1S<\/p>\r\n<p style=\"text-align: justify;\">Kommunik\u00e1ci\u00f3s k\u00e9szs\u00e9g, precizit\u00e1s, egy\u00fcttm\u0171k\u00f6d\u00e9si k\u00e9szs\u00e9g, szervez\u00e9si \u00e9s ir\u00e1ny\u00edt\u00e1si k\u00e9pess\u00e9g, kreativit\u00e1s.<\/p>\r\n<p style=\"text-align: justify;\">A SZAKK\u00c9PZETTS\u00c9GGEL RENDELKEZ\u0150<\/p>\r\n<ul>\r\n<li style=\"list-style-type: none;\">\r\n<ul>\r\n<li style=\"text-align: justify;\">feldolgozza \u00e9s ellen\u0151rzi a terveket, megismeri a rendszereket \u00e9s rendszerelemeket;<\/li>\r\n<li style=\"text-align: justify;\">tervek alapj\u00e1n meghat\u00e1rozza a munk\u00e1val kapcsolatos szervez\u00e9si feladatokat, kialak\u00edtja a munkahelyi felt\u00e9teleket, r\u00e9szletes \u00fctemtervet k\u00e9sz\u00edt;<\/li>\r\n<li style=\"text-align: justify;\">javaslatot tesz a beszerz\u00e9si forr\u00e1sokra, alv\u00e1llalkoz\u00f3i szolg\u00e1ltat\u00e1sokra;<\/li>\r\n<li style=\"text-align: justify;\">kezeli a kivitelez\u00e9s dokumentumait, az \u00e9p\u00edt\u00e9si napl\u00f3t;<\/li>\r\n<li style=\"text-align: justify;\">k\u00f6zrem\u0171k\u00f6dik az \u00e9p\u00edt\u00e9si hat\u00f3s\u00e1g \u00e1s a szakhat\u00f3s\u00e1gok fel\u00e9 a sz\u00e1mukra sz\u00fcks\u00e9ges dokument\u00e1ci\u00f3k beny\u00fajt\u00e1s\u00e1ban. elfogad\u00e1s\u00e1ban, hat\u00f3s\u00e1gi bej\u00e1r\u00e1sok megszervez\u00e9s\u00e9ben;<\/li>\r\n<li style=\"text-align: justify;\">tervezi \u00e9s ir\u00e1ny\u00edtja az \u00fczemeltet\u00e9si \u00e9s karbantart\u00e1si feladatokat. Aj\u00e1nlott minden fiatal sz\u00e1m\u00e1ra, aki \u00e9rdekl\u0151dik a l\u00e9gij\u00e1rm\u0171vek ir\u00e1nt, \u00f6r\u00f6m\u00e9t leli a szerel\u00e9sben \u00e9s szeret g\u00e9peket jav\u00edtani.<\/li>\r\n<\/ul>\r\n<\/li>\r\n<\/ul>\r\n\r\n<div class=\"wp-block-buttons is-layout-flex wp-block-buttons-is-layout-flex\">\r\n<div class=\"wp-block-button\"><a class=\"wp-block-button__link has-white-color has-text-color\" href=\"http:\/\/bankisuli.hu\/wp-content\/uploads\/2024\/10\/Vasutijarmu-szerelo-technikus-2020.07.30.-v1.pdf\" target=\"_blank\" rel=\"noreferrer noopener\">Programtanterv<\/a><\/div>\r\n\r\n\r\n\r\n<div class=\"wp-block-button\"><a class=\"wp-block-button__link has-white-color has-text-color\" href=\"http:\/\/bankisuli.hu\/wp-content\/uploads\/2024\/10\/Vasutijarmu-szerelo-technikus-2023.11.21.-v3.pdf\" target=\"_blank\" rel=\"noreferrer noopener\">K\u00e9pz\u00e9si \u00e9s kimeneti k\u00f6vetelm\u00e9nyek<\/a><\/div>\r\n<\/div>\r\n","protected":false},"excerpt":{"rendered":"<p>Technikum A technikum 9-12. \u00e9vfolyam\u00e1n el\u0151rehozott \u00e9retts\u00e9gire val\u00f3 felk\u00e9sz\u00edt\u00e9s \u00e9s \u00e1gazati szakmai oktat\u00e1s, szakk\u00e9pz\u00e9s folyik. A 13. \u00e9vfolyamon idegen nyelvi \u00e9s szakmai \u00e9retts\u00e9gire val\u00f3 felk\u00e9sz\u00edt\u00e9s folyik. Tanulm\u00e1nyi id\u0151 5 \u00e9v (4 \u00e9v ut\u00e1n, a 12. \u00e9vfolyam v\u00e9g\u00e9n el\u0151rehozott \u00e9retts\u00e9gi vizsga <a href=\"http:\/\/bankisuli.hu\/?page_id=1856\" class=\"read-more\">Tov\u00e1bb &#8230;<\/a><\/p>\n","protected":false},"author":1,"featured_media":0,"parent":0,"menu_order":0,"comment_status":"closed","ping_status":"closed","template":"","meta":{"ngg_post_thumbnail":0,"footnotes":""},"class_list":["post-1856","page","type-page","status-publish","hentry"],"_links":{"self":[{"href":"http:\/\/bankisuli.hu\/index.php?rest_route=\/wp\/v2\/pages\/1856","targetHints":{"allow":["GET"]}}],"collection":[{"href":"http:\/\/bankisuli.hu\/index.php?rest_route=\/wp\/v2\/pages"}],"about":[{"href":"http:\/\/bankisuli.hu\/index.php?rest_route=\/wp\/v2\/types\/page"}],"author":[{"embeddable":true,"href":"http:\/\/bankisuli.hu\/index.php?rest_route=\/wp\/v2\/users\/1"}],"replies":[{"embeddable":true,"href":"http:\/\/bankisuli.hu\/index.php?rest_route=%2Fwp%2Fv2%2Fcomments&post=1856"}],"version-history":[{"count":6,"href":"http:\/\/bankisuli.hu\/index.php?rest_route=\/wp\/v2\/pages\/1856\/revisions"}],"predecessor-version":[{"id":6080,"href":"http:\/\/bankisuli.hu\/index.php?rest_route=\/wp\/v2\/pages\/1856\/revisions\/6080"}],"wp:attachment":[{"href":"http:\/\/bankisuli.hu\/index.php?rest_route=%2Fwp%2Fv2%2Fmedia&parent=1856"}],"curies":[{"name":"wp","href":"https:\/\/api.w.org\/{rel}","templated":true}]}}