{"id":21,"date":"2015-03-28T13:06:14","date_gmt":"2015-03-28T12:06:14","guid":{"rendered":"http:\/\/localhost\/?page_id=21"},"modified":"2025-09-09T10:11:24","modified_gmt":"2025-09-09T10:11:24","slug":"kapcsolat","status":"publish","type":"page","link":"http:\/\/bankisuli.hu\/?page_id=21","title":{"rendered":"Kapcsolat"},"content":{"rendered":"<p><img loading=\"lazy\" decoding=\"async\" class=\"wp-image-2370 aligncenter\" src=\"http:\/\/bankisuli.hu\/wp-content\/uploads\/2022\/01\/cropped-cropped-Banki-logo-kor-scaled-1-300x300.jpg\" alt=\"\" width=\"304\" height=\"304\" srcset=\"http:\/\/bankisuli.hu\/wp-content\/uploads\/2022\/01\/cropped-cropped-Banki-logo-kor-scaled-1-300x300.jpg 300w, http:\/\/bankisuli.hu\/wp-content\/uploads\/2022\/01\/cropped-cropped-Banki-logo-kor-scaled-1-150x150.jpg 150w, http:\/\/bankisuli.hu\/wp-content\/uploads\/2022\/01\/cropped-cropped-Banki-logo-kor-scaled-1-270x270.jpg 270w, http:\/\/bankisuli.hu\/wp-content\/uploads\/2022\/01\/cropped-cropped-Banki-logo-kor-scaled-1-192x192.jpg 192w, http:\/\/bankisuli.hu\/wp-content\/uploads\/2022\/01\/cropped-cropped-Banki-logo-kor-scaled-1-180x180.jpg 180w, http:\/\/bankisuli.hu\/wp-content\/uploads\/2022\/01\/cropped-cropped-Banki-logo-kor-scaled-1-32x32.jpg 32w, http:\/\/bankisuli.hu\/wp-content\/uploads\/2022\/01\/cropped-cropped-Banki-logo-kor-scaled-1.jpg 512w\" sizes=\"auto, (max-width: 304px) 100vw, 304px\" \/><\/p>\n<p align=\"center\"><b><span style=\"font-size: large;\">Duna\u00fajv\u00e1rosi Egyetem B\u00e1nki Don\u00e1t Technikum<br \/>\n<\/span><\/b><\/p>\n<p align=\"center\"><b><span style=\"font-size: large;\">OM azonos\u00edt\u00f3: 910014<\/span><\/b><\/p>\n<p style=\"text-align: center;\" align=\"center\"><b><span style=\"font-size: large;\">2400 Duna\u00fajv\u00e1ros, T\u00e1ncsics M. u. 1-1.<\/span><\/b><\/p>\n<p align=\"center\">&nbsp;<\/p>\n<p align=\"center\"><strong>Int\u00e9zm\u00e9ny nyitvatart\u00e1si rendje:<\/strong><\/p>\n<p align=\"center\"><strong> Szorgalmi id\u0151szakban: 7:00- 15:00<\/strong><\/p>\n<p align=\"center\"><b><span style=\"color: #ee0000;\">Ny\u00e1ri \u00fcgyelet: szerdai napokon k\u00fcl\u00f6n ki\u00edr\u00e1s szerint.<\/span><\/b><\/p>\n<p align=\"center\">&nbsp;<\/p>\n<p align=\"center\"><strong>A Vezet\u0151s\u00e9ghez \u00edm\u00e9les id\u0151pontegyeztet\u00e9s sz\u00fcks\u00e9ges szem\u00e9lyes tal\u00e1lkoz\u00f3 eset\u00e9n.<\/strong><\/p>\n<table class=\" align=center\" width=\"937\">\n<tbody>\n<tr>\n<td width=\"192\">N\u00e9v<\/td>\n<td width=\"367\">Titulus<\/td>\n<td width=\"127\">Telefonsz\u00e1m<\/td>\n<td width=\"251\">Email c\u00edm<\/td>\n<\/tr>\n<tr>\n<td>Dr. Bartal Orsolya<\/td>\n<td>igazgat\u00f3<\/td>\n<td>30\/299-37-94<br \/>\n30\/565-66-20<\/td>\n<td><a href=\"mailto:bartalo@bankisuli.hu\">bartalo@bankisuli.hu<\/a><\/td>\n<\/tr>\n<tr>\n<td>Katus Szilvia<\/td>\n<td>nevel\u00e9si \u00e9s oktat\u00e1si igazgat\u00f3helyettes<\/td>\n<td>70\/663-35-45<\/td>\n<td><a href=\"mailto:katussz@bankisuli.hu\">katussz@bankisuli.hu<\/a><\/td>\n<\/tr>\n<tr>\n<td>Mizer\u00e1k Eszter<\/td>\n<td>fejleszt\u00e9si \u00e9s koordin\u00e1ci\u00f3s igazgat\u00f3helyettes<\/td>\n<td>30\/491-13-79<\/td>\n<td><a href=\"mailto:mizerake@bankisuli.hu\">mizerake@bankisuli.hu<\/a><\/td>\n<\/tr>\n<tr>\n<td>M\u00fcller Attila<\/td>\n<td>\u00e1ltal\u00e1nos \u00e9s szakmai igazgat\u00f3helyettes<\/td>\n<td>30\/300-20-13<\/td>\n<td><a href=\"mailto:mullera@bankisuli.hu\">mullera@bankisuli.hu<\/a><\/td>\n<\/tr>\n<tr>\n<td>Szigetf\u0171n\u00e9 Papp Szilvia<\/td>\n<td>k\u00f6nyvt\u00e1ros<\/td>\n<td>30\/299-58-23<\/td>\n<td><a href=\"mailto:szigetfuneps@bankisuli.hu\">szigetfuneps@bankisuli.hu<\/a><\/td>\n<\/tr>\n<tr>\n<td>Szab\u00f3n\u00e9 Papp Krisztina<\/td>\n<td>k\u00f6z\u00f6ss\u00e9gi szolg\u00e1lat felel\u0151se<\/td>\n<td>30\/299-72-53<\/td>\n<td><a href=\"mailto:szabonepk@bankisuli.hu\">szabonepk@bankisuli.hu<\/a><\/td>\n<\/tr>\n<tr>\n<td>Egri Gabriella<\/td>\n<td>v\u00e9d\u0151n\u0151<\/td>\n<td>20\/220-77-04<\/td>\n<td><a href=\"mailto:gabriella.egri@gmail.com\">gabriella.egri@gmail.com<\/a><\/td>\n<\/tr>\n<tr>\n<td>Titk\u00e1rs\u00e1g<\/td>\n<td>&nbsp;<\/td>\n<td>30\/299-54-37<\/td>\n<td><a href=\"mailto:titkarsag@bankisuli.hu\">titkarsag@bankisuli.hu<\/a><\/td>\n<\/tr>\n<tr>\n<td>Gazdas\u00e1gi iroda<\/td>\n<td>&nbsp;<\/td>\n<td>30\/299-36-60<\/td>\n<td><a href=\"mailto:gazdasagi@bankisuli.hu\">gazdasagi@bankisuli.hu<\/a><\/td>\n<\/tr>\n<\/tbody>\n<\/table>\n<p align=\"center\"><b><span style=\"font-size: large;\">Telefon Porta: 06-30-300-8884<\/span><\/b><\/p>\n<p align=\"center\"><b><span style=\"font-size: large;\">Telefon Tan\u00e1ri: 06-30-300-7224<\/span><\/b><\/p>\n<p align=\"center\">&nbsp;<\/p>\n<p align=\"center\"><b><span style=\"font-size: large;\"><a href=\"http:\/\/www.bankisuli.hu\/\" target=\"_blank\" rel=\"noopener noreferrer\">http:\/\/www.bankisuli.hu<\/a><\/span><\/b><\/p>\n<p align=\"center\"><b><span style=\"font-size: large;\">Iskolai e-mail: <a href=\"http:\/\/titkarsag@bankisuli.hu\">titkarsag@bankisuli.hu<\/a><\/span><\/b><\/p>\n","protected":false},"excerpt":{"rendered":"<p>Duna\u00fajv\u00e1rosi Egyetem B\u00e1nki Don\u00e1t Technikum OM azonos\u00edt\u00f3: 910014 2400 Duna\u00fajv\u00e1ros, T\u00e1ncsics M. u. 1-1. &nbsp; Int\u00e9zm\u00e9ny nyitvatart\u00e1si rendje: Szorgalmi id\u0151szakban: 7:00- 15:00 Ny\u00e1ri \u00fcgyelet: szerdai napokon k\u00fcl\u00f6n ki\u00edr\u00e1s szerint. &nbsp; A Vezet\u0151s\u00e9ghez \u00edm\u00e9les id\u0151pontegyeztet\u00e9s sz\u00fcks\u00e9ges szem\u00e9lyes tal\u00e1lkoz\u00f3 eset\u00e9n. N\u00e9v Titulus <a href=\"http:\/\/bankisuli.hu\/?page_id=21\" class=\"read-more\">Tov\u00e1bb &#8230;<\/a><\/p>\n","protected":false},"author":1,"featured_media":0,"parent":0,"menu_order":0,"comment_status":"closed","ping_status":"closed","template":"","meta":{"ngg_post_thumbnail":0,"footnotes":""},"class_list":["post-21","page","type-page","status-publish","hentry"],"_links":{"self":[{"href":"http:\/\/bankisuli.hu\/index.php?rest_route=\/wp\/v2\/pages\/21","targetHints":{"allow":["GET"]}}],"collection":[{"href":"http:\/\/bankisuli.hu\/index.php?rest_route=\/wp\/v2\/pages"}],"about":[{"href":"http:\/\/bankisuli.hu\/index.php?rest_route=\/wp\/v2\/types\/page"}],"author":[{"embeddable":true,"href":"http:\/\/bankisuli.hu\/index.php?rest_route=\/wp\/v2\/users\/1"}],"replies":[{"embeddable":true,"href":"http:\/\/bankisuli.hu\/index.php?rest_route=%2Fwp%2Fv2%2Fcomments&post=21"}],"version-history":[{"count":14,"href":"http:\/\/bankisuli.hu\/index.php?rest_route=\/wp\/v2\/pages\/21\/revisions"}],"predecessor-version":[{"id":8014,"href":"http:\/\/bankisuli.hu\/index.php?rest_route=\/wp\/v2\/pages\/21\/revisions\/8014"}],"wp:attachment":[{"href":"http:\/\/bankisuli.hu\/index.php?rest_route=%2Fwp%2Fv2%2Fmedia&parent=21"}],"curies":[{"name":"wp","href":"https:\/\/api.w.org\/{rel}","templated":true}]}}