{"id":2450,"date":"2022-01-31T09:37:54","date_gmt":"2022-01-31T09:37:54","guid":{"rendered":"http:\/\/bankisuli.hu\/?page_id=2450"},"modified":"2026-04-14T12:03:14","modified_gmt":"2026-04-14T12:03:14","slug":"palyazatok","status":"publish","type":"page","link":"http:\/\/bankisuli.hu\/?page_id=2450","title":{"rendered":"P\u00e1ly\u00e1zatok"},"content":{"rendered":"<h1 style=\"text-align: center;\">Igazgat\u00f3i p\u00e1ly\u00e1zat:<\/h1>\n<p style=\"text-align: center;\"><em><a href=\"http:\/\/bankisuli.hu\/wp-content\/uploads\/2026\/02\/Igazgato_palyazati-kiiras-_2026.pdf\">Igazgat\u00f3_p\u00e1ly\u00e1zati ki\u00edr\u00e1s _2026 PDF<\/a><\/em><\/p>\n<p style=\"text-align: center;\">Be\u00e9rkezett vezet\u0151i p\u00e1ly\u00e1zatok:<\/p>\n<p style=\"text-align: center;\"><a href=\"http:\/\/bankisuli.hu\/wp-content\/uploads\/2026\/04\/Barath-Artur-vezetoi-szakmai-program.pdf\">Bar\u00e1th Artur vezet\u0151i-szakmai program<\/a><\/p>\n<p style=\"text-align: center;\"><a href=\"http:\/\/bankisuli.hu\/wp-content\/uploads\/2026\/04\/Dr.-Bartal-Orsolya-vezetoi-szakmai-program.pdf\">Dr. Bartal Orsolya vezet\u0151i-szakmai program<\/a><\/p>\n<p style=\"text-align: center;\"><a href=\"http:\/\/bankisuli.hu\/wp-content\/uploads\/2026\/02\/KIM_logo_color_logo_txt_black-copy-scaled.jpg\" rel=\"https:\/\/bankisuli.hu\/?page_id=9199\"><img loading=\"lazy\" decoding=\"async\" class=\"aligncenter wp-image-9203 size-large\" src=\"http:\/\/bankisuli.hu\/wp-content\/uploads\/2026\/02\/KIM_logo_color_logo_txt_black-copy-1024x347.jpg\" alt=\"\" width=\"847\" height=\"287\" srcset=\"http:\/\/bankisuli.hu\/wp-content\/uploads\/2026\/02\/KIM_logo_color_logo_txt_black-copy-1024x347.jpg 1024w, http:\/\/bankisuli.hu\/wp-content\/uploads\/2026\/02\/KIM_logo_color_logo_txt_black-copy-300x102.jpg 300w, http:\/\/bankisuli.hu\/wp-content\/uploads\/2026\/02\/KIM_logo_color_logo_txt_black-copy-768x260.jpg 768w, http:\/\/bankisuli.hu\/wp-content\/uploads\/2026\/02\/KIM_logo_color_logo_txt_black-copy-1536x521.jpg 1536w, http:\/\/bankisuli.hu\/wp-content\/uploads\/2026\/02\/KIM_logo_color_logo_txt_black-copy-2048x695.jpg 2048w, http:\/\/bankisuli.hu\/wp-content\/uploads\/2026\/02\/KIM_logo_color_logo_txt_black-copy-360x122.jpg 360w\" sizes=\"auto, (max-width: 847px) 100vw, 847px\" \/><\/a><\/p>\n<h3 style=\"text-align: center;\"><a href=\"https:\/\/bankisuli.hu\/?page_id=9199\">GYIA-SZAK-25-0009 \u201eSeg\u00edt\u0151 kezek, elhivatott sz\u00edvek &#8222;; A szakma j\u00f3szolg\u00e1latban\u201d p\u00e1ly\u00e1zat<\/a><a href=\"https:\/\/bankisuli.hu\/?page_id=9199\"><img loading=\"lazy\" decoding=\"async\" class=\"aligncenter size-medium wp-image-8642\" src=\"http:\/\/bankisuli.hu\/wp-content\/uploads\/2025\/11\/AI_logo-1-300x281.png\" alt=\"\" width=\"300\" height=\"281\" srcset=\"http:\/\/bankisuli.hu\/wp-content\/uploads\/2025\/11\/AI_logo-1-300x281.png 300w, http:\/\/bankisuli.hu\/wp-content\/uploads\/2025\/11\/AI_logo-1-1024x960.png 1024w, http:\/\/bankisuli.hu\/wp-content\/uploads\/2025\/11\/AI_logo-1-768x720.png 768w, http:\/\/bankisuli.hu\/wp-content\/uploads\/2025\/11\/AI_logo-1-1536x1440.png 1536w, http:\/\/bankisuli.hu\/wp-content\/uploads\/2025\/11\/AI_logo-1-288x270.png 288w, http:\/\/bankisuli.hu\/wp-content\/uploads\/2025\/11\/AI_logo-1.png 1737w\" sizes=\"auto, (max-width: 300px) 100vw, 300px\" \/><\/a><\/h3>\n<p><a href=\"http:\/\/bankisuli.hu\/wp-content\/uploads\/2025\/05\/okoiskola_logo.png\"><img loading=\"lazy\" decoding=\"async\" class=\"aligncenter wp-image-7350 size-medium\" src=\"http:\/\/bankisuli.hu\/wp-content\/uploads\/2025\/05\/okoiskola_logo-300x240.png\" alt=\"\" width=\"300\" height=\"240\" srcset=\"http:\/\/bankisuli.hu\/wp-content\/uploads\/2025\/05\/okoiskola_logo-300x240.png 300w, http:\/\/bankisuli.hu\/wp-content\/uploads\/2025\/05\/okoiskola_logo-1024x819.png 1024w, http:\/\/bankisuli.hu\/wp-content\/uploads\/2025\/05\/okoiskola_logo-768x615.png 768w, http:\/\/bankisuli.hu\/wp-content\/uploads\/2025\/05\/okoiskola_logo-337x270.png 337w, http:\/\/bankisuli.hu\/wp-content\/uploads\/2025\/05\/okoiskola_logo.png 1416w\" sizes=\"auto, (max-width: 300px) 100vw, 300px\" \/><\/a><\/p>\n<p><a href=\"http:\/\/bankisuli.hu\/wp-content\/uploads\/2025\/09\/pannonia_osztondijprogram_logo_color_flag.png\"><img loading=\"lazy\" decoding=\"async\" class=\"aligncenter wp-image-8001\" src=\"http:\/\/bankisuli.hu\/wp-content\/uploads\/2025\/09\/pannonia_osztondijprogram_logo_color_flag-300x86.png\" alt=\"\" width=\"400\" height=\"115\" srcset=\"http:\/\/bankisuli.hu\/wp-content\/uploads\/2025\/09\/pannonia_osztondijprogram_logo_color_flag-300x86.png 300w, http:\/\/bankisuli.hu\/wp-content\/uploads\/2025\/09\/pannonia_osztondijprogram_logo_color_flag-1024x294.png 1024w, http:\/\/bankisuli.hu\/wp-content\/uploads\/2025\/09\/pannonia_osztondijprogram_logo_color_flag-768x221.png 768w, http:\/\/bankisuli.hu\/wp-content\/uploads\/2025\/09\/pannonia_osztondijprogram_logo_color_flag-1536x441.png 1536w, http:\/\/bankisuli.hu\/wp-content\/uploads\/2025\/09\/pannonia_osztondijprogram_logo_color_flag-2048x588.png 2048w, http:\/\/bankisuli.hu\/wp-content\/uploads\/2025\/09\/pannonia_osztondijprogram_logo_color_flag-360x103.png 360w\" sizes=\"auto, (max-width: 400px) 100vw, 400px\" \/><\/a><\/p>\n<h3 style=\"text-align: center;\"><a href=\"https:\/\/bankisuli.hu\/?page_id=9241\">Pann\u00f3nia \u00d6szt\u00f6nd\u00edjprogram<\/a><\/h3>\n<p><a href=\"http:\/\/bankisuli.hu\/wp-content\/uploads\/2025\/06\/dth_logo_pecset.png\"><img loading=\"lazy\" decoding=\"async\" class=\"aligncenter wp-image-7652 size-medium\" src=\"http:\/\/bankisuli.hu\/wp-content\/uploads\/2025\/06\/dth_logo_pecset-300x300.png\" alt=\"\" width=\"300\" height=\"300\" srcset=\"http:\/\/bankisuli.hu\/wp-content\/uploads\/2025\/06\/dth_logo_pecset-300x300.png 300w, http:\/\/bankisuli.hu\/wp-content\/uploads\/2025\/06\/dth_logo_pecset-150x150.png 150w, http:\/\/bankisuli.hu\/wp-content\/uploads\/2025\/06\/dth_logo_pecset-270x270.png 270w, http:\/\/bankisuli.hu\/wp-content\/uploads\/2025\/06\/dth_logo_pecset.png 591w\" sizes=\"auto, (max-width: 300px) 100vw, 300px\" \/><\/a><\/p>\n<h3 style=\"text-align: center;\"><a href=\"https:\/\/bankisuli.hu\/?p=10280\">VISEGRADFUND P\u00c1LY\u00c1ZAT &#8211; 2026. m\u00e1rcius &#8211; \u00e1prilis &#8211; Lengyelorsz\u00e1g<\/a><\/h3>\n<h3 style=\"text-align: center;\"><a href=\"https:\/\/bankisuli.hu\/?p=9526\">VISEGRADFUND P\u00c1LY\u00c1ZAT &#8211; 2026. m\u00e1rcius &#8211; \u00e1prilis<\/a><\/h3>\n<h3 style=\"text-align: center;\"><a href=\"https:\/\/bankisuli.hu\/?page_id=5974&amp;preview=true\">VISEGRADFUND P\u00c1LY\u00c1ZAT- A strat\u00e9giai partners\u00e9gi p\u00e1ly\u00e1zat t\u00e9m\u00e1ja: kultur\u00e1lis \u00f6r\u00f6ks\u00e9g<\/a><\/h3>\n<p><a href=\"http:\/\/bankisuli.hu\/wp-content\/uploads\/2024\/10\/thumbnail_1000006687.jpg\"><img loading=\"lazy\" decoding=\"async\" class=\"aligncenter wp-image-5977 size-medium\" src=\"http:\/\/bankisuli.hu\/wp-content\/uploads\/2024\/10\/thumbnail_1000006687-300x138.jpg\" alt=\"\" width=\"300\" height=\"138\" srcset=\"http:\/\/bankisuli.hu\/wp-content\/uploads\/2024\/10\/thumbnail_1000006687-300x138.jpg 300w, http:\/\/bankisuli.hu\/wp-content\/uploads\/2024\/10\/thumbnail_1000006687-768x352.jpg 768w, http:\/\/bankisuli.hu\/wp-content\/uploads\/2024\/10\/thumbnail_1000006687-360x165.jpg 360w, http:\/\/bankisuli.hu\/wp-content\/uploads\/2024\/10\/thumbnail_1000006687.jpg 800w\" sizes=\"auto, (max-width: 300px) 100vw, 300px\" \/><\/a><\/p>\n<h3 style=\"text-align: center;\">Ap\u00e1czai-\u00f6szt\u00f6nd\u00edjas p\u00e1ly\u00e1zaton 2024. febru\u00e1rj\u00e1t\u00f3l sikeresen bekapcsol\u00f3dtunk<\/h3>\n<p><a href=\"http:\/\/bankisuli.hu\/wp-content\/uploads\/2024\/06\/thumbnail_letoltes.jpg\"><img loading=\"lazy\" decoding=\"async\" class=\"aligncenter wp-image-5623 size-full\" src=\"http:\/\/bankisuli.hu\/wp-content\/uploads\/2024\/06\/thumbnail_letoltes.jpg\" alt=\"\" width=\"225\" height=\"225\" srcset=\"http:\/\/bankisuli.hu\/wp-content\/uploads\/2024\/06\/thumbnail_letoltes.jpg 225w, http:\/\/bankisuli.hu\/wp-content\/uploads\/2024\/06\/thumbnail_letoltes-150x150.jpg 150w\" sizes=\"auto, (max-width: 225px) 100vw, 225px\" \/><\/a><\/p>\n<p><a href=\"http:\/\/bankisuli.hu\/wp-content\/uploads\/2024\/06\/Regisztralt-Tehetsegpont.png\"><img loading=\"lazy\" decoding=\"async\" class=\"aligncenter wp-image-5618 size-full\" src=\"http:\/\/bankisuli.hu\/wp-content\/uploads\/2024\/06\/Regisztralt-Tehetsegpont.png\" alt=\"\" width=\"153\" height=\"126\"><\/a><a href=\"http:\/\/bankisuli.hu\/wp-content\/uploads\/2023\/09\/Logo-Boldog-Iskola.png\"><img loading=\"lazy\" decoding=\"async\" class=\"aligncenter size-full wp-image-3795\" src=\"http:\/\/bankisuli.hu\/wp-content\/uploads\/2023\/09\/Logo-Boldog-Iskola.png\" alt=\"\" width=\"300\" height=\"225\"><\/a><a href=\"http:\/\/bankisuli.hu\/wp-content\/uploads\/2024\/04\/Fay.png\"><img loading=\"lazy\" decoding=\"async\" class=\"aligncenter wp-image-5203\" src=\"http:\/\/bankisuli.hu\/wp-content\/uploads\/2024\/04\/Fay.png\" alt=\"\" width=\"400\" height=\"108\"><\/a><\/p>\n<p style=\"text-align: center;\"><strong>Erasmus+<\/strong><\/p>\n<p><a href=\"http:\/\/bankisuli.hu\/wp-content\/uploads\/2024\/06\/erasmus.png\"><img loading=\"lazy\" decoding=\"async\" class=\"aligncenter size-medium wp-image-5613\" src=\"http:\/\/bankisuli.hu\/wp-content\/uploads\/2024\/06\/erasmus-300x74.png\" alt=\"\" width=\"300\" height=\"74\" srcset=\"http:\/\/bankisuli.hu\/wp-content\/uploads\/2024\/06\/erasmus-300x74.png 300w, http:\/\/bankisuli.hu\/wp-content\/uploads\/2024\/06\/erasmus-1024x253.png 1024w, http:\/\/bankisuli.hu\/wp-content\/uploads\/2024\/06\/erasmus-768x190.png 768w, http:\/\/bankisuli.hu\/wp-content\/uploads\/2024\/06\/erasmus-360x89.png 360w, http:\/\/bankisuli.hu\/wp-content\/uploads\/2024\/06\/erasmus.png 1262w\" sizes=\"auto, (max-width: 300px) 100vw, 300px\" \/><\/a><\/p>\n<p style=\"text-align: center;\">&nbsp;<\/p>\n<p style=\"text-align: center;\"><strong><a href=\"https:\/\/bankihatartalanul2022.blogspot.com\/2022\/06\/rakoczi-nyomaban.html\">Hat\u00e1rtalanul<\/a><\/strong><\/p>\n<p><a href=\"http:\/\/bankisuli.hu\/?attachment_id=2957\" rel=\"attachment wp-att-2957\"><img loading=\"lazy\" decoding=\"async\" class=\"aligncenter size-large wp-image-2957\" src=\"http:\/\/bankisuli.hu\/wp-content\/uploads\/2022\/11\/megvalosult_a_magyar_kormany_tamogatasaval_bga_alap-1024x229.jpg\" alt=\"\" width=\"847\" height=\"189\" srcset=\"http:\/\/bankisuli.hu\/wp-content\/uploads\/2022\/11\/megvalosult_a_magyar_kormany_tamogatasaval_bga_alap-1024x229.jpg 1024w, http:\/\/bankisuli.hu\/wp-content\/uploads\/2022\/11\/megvalosult_a_magyar_kormany_tamogatasaval_bga_alap-300x67.jpg 300w, http:\/\/bankisuli.hu\/wp-content\/uploads\/2022\/11\/megvalosult_a_magyar_kormany_tamogatasaval_bga_alap-768x171.jpg 768w, http:\/\/bankisuli.hu\/wp-content\/uploads\/2022\/11\/megvalosult_a_magyar_kormany_tamogatasaval_bga_alap-1536x343.jpg 1536w, http:\/\/bankisuli.hu\/wp-content\/uploads\/2022\/11\/megvalosult_a_magyar_kormany_tamogatasaval_bga_alap-2048x457.jpg 2048w, http:\/\/bankisuli.hu\/wp-content\/uploads\/2022\/11\/megvalosult_a_magyar_kormany_tamogatasaval_bga_alap-360x80.jpg 360w\" sizes=\"auto, (max-width: 847px) 100vw, 847px\" \/><\/a><\/p>\n<p>&nbsp;<\/p>\n","protected":false},"excerpt":{"rendered":"<p>Igazgat\u00f3i p\u00e1ly\u00e1zat: Igazgat\u00f3_p\u00e1ly\u00e1zati ki\u00edr\u00e1s _2026 PDF Be\u00e9rkezett vezet\u0151i p\u00e1ly\u00e1zatok: Bar\u00e1th Artur vezet\u0151i-szakmai program Dr. Bartal Orsolya vezet\u0151i-szakmai program GYIA-SZAK-25-0009 \u201eSeg\u00edt\u0151 kezek, elhivatott sz\u00edvek &#8222;; A szakma j\u00f3szolg\u00e1latban\u201d p\u00e1ly\u00e1zat Pann\u00f3nia \u00d6szt\u00f6nd\u00edjprogram VISEGRADFUND P\u00c1LY\u00c1ZAT &#8211; 2026. m\u00e1rcius &#8211; \u00e1prilis &#8211; Lengyelorsz\u00e1g VISEGRADFUND <a href=\"http:\/\/bankisuli.hu\/?page_id=2450\" class=\"read-more\">Tov\u00e1bb &#8230;<\/a><\/p>\n","protected":false},"author":2,"featured_media":0,"parent":0,"menu_order":0,"comment_status":"closed","ping_status":"closed","template":"","meta":{"ngg_post_thumbnail":0,"footnotes":""},"class_list":["post-2450","page","type-page","status-publish","hentry"],"_links":{"self":[{"href":"http:\/\/bankisuli.hu\/index.php?rest_route=\/wp\/v2\/pages\/2450","targetHints":{"allow":["GET"]}}],"collection":[{"href":"http:\/\/bankisuli.hu\/index.php?rest_route=\/wp\/v2\/pages"}],"about":[{"href":"http:\/\/bankisuli.hu\/index.php?rest_route=\/wp\/v2\/types\/page"}],"author":[{"embeddable":true,"href":"http:\/\/bankisuli.hu\/index.php?rest_route=\/wp\/v2\/users\/2"}],"replies":[{"embeddable":true,"href":"http:\/\/bankisuli.hu\/index.php?rest_route=%2Fwp%2Fv2%2Fcomments&post=2450"}],"version-history":[{"count":25,"href":"http:\/\/bankisuli.hu\/index.php?rest_route=\/wp\/v2\/pages\/2450\/revisions"}],"predecessor-version":[{"id":10347,"href":"http:\/\/bankisuli.hu\/index.php?rest_route=\/wp\/v2\/pages\/2450\/revisions\/10347"}],"wp:attachment":[{"href":"http:\/\/bankisuli.hu\/index.php?rest_route=%2Fwp%2Fv2%2Fmedia&parent=2450"}],"curies":[{"name":"wp","href":"https:\/\/api.w.org\/{rel}","templated":true}]}}