{"id":2848,"date":"2022-10-26T10:01:26","date_gmt":"2022-10-26T10:01:26","guid":{"rendered":"http:\/\/bankisuli.hu\/?page_id=2848"},"modified":"2024-10-21T19:29:43","modified_gmt":"2024-10-21T19:29:43","slug":"gazdalkodas-es-menedzsment","status":"publish","type":"page","link":"http:\/\/bankisuli.hu\/?page_id=2848","title":{"rendered":"Gazd\u00e1lkod\u00e1s \u00e9s menedzsment"},"content":{"rendered":"<h2 style=\"text-align: center;\"><a href=\"https:\/\/bankisuli.hu\/?page_id=6047\">P\u00e9nz\u00fcgyi-sz\u00e1mviteli \u00fcgyint\u00e9z\u0151<\/a><\/h2>\n<h2 style=\"text-align: center;\"><a href=\"https:\/\/bankisuli.hu\/?page_id=6049\">V\u00e1llalkoz\u00e1si \u00fcgyviteli \u00fcgyint\u00e9z\u0151<\/a><\/h2>\n","protected":false},"excerpt":{"rendered":"<p>P\u00e9nz\u00fcgyi-sz\u00e1mviteli \u00fcgyint\u00e9z\u0151 V\u00e1llalkoz\u00e1si \u00fcgyviteli \u00fcgyint\u00e9z\u0151<\/p>\n","protected":false},"author":5,"featured_media":0,"parent":0,"menu_order":0,"comment_status":"closed","ping_status":"closed","template":"","meta":{"ngg_post_thumbnail":0,"footnotes":""},"class_list":["post-2848","page","type-page","status-publish","hentry"],"_links":{"self":[{"href":"http:\/\/bankisuli.hu\/index.php?rest_route=\/wp\/v2\/pages\/2848","targetHints":{"allow":["GET"]}}],"collection":[{"href":"http:\/\/bankisuli.hu\/index.php?rest_route=\/wp\/v2\/pages"}],"about":[{"href":"http:\/\/bankisuli.hu\/index.php?rest_route=\/wp\/v2\/types\/page"}],"author":[{"embeddable":true,"href":"http:\/\/bankisuli.hu\/index.php?rest_route=\/wp\/v2\/users\/5"}],"replies":[{"embeddable":true,"href":"http:\/\/bankisuli.hu\/index.php?rest_route=%2Fwp%2Fv2%2Fcomments&post=2848"}],"version-history":[{"count":17,"href":"http:\/\/bankisuli.hu\/index.php?rest_route=\/wp\/v2\/pages\/2848\/revisions"}],"predecessor-version":[{"id":6104,"href":"http:\/\/bankisuli.hu\/index.php?rest_route=\/wp\/v2\/pages\/2848\/revisions\/6104"}],"wp:attachment":[{"href":"http:\/\/bankisuli.hu\/index.php?rest_route=%2Fwp%2Fv2%2Fmedia&parent=2848"}],"curies":[{"name":"wp","href":"https:\/\/api.w.org\/{rel}","templated":true}]}}