{"id":3423,"date":"2023-04-04T13:20:41","date_gmt":"2023-04-04T13:20:41","guid":{"rendered":"http:\/\/bankisuli.hu\/?page_id=3423"},"modified":"2023-04-04T16:10:40","modified_gmt":"2023-04-04T16:10:40","slug":"erasmus-program","status":"publish","type":"page","link":"http:\/\/bankisuli.hu\/?page_id=3423","title":{"rendered":"Erasmus+ Program"},"content":{"rendered":"<h1><a href=\"http:\/\/bankisuli.hu\/wp-content\/uploads\/2023\/04\/erasmus.png\"><img loading=\"lazy\" decoding=\"async\" class=\"aligncenter size-medium wp-image-3435\" src=\"http:\/\/bankisuli.hu\/wp-content\/uploads\/2023\/04\/erasmus-300x74.png\" alt=\"\" width=\"300\" height=\"74\" srcset=\"http:\/\/bankisuli.hu\/wp-content\/uploads\/2023\/04\/erasmus-300x74.png 300w, http:\/\/bankisuli.hu\/wp-content\/uploads\/2023\/04\/erasmus-1024x253.png 1024w, http:\/\/bankisuli.hu\/wp-content\/uploads\/2023\/04\/erasmus-768x190.png 768w, http:\/\/bankisuli.hu\/wp-content\/uploads\/2023\/04\/erasmus-360x89.png 360w, http:\/\/bankisuli.hu\/wp-content\/uploads\/2023\/04\/erasmus.png 1262w\" sizes=\"auto, (max-width: 300px) 100vw, 300px\" \/><\/a><\/h1>\n<p>&nbsp;<\/p>\n<h1 style=\"text-align: center;\"><a href=\"http:\/\/bankisuli.hu\/?page_id=3419\">Erasmus+ Robotika Projekt KA220-SCH-D261C700<\/a><\/h1>\n<h1 style=\"text-align: center;\"><a href=\"http:\/\/bankisuli.hu\/?page_id=3421\">K\u00f6znevel\u00e9sben tanul\u00f3k \u00e9s dolgoz\u00f3k r\u00f6vid t\u00e1v\u00fa tanul\u00e1si c\u00e9l\u00fa mobilit\u00e1sa KA122-SCH<\/a><\/h1>\n","protected":false},"excerpt":{"rendered":"<p>&nbsp; Erasmus+ Robotika Projekt KA220-SCH-D261C700 K\u00f6znevel\u00e9sben tanul\u00f3k \u00e9s dolgoz\u00f3k r\u00f6vid t\u00e1v\u00fa tanul\u00e1si c\u00e9l\u00fa mobilit\u00e1sa KA122-SCH<\/p>\n","protected":false},"author":5,"featured_media":0,"parent":0,"menu_order":0,"comment_status":"closed","ping_status":"closed","template":"","meta":{"ngg_post_thumbnail":0,"footnotes":""},"class_list":["post-3423","page","type-page","status-publish","hentry"],"_links":{"self":[{"href":"http:\/\/bankisuli.hu\/index.php?rest_route=\/wp\/v2\/pages\/3423","targetHints":{"allow":["GET"]}}],"collection":[{"href":"http:\/\/bankisuli.hu\/index.php?rest_route=\/wp\/v2\/pages"}],"about":[{"href":"http:\/\/bankisuli.hu\/index.php?rest_route=\/wp\/v2\/types\/page"}],"author":[{"embeddable":true,"href":"http:\/\/bankisuli.hu\/index.php?rest_route=\/wp\/v2\/users\/5"}],"replies":[{"embeddable":true,"href":"http:\/\/bankisuli.hu\/index.php?rest_route=%2Fwp%2Fv2%2Fcomments&post=3423"}],"version-history":[{"count":3,"href":"http:\/\/bankisuli.hu\/index.php?rest_route=\/wp\/v2\/pages\/3423\/revisions"}],"predecessor-version":[{"id":3439,"href":"http:\/\/bankisuli.hu\/index.php?rest_route=\/wp\/v2\/pages\/3423\/revisions\/3439"}],"wp:attachment":[{"href":"http:\/\/bankisuli.hu\/index.php?rest_route=%2Fwp%2Fv2%2Fmedia&parent=3423"}],"curies":[{"name":"wp","href":"https:\/\/api.w.org\/{rel}","templated":true}]}}