{"id":6028,"date":"2024-10-21T17:59:55","date_gmt":"2024-10-21T17:59:55","guid":{"rendered":"https:\/\/bankisuli.hu\/?page_id=6028"},"modified":"2024-10-21T18:44:15","modified_gmt":"2024-10-21T18:44:15","slug":"gepeszet-agazat","status":"publish","type":"page","link":"http:\/\/bankisuli.hu\/?page_id=6028","title":{"rendered":"G\u00e9p\u00e9szet \u00e1gazat"},"content":{"rendered":"<h2 style=\"text-align: center;\"><a href=\"https:\/\/bankisuli.hu\/?page_id=1847\">G\u00e9p\u00e9sz technikus<\/a><\/h2>\n<h2 style=\"text-align: center;\"><a href=\"https:\/\/bankisuli.hu\/?page_id=1860\">G\u00e9pgy\u00e1rt\u00e1s-technol\u00f3giai technikus<\/a><\/h2>\n<h2 style=\"text-align: center;\"><a href=\"https:\/\/bankisuli.hu\/?page_id=6032\">L\u00e9gij\u00e1rm\u0171-szerel\u0151 technikus<\/a><\/h2>\n<h2 style=\"text-align: center;\"><a href=\"https:\/\/bankisuli.hu\/?page_id=6034\">L\u00e9gij\u00e1rm\u0171-m\u0171szer\u00e9sz technikus<\/a><\/h2>\n<h2 style=\"text-align: center;\"><a href=\"https:\/\/bankisuli.hu\/?page_id=1856\">Vas\u00fati j\u00e1rm\u0171-szerel\u0151 technikus<\/a><\/h2>\n","protected":false},"excerpt":{"rendered":"<p>G\u00e9p\u00e9sz technikus G\u00e9pgy\u00e1rt\u00e1s-technol\u00f3giai technikus L\u00e9gij\u00e1rm\u0171-szerel\u0151 technikus L\u00e9gij\u00e1rm\u0171-m\u0171szer\u00e9sz technikus Vas\u00fati j\u00e1rm\u0171-szerel\u0151 technikus<\/p>\n","protected":false},"author":5,"featured_media":0,"parent":0,"menu_order":0,"comment_status":"closed","ping_status":"closed","template":"","meta":{"ngg_post_thumbnail":0,"footnotes":""},"class_list":["post-6028","page","type-page","status-publish","hentry"],"_links":{"self":[{"href":"http:\/\/bankisuli.hu\/index.php?rest_route=\/wp\/v2\/pages\/6028","targetHints":{"allow":["GET"]}}],"collection":[{"href":"http:\/\/bankisuli.hu\/index.php?rest_route=\/wp\/v2\/pages"}],"about":[{"href":"http:\/\/bankisuli.hu\/index.php?rest_route=\/wp\/v2\/types\/page"}],"author":[{"embeddable":true,"href":"http:\/\/bankisuli.hu\/index.php?rest_route=\/wp\/v2\/users\/5"}],"replies":[{"embeddable":true,"href":"http:\/\/bankisuli.hu\/index.php?rest_route=%2Fwp%2Fv2%2Fcomments&post=6028"}],"version-history":[{"count":8,"href":"http:\/\/bankisuli.hu\/index.php?rest_route=\/wp\/v2\/pages\/6028\/revisions"}],"predecessor-version":[{"id":6061,"href":"http:\/\/bankisuli.hu\/index.php?rest_route=\/wp\/v2\/pages\/6028\/revisions\/6061"}],"wp:attachment":[{"href":"http:\/\/bankisuli.hu\/index.php?rest_route=%2Fwp%2Fv2%2Fmedia&parent=6028"}],"curies":[{"name":"wp","href":"https:\/\/api.w.org\/{rel}","templated":true}]}}