{"id":6052,"date":"2024-10-21T18:37:26","date_gmt":"2024-10-21T18:37:26","guid":{"rendered":"https:\/\/bankisuli.hu\/?page_id=6052"},"modified":"2024-10-21T18:37:26","modified_gmt":"2024-10-21T18:37:26","slug":"angol-nyelvi-elokeszito-evfolyam","status":"publish","type":"page","link":"http:\/\/bankisuli.hu\/?page_id=6052","title":{"rendered":"Angol nyelvi el\u0151k\u00e9sz\u00edt\u0151 \u00e9vfolyam"},"content":{"rendered":"<p style=\"text-align: justify;\">Gazd\u00e1lkod\u00e1s \u00e9s menedzsment \u00e1gazatban angol nyelvi el\u0151k\u00e9sz\u00edt\u0151 \u00e9vfolyam + 5 \u00e9vfolyamos technikumi k\u00e9pz\u00e9s.<\/p>\n<p style=\"text-align: justify;\">Lehets\u00e9ges szakk\u00e9pzetts\u00e9g kimenet:<\/p>\n<ul style=\"text-align: justify;\">\n<li>P\u00e9nz\u00fcgyi-sz\u00e1mviteli \u00fcgyint\u00e9z\u0151<\/li>\n<li>V\u00e1llalkoz\u00e1si \u00fcgyviteli \u00fcgyint\u00e9z\u0151<\/li>\n<\/ul>\n<p style=\"text-align: justify;\">Informatika \u00e9s t\u00e1vk\u00f6zl\u00e9s \u00e1gazatban angol nyelvi el\u0151k\u00e9sz\u00edt\u0151 \u00e9vfolyam + 5 \u00e9vfolyamos technikumi k\u00e9pz\u00e9s.<\/p>\n<p style=\"text-align: justify;\">Lehets\u00e9ges szakk\u00e9pzetts\u00e9g kimenet:<\/p>\n<ul style=\"text-align: justify;\">\n<li>Szoftverfejleszt\u0151 \u00e9s- tesztel\u0151<\/li>\n<\/ul>\n<p style=\"text-align: justify;\">Az angol nyelvi el\u0151k\u00e9sz\u00edt\u0151 \u00e9vfolyamon (9.NY) emelt \u00f3rasz\u00e1mban tanulnak angol nyelvet a tanul\u00f3k heti 18 \u00f3r\u00e1ban, az angol nyelv mellett matematika, magyar nyelv, digit\u00e1lis kult\u00fara \u00e9s testnevel\u00e9s tant\u00e1rgyik vannak.<\/p>\n<p style=\"text-align: justify;\">A nyelvi el\u0151k\u00e9sz\u00edt\u0151 \u00e9vfolyam ut\u00e1n kezd\u0151dik sz\u00e1mukra a technikumi oktat\u00e1s a k\u00e9t \u00e1gazatban.<\/p>\n","protected":false},"excerpt":{"rendered":"<p>Gazd\u00e1lkod\u00e1s \u00e9s menedzsment \u00e1gazatban angol nyelvi el\u0151k\u00e9sz\u00edt\u0151 \u00e9vfolyam + 5 \u00e9vfolyamos technikumi k\u00e9pz\u00e9s. Lehets\u00e9ges szakk\u00e9pzetts\u00e9g kimenet: P\u00e9nz\u00fcgyi-sz\u00e1mviteli \u00fcgyint\u00e9z\u0151 V\u00e1llalkoz\u00e1si \u00fcgyviteli \u00fcgyint\u00e9z\u0151 Informatika \u00e9s t\u00e1vk\u00f6zl\u00e9s \u00e1gazatban angol nyelvi el\u0151k\u00e9sz\u00edt\u0151 \u00e9vfolyam + 5 \u00e9vfolyamos technikumi k\u00e9pz\u00e9s. Lehets\u00e9ges szakk\u00e9pzetts\u00e9g kimenet: Szoftverfejleszt\u0151 \u00e9s- tesztel\u0151 <a href=\"http:\/\/bankisuli.hu\/?page_id=6052\" class=\"read-more\">Tov\u00e1bb &#8230;<\/a><\/p>\n","protected":false},"author":5,"featured_media":0,"parent":0,"menu_order":0,"comment_status":"closed","ping_status":"closed","template":"","meta":{"ngg_post_thumbnail":0,"footnotes":""},"class_list":["post-6052","page","type-page","status-publish","hentry"],"_links":{"self":[{"href":"http:\/\/bankisuli.hu\/index.php?rest_route=\/wp\/v2\/pages\/6052","targetHints":{"allow":["GET"]}}],"collection":[{"href":"http:\/\/bankisuli.hu\/index.php?rest_route=\/wp\/v2\/pages"}],"about":[{"href":"http:\/\/bankisuli.hu\/index.php?rest_route=\/wp\/v2\/types\/page"}],"author":[{"embeddable":true,"href":"http:\/\/bankisuli.hu\/index.php?rest_route=\/wp\/v2\/users\/5"}],"replies":[{"embeddable":true,"href":"http:\/\/bankisuli.hu\/index.php?rest_route=%2Fwp%2Fv2%2Fcomments&post=6052"}],"version-history":[{"count":1,"href":"http:\/\/bankisuli.hu\/index.php?rest_route=\/wp\/v2\/pages\/6052\/revisions"}],"predecessor-version":[{"id":6053,"href":"http:\/\/bankisuli.hu\/index.php?rest_route=\/wp\/v2\/pages\/6052\/revisions\/6053"}],"wp:attachment":[{"href":"http:\/\/bankisuli.hu\/index.php?rest_route=%2Fwp%2Fv2%2Fmedia&parent=6052"}],"curies":[{"name":"wp","href":"https:\/\/api.w.org\/{rel}","templated":true}]}}