{"id":14,"date":"2015-03-27T18:53:01","date_gmt":"2015-03-27T17:53:01","guid":{"rendered":"http:\/\/localhost\/?page_id=14"},"modified":"2026-03-19T09:36:12","modified_gmt":"2026-03-19T09:36:12","slug":"kulonos-kozzeteteli-lista","status":"publish","type":"page","link":"https:\/\/bankisuli.hu\/?page_id=14","title":{"rendered":"K\u00fcl\u00f6n\u00f6s k\u00f6zz\u00e9t\u00e9teli lista"},"content":{"rendered":"<h3 style=\"text-align: left;\" align=\"center\"><a href=\"http:\/\/bankisuli.hu\/?page_id=180\">Tantest\u00fclet<\/a><\/h3>\n<h3><a href=\"http:\/\/bankisuli.hu\/wp-content\/uploads\/2025\/06\/Csengetesi-rend.pdf\">Csenget\u00e9si rend<\/a><\/h3>\n<h3><a href=\"https:\/\/bankisuli.hu\/?page_id=7802\">Alap\u00edt\u00f3 okirat<\/a><\/h3>\n<h3 style=\"text-align: left;\"><a href=\"http:\/\/bankisuli.hu\/wp-content\/uploads\/2026\/02\/BDT_2025_2026_eves_Munkaterv.pdf\">Munkaterv 2025-26. tan\u00e9v<\/a><\/h3>\n<h3><a href=\"http:\/\/bankisuli.hu\/wp-content\/uploads\/2026\/03\/DUE_BankiDonatTechnikum_SZMSZ_20260217.pdf\">Szervezeti \u00e9s M\u0171k\u00f6d\u00e9si Szab\u00e1lyzat<\/a><\/h3>\n<h3><a href=\"https:\/\/bankisuli.hu\/?page_id=7804\">K\u00fcls\u0151 \u00e9rt\u00e9kel\u00e9sek \u00e9s \u00f6sszegz\u0151 jelent\u00e9sek<\/a><\/h3>\n<h3><a href=\"https:\/\/bankisuli.hu\/?page_id=7806\">Vezet\u00e9si program<\/a><\/h3>\n<h3><a href=\"https:\/\/bankisuli.hu\/?page_id=7808\">Szakmai dokumentumok<\/a><\/h3>\n<h3 style=\"text-align: left;\" align=\"center\"><a href=\"http:\/\/bankisuli.hu\/wp-content\/uploads\/2026\/03\/05_DUE_BDT_KTP_Szakmai-program_20260217.pdf\" rel=\"attachment wp-att-2973\">Szakmai Program<\/a><\/h3>\n<h3 style=\"text-align: left;\" align=\"center\"><a href=\"https:\/\/bankisuli.hu\/?page_id=7873\">Oszt\u00e1lyok \u00e9s Oszt\u00e1lyf\u0151n\u00f6keik<\/a><\/h3>\n<h3 style=\"text-align: left;\" align=\"center\"><a href=\"http:\/\/bankisuli.hu\/wp-content\/uploads\/2026\/03\/DUE_BDT-HAZIREND_20260217.pdf\">H\u00e1zirend<\/a><\/h3>\n<h3><a href=\"http:\/\/bankisuli.hu\/wp-content\/uploads\/2025\/07\/Kozossegi-partnereink-telepulesenkent-2025.pdf\">K\u00f6z\u00f6ss\u00e9gi szolg\u00e1lati partnerek<\/a><\/h3>\n<p>&nbsp;<\/p>\n<h3 style=\"text-align: left;\" align=\"center\">&nbsp;<\/h3>\n<h3 style=\"text-align: left;\" align=\"center\">&nbsp;<\/h3>\n<h3 style=\"text-align: left;\" align=\"center\">&nbsp;<\/h3>\n","protected":false},"excerpt":{"rendered":"<p>Tantest\u00fclet Csenget\u00e9si rend Alap\u00edt\u00f3 okirat Munkaterv 2025-26. tan\u00e9v Szervezeti \u00e9s M\u0171k\u00f6d\u00e9si Szab\u00e1lyzat K\u00fcls\u0151 \u00e9rt\u00e9kel\u00e9sek \u00e9s \u00f6sszegz\u0151 jelent\u00e9sek Vezet\u00e9si program Szakmai dokumentumok Szakmai Program Oszt\u00e1lyok \u00e9s Oszt\u00e1lyf\u0151n\u00f6keik H\u00e1zirend K\u00f6z\u00f6ss\u00e9gi szolg\u00e1lati partnerek &nbsp; &nbsp; &nbsp; &nbsp;<\/p>\n","protected":false},"author":1,"featured_media":0,"parent":11,"menu_order":0,"comment_status":"closed","ping_status":"closed","template":"","meta":{"ngg_post_thumbnail":0,"footnotes":""},"class_list":["post-14","page","type-page","status-publish","hentry"],"_links":{"self":[{"href":"https:\/\/bankisuli.hu\/index.php?rest_route=\/wp\/v2\/pages\/14","targetHints":{"allow":["GET"]}}],"collection":[{"href":"https:\/\/bankisuli.hu\/index.php?rest_route=\/wp\/v2\/pages"}],"about":[{"href":"https:\/\/bankisuli.hu\/index.php?rest_route=\/wp\/v2\/types\/page"}],"author":[{"embeddable":true,"href":"https:\/\/bankisuli.hu\/index.php?rest_route=\/wp\/v2\/users\/1"}],"replies":[{"embeddable":true,"href":"https:\/\/bankisuli.hu\/index.php?rest_route=%2Fwp%2Fv2%2Fcomments&post=14"}],"version-history":[{"count":34,"href":"https:\/\/bankisuli.hu\/index.php?rest_route=\/wp\/v2\/pages\/14\/revisions"}],"predecessor-version":[{"id":9695,"href":"https:\/\/bankisuli.hu\/index.php?rest_route=\/wp\/v2\/pages\/14\/revisions\/9695"}],"up":[{"embeddable":true,"href":"https:\/\/bankisuli.hu\/index.php?rest_route=\/wp\/v2\/pages\/11"}],"wp:attachment":[{"href":"https:\/\/bankisuli.hu\/index.php?rest_route=%2Fwp%2Fv2%2Fmedia&parent=14"}],"curies":[{"name":"wp","href":"https:\/\/api.w.org\/{rel}","templated":true}]}}