{"id":1453,"date":"2021-01-26T19:21:14","date_gmt":"2021-01-26T17:21:14","guid":{"rendered":"http:\/\/www.banki-duj.sulinet.hu\/?page_id=1453"},"modified":"2026-04-14T11:32:12","modified_gmt":"2026-04-14T11:32:12","slug":"dunaujvarosi-szakkepzesi-centrum-nyelvvizsgahelye","status":"publish","type":"page","link":"https:\/\/bankisuli.hu\/?page_id=1453","title":{"rendered":"Duna\u00fajv\u00e1rosi Egyetem B\u00e1nki Don\u00e1t Technikum Nyelvvizsgahely"},"content":{"rendered":"<p><strong>Kedves \u00c9rdekl\u0151d\u0151k! <\/strong><\/p>\n<p>&nbsp;<\/p>\n<p>A <strong>Duna\u00fajv\u00e1rosi Egyetem B\u00e1nki Don\u00e1t Technikum Vizsgahely<\/strong> BME akkredit\u00e1lt vizsgahelyk\u00e9nt \u00e1ll a nyelvvizsg\u00e1zni v\u00e1gy\u00f3k rendelkez\u00e9s\u00e9re a v\u00e1rosban \u00e9s a r\u00e9gi\u00f3ban.<\/p>\n<p>&nbsp;<\/p>\n<p>K\u00e9rj\u00fck, olvass\u00e1k el t\u00e1j\u00e9koztat\u00f3inkat \u00e9s k\u00e9rd\u00e9s eset\u00e9n el\u00e9rhet\u0151s\u00e9geinken vegy\u00e9k fel a kapcsolatot nyelvvizsga \u00fcgyint\u00e9z\u0151nkkel.<\/p>\n<p>&nbsp;<\/p>\n<p><strong>&nbsp;El\u00e9rhet\u0151s\u00e9geink:<\/strong><\/p>\n<ul>\n<li>C\u00edm: 2400 Duna\u00fajv\u00e1ros, T\u00e1ncsics M. u. 1-1.<\/li>\n<li>Telefon: 06 30 299 5823<\/li>\n<li>E-mail: <a href=\"mailto:nyelvvizsga@bankisuli.hu\">nyelvvizsga@bankisuli.hu<\/a><\/li>\n<li>Honlap: <a href=\"http:\/\/www.bankisuli.hu\/nyelvvizsga\">bankisuli.hu<\/a><\/li>\n<\/ul>\n<p>Facebook: <a href=\"https:\/\/www.facebook.com\/dunaujvaros.nyelvvizsga.9\">DUE B\u00e1nki Nyelvvizsgahely<\/a><\/p>\n<p>&nbsp;<\/p>\n<ul>\n<li><strong>DUE B\u00e1nki Don\u00e1t Technikum Nyelvvizsgahely vizsganapt\u00e1ra 2026<\/strong><\/li>\n<\/ul>\n<p><a href=\"http:\/\/bankisuli.hu\/wp-content\/uploads\/2026\/04\/Kepernyokep-2026-04-14-133055.png\"><img loading=\"lazy\" decoding=\"async\" class=\"aligncenter size-full wp-image-10328\" src=\"http:\/\/bankisuli.hu\/wp-content\/uploads\/2026\/04\/Kepernyokep-2026-04-14-133055.png\" alt=\"\" width=\"977\" height=\"640\" srcset=\"https:\/\/bankisuli.hu\/wp-content\/uploads\/2026\/04\/Kepernyokep-2026-04-14-133055.png 977w, https:\/\/bankisuli.hu\/wp-content\/uploads\/2026\/04\/Kepernyokep-2026-04-14-133055-300x197.png 300w, https:\/\/bankisuli.hu\/wp-content\/uploads\/2026\/04\/Kepernyokep-2026-04-14-133055-768x503.png 768w, https:\/\/bankisuli.hu\/wp-content\/uploads\/2026\/04\/Kepernyokep-2026-04-14-133055-360x236.png 360w\" sizes=\"auto, (max-width: 977px) 100vw, 977px\" \/><\/a><\/p>\n<p>&nbsp;<\/p>\n<p>&nbsp;<\/p>\n<p>&nbsp;<\/p>\n<ul>\n<li><strong>Vizsga- \u00e9s szervez\u00e9si d\u00edjak<\/strong><\/li>\n<\/ul>\n<p><a href=\"http:\/\/bankisuli.hu\/wp-content\/uploads\/2025\/10\/Vizsgaszervezesi-dijak.png\"><img loading=\"lazy\" decoding=\"async\" class=\"aligncenter size-full wp-image-8280\" src=\"http:\/\/bankisuli.hu\/wp-content\/uploads\/2025\/10\/Vizsgaszervezesi-dijak.png\" alt=\"\" width=\"915\" height=\"468\" srcset=\"https:\/\/bankisuli.hu\/wp-content\/uploads\/2025\/10\/Vizsgaszervezesi-dijak.png 915w, https:\/\/bankisuli.hu\/wp-content\/uploads\/2025\/10\/Vizsgaszervezesi-dijak-300x153.png 300w, https:\/\/bankisuli.hu\/wp-content\/uploads\/2025\/10\/Vizsgaszervezesi-dijak-768x393.png 768w, https:\/\/bankisuli.hu\/wp-content\/uploads\/2025\/10\/Vizsgaszervezesi-dijak-360x184.png 360w\" sizes=\"auto, (max-width: 915px) 100vw, 915px\" \/><\/a><\/p>\n<p style=\"padding-left: 80px;\">&nbsp;<\/p>\n<ul>\n<li><strong>Jelentkez\u00e9s<\/strong><\/li>\n<\/ul>\n<p style=\"padding-left: 80px;\"><a href=\"https:\/\/bme.nyelvvizsgajelentkezes.hu\/\">https:\/\/bme.nyelvvizsgajelentkezes.hu\/<\/a><\/p>\n<ul>\n<li><strong>BME vizsgaszab\u00e1lyzat<\/strong><\/li>\n<\/ul>\n<p style=\"padding-left: 80px;\"><a href=\"http:\/\/www.bmenyelvvizsga.bme.hu\/hu\/vizsgaszabalyzat\/vizsga_elott\">http:\/\/www.bmenyelvvizsga.bme.hu\/hu\/vizsgaszabalyzat\/vizsga_elott<\/a><\/p>\n<ul>\n<li><strong>BME nyelvvizsga tartalma<\/strong><\/li>\n<\/ul>\n<p style=\"padding-left: 80px;\"><a href=\"http:\/\/www.bmenyelvvizsga.bme.hu\/hu\/altalanos_egynyelvu\/nyelvvizsgak\">http:\/\/www.bmenyelvvizsga.bme.hu\/hu\/altalanos_egynyelvu\/nyelvvizsgak<\/a><\/p>\n<ul>\n<li><strong>Hasznos tudnival\u00f3k<\/strong><\/li>\n<\/ul>\n<p style=\"padding-left: 80px;\"><a href=\"http:\/\/www.bmenyelvvizsga.bme.hu\/hu\/hasznos_tudnivalok\/nyelvvizsgak\">http:\/\/www.bmenyelvvizsga.bme.hu\/hu\/hasznos_tudnivalok\/nyelvvizsgak<\/a><\/p>\n<ul>\n<li><strong>Mi\u00e9rt a komplex?<\/strong><\/li>\n<\/ul>\n<p style=\"padding-left: 80px;\"><a href=\"http:\/\/www.bmenyelvvizsga.bme.hu\/hu\/fontos_valtozasok\/nyelvvizsgak\">http:\/\/www.bmenyelvvizsga.bme.hu\/hu\/fontos_valtozasok\/nyelvvizsgak<\/a><\/p>\n<ul>\n<li><strong>Felk\u00e9sz\u00edt\u0151 anyagok<\/strong><\/li>\n<\/ul>\n<p style=\"padding-left: 80px;\"><a href=\"http:\/\/www.bmenyelvvizsga.bme.hu\/hu\/letoltheto_feladatok\/vizsga_elott\">http:\/\/www.bmenyelvvizsga.bme.hu\/hu\/letoltheto_feladatok\/vizsga_elott<\/a><\/p>\n<p style=\"padding-left: 80px;\"><a href=\"http:\/\/www.bmenyelvvizsga.bme.hu\/hu\/letoltheto_feladatok2\/vizsga_elott\">http:\/\/www.bmenyelvvizsga.bme.hu\/hu\/letoltheto_feladatok2\/vizsga_elott<\/a><\/p>\n<p style=\"padding-left: 80px;\"><a href=\"http:\/\/www.bmenyelvvizsga.bme.hu\/hu\/bonusz_feladatok\/vizsga_elott\">http:\/\/www.bmenyelvvizsga.bme.hu\/hu\/bonusz_feladatok\/vizsga_elott<\/a><\/p>\n<p style=\"padding-left: 80px;\"><a href=\"http:\/\/www.bmenyelvvizsga.bme.hu\/hu\/kiadvanyaink\/vizsga_elott\">http:\/\/www.bmenyelvvizsga.bme.hu\/hu\/kiadvanyaink\/vizsga_elott<\/a><\/p>\n<ul>\n<li><strong>Vizsga ut\u00e1ni inform\u00e1ci\u00f3k<\/strong><\/li>\n<\/ul>\n<p style=\"padding-left: 80px;\"><a href=\"http:\/\/www.bmenyelvvizsga.bme.hu\/hu\/vizsga_utan_fooldal\/vizsga_utan\">http:\/\/www.bmenyelvvizsga.bme.hu\/hu\/vizsga_utan_fooldal\/vizsga_utan<\/a><\/p>\n<p>&nbsp;<\/p>\n<p>Eredm\u00e9nyes felk\u00e9sz\u00fcl\u00e9st k\u00edv\u00e1nunk!<\/p>\n<p>K\u00e9rd\u00e9s eset\u00e9n sz\u00edvesen \u00e1llunk a rendelkez\u00e9s\u00fckre a fent megadott el\u00e9rhet\u0151s\u00e9geken.<\/p>\n<p>&nbsp;<\/p>\n<p style=\"text-align: right;\">A nyelvvizsgahely munkat\u00e1rsai<\/p>\n<p>&nbsp;<\/p>\n","protected":false},"excerpt":{"rendered":"<p>Kedves \u00c9rdekl\u0151d\u0151k! &nbsp; A Duna\u00fajv\u00e1rosi Egyetem B\u00e1nki Don\u00e1t Technikum Vizsgahely BME akkredit\u00e1lt vizsgahelyk\u00e9nt \u00e1ll a nyelvvizsg\u00e1zni v\u00e1gy\u00f3k rendelkez\u00e9s\u00e9re a v\u00e1rosban \u00e9s a r\u00e9gi\u00f3ban. &nbsp; K\u00e9rj\u00fck, olvass\u00e1k el t\u00e1j\u00e9koztat\u00f3inkat \u00e9s k\u00e9rd\u00e9s eset\u00e9n el\u00e9rhet\u0151s\u00e9geinken vegy\u00e9k fel a kapcsolatot nyelvvizsga \u00fcgyint\u00e9z\u0151nkkel. &nbsp; &nbsp;El\u00e9rhet\u0151s\u00e9geink: <a href=\"https:\/\/bankisuli.hu\/?page_id=1453\" class=\"read-more\">Tov\u00e1bb &#8230;<\/a><\/p>\n","protected":false},"author":1,"featured_media":0,"parent":0,"menu_order":0,"comment_status":"closed","ping_status":"closed","template":"","meta":{"ngg_post_thumbnail":0,"footnotes":""},"class_list":["post-1453","page","type-page","status-publish","hentry"],"_links":{"self":[{"href":"https:\/\/bankisuli.hu\/index.php?rest_route=\/wp\/v2\/pages\/1453","targetHints":{"allow":["GET"]}}],"collection":[{"href":"https:\/\/bankisuli.hu\/index.php?rest_route=\/wp\/v2\/pages"}],"about":[{"href":"https:\/\/bankisuli.hu\/index.php?rest_route=\/wp\/v2\/types\/page"}],"author":[{"embeddable":true,"href":"https:\/\/bankisuli.hu\/index.php?rest_route=\/wp\/v2\/users\/1"}],"replies":[{"embeddable":true,"href":"https:\/\/bankisuli.hu\/index.php?rest_route=%2Fwp%2Fv2%2Fcomments&post=1453"}],"version-history":[{"count":25,"href":"https:\/\/bankisuli.hu\/index.php?rest_route=\/wp\/v2\/pages\/1453\/revisions"}],"predecessor-version":[{"id":10329,"href":"https:\/\/bankisuli.hu\/index.php?rest_route=\/wp\/v2\/pages\/1453\/revisions\/10329"}],"wp:attachment":[{"href":"https:\/\/bankisuli.hu\/index.php?rest_route=%2Fwp%2Fv2%2Fmedia&parent=1453"}],"curies":[{"name":"wp","href":"https:\/\/api.w.org\/{rel}","templated":true}]}}