{"id":1847,"date":"2020-01-15T13:56:52","date_gmt":"2020-01-15T11:56:52","guid":{"rendered":"http:\/\/www.banki-duj.sulinet.hu\/?page_id=1847"},"modified":"2024-10-21T19:22:26","modified_gmt":"2024-10-21T19:22:26","slug":"gepesztechnikus","status":"publish","type":"page","link":"https:\/\/bankisuli.hu\/?page_id=1847","title":{"rendered":"G\u00e9p\u00e9sz technikus"},"content":{"rendered":"<p style=\"text-align: justify;\"><strong>Technikum<\/strong><\/p>\r\n<p style=\"text-align: justify;\">A technikum 9-12. \u00e9vfolyam\u00e1n el\u0151rehozott \u00e9retts\u00e9gire val\u00f3 felk\u00e9sz\u00edt\u00e9s \u00e9s \u00e1gazati szakmai oktat\u00e1s, szakk\u00e9pz\u00e9s folyik. A 13. \u00e9vfolyamon idegen nyelvi \u00e9s szakmai \u00e9retts\u00e9gire val\u00f3 felk\u00e9sz\u00edt\u00e9s folyik. Tanulm\u00e1nyi id\u0151 5 \u00e9v (4 \u00e9v ut\u00e1n, a 12. \u00e9vfolyam v\u00e9g\u00e9n el\u0151rehozott \u00e9retts\u00e9gi vizsga matematik\u00e1b\u00f3l, magyar nyelv \u00e9s irodalomb\u00f3l \u00e9s t\u00f6rt\u00e9nelemb\u0151l, majd az 5. \u00e9v \u2013 13. \u00e9vfolyam \u2013 v\u00e9g\u00e9n \u00e9retts\u00e9gi vizsga idegen nyelvb\u0151l \u00e9s szakmai vizsga).<\/p>\r\n<p style=\"text-align: justify;\">5 \u00c9VES K\u00c9PZ\u00c9S<\/p>\r\n<p style=\"text-align: justify;\"><strong>G\u00e9p\u00e9sz technikus <\/strong><\/p>\r\n<p style=\"text-align: justify;\">G\u00e9p\u00e9szet \u00e1gazat 5 \u00e9ves k\u00e9pz\u00e9se, amely \u00e9retts\u00e9givel \u00e9s technikus szint\u0171 szakk\u00e9pzetts\u00e9g megszerz\u00e9s\u00e9vel z\u00e1rul. V\u00e1laszthat\u00f3 szakmair\u00e1nyok: <strong>CAD-CAM szakmair\u00e1ny, Ipar szakmair\u00e1ny, Vegyipar szakmair\u00e1ny.<\/strong><\/p>\r\n<p style=\"text-align: justify;\">A g\u00e9p\u00e9sztechnikus r\u00e9szt vesz a gy\u00e1rt\u00f3eszk\u00f6z\u00f6k, g\u00e9pek, berendez\u00e9sek tervez\u00e9s\u00e9ben \u00e9s gy\u00e1rt\u00e1s\u00e1ban. Kiv\u00e1lasztja a gy\u00e1rt\u00e1shoz sz\u00fcks\u00e9ges anyagokat, k\u00f6zrem\u0171k\u00f6dik a gy\u00e1rt\u00e1shoz sz\u00fcks\u00e9ges, automatiz\u00e1lt gy\u00e1rt\u00f3berendez\u00e9sek be\u00fczemel\u00e9s\u00e9ben. Gondoskodik a g\u00e9pek, berendez\u00e9sek karbantart\u00e1s\u00e1r\u00f3l, jav\u00edt\u00e1s\u00e1r\u00f3l. Ir\u00e1ny\u00edtja a karbantart\u00e1si, szerel\u00e9si folyamatokat. M\u00e9r\u00e9seket, elemz\u00e9seket v\u00e9gez a gy\u00e1rt\u00f3eszk\u00f6z\u00f6k optim\u00e1lis m\u0171k\u00f6d\u00e9s\u00e9nek biztos\u00edt\u00e1sa \u00e9rdek\u00e9ben.<\/p>\r\n<p style=\"text-align: justify;\">KOMPETENCIAELV\u00c1R\u00c1S<\/p>\r\n<p style=\"text-align: justify;\">Kommunik\u00e1ci\u00f3s k\u00e9szs\u00e9g, precizit\u00e1s, egy\u00fcttm\u0171k\u00f6d\u00e9si k\u00e9szs\u00e9g, szervez\u00e9si \u00e9s ir\u00e1ny\u00edt\u00e1si k\u00e9pess\u00e9g, analitikus gondolkod\u00e1s.<\/p>\r\n<p style=\"text-align: justify;\">A SZAKK\u00c9PZETTS\u00c9GGEL RENDELKEZ\u0150<\/p>\r\n<ul style=\"text-align: justify;\">\r\n<li>alkatr\u00e9szrajz alapj\u00e1n k\u00e9zi \u00e9s kisg\u00e9pes elj\u00e1r\u00e1ssal egyszer\u0171 alkatr\u00e9szeket gy\u00e1rt: kiv\u00e1lasztja a gy\u00e1rtand\u00f3 munkadarab anyag\u00e1t, t\u00edpus\u00e1t, meghat\u00e1rozza a gy\u00e1rt\u00e1shoz sz\u00fcks\u00e9ges m\u0171veleteket, szersz\u00e1mokat \u00e1s m\u00e9r\u0151eszk\u00f6z\u00f6ket, elv\u00e9gzi a gy\u00e1rt\u00e1si m\u0171veleteket;<\/li>\r\n<li>m\u00e9r\u0151eszk\u00f6z\u00f6kkel ellen\u0151rzi a k\u00e9sz munkadarabot;<\/li>\r\n<li>a m\u00e9rt jellemz\u0151ket jegyz\u0151k\u00f6nyvben r\u00f6gz\u00edti, a m\u00e9r\u00e9s eredm\u00e9ny\u00e9t ki\u00e9rt\u00e9keli, ez alapj\u00e1n a vizsg\u00e1lt alkatr\u00e9szt, g\u00e9pegys\u00e9get min\u0151s\u00edt;<\/li>\r\n<li>elv\u00e9gzi hidraulikus \u00e9s pneumatikus rendszerek elemeinek karbantart\u00e1s\u00e1t, jav\u00edt\u00e1s\u00e1t, cser\u00e9j\u00e9t;<\/li>\r\n<li>be\u00fczemeli a jav\u00edtott, karbantartott berendez\u00e9st;<\/li>\r\n<li>elv\u00e9gzi a g\u00e9pek, berendez\u00e9sek id\u0151szakos karbantart\u00e1si munk\u00e1latait.<\/li>\r\n<\/ul>\r\n<p style=\"text-align: justify;\">Aj\u00e1nlott minden l\u00e1ny \u00e9s fi\u00fa sz\u00e1m\u00e1ra, aki szereti a g\u00e9peket, a forg\u00f3-mozg\u00f3 alkatr\u00e9szeket, vonzza az automatiz\u00e1lt technol\u00f3gia, szeret szerelni \u00e9s a szervez\u00e9si feladatokat is sz\u00edvesen v\u00e9gzi.<\/p>\r\n\r\n<div class=\"wp-block-buttons is-layout-flex wp-block-buttons-is-layout-flex\">\r\n<div class=\"wp-block-button\"><a class=\"wp-block-button__link has-white-color has-text-color\" href=\"http:\/\/bankisuli.hu\/wp-content\/uploads\/2024\/10\/Gepesz-technikus-2020.06.29.-v1.pdf\" target=\"_blank\" rel=\"noreferrer noopener\">Programtanterv<\/a><\/div>\r\n\r\n\r\n\r\n<div class=\"wp-block-button\"><a class=\"wp-block-button__link has-white-color has-text-color\" href=\"http:\/\/bankisuli.hu\/wp-content\/uploads\/2024\/10\/Gepesz-technikus-2023.11.21.-v3.pdf\" target=\"_blank\" rel=\"noreferrer noopener\">K\u00e9pz\u00e9si \u00e9s kimeneti k\u00f6vetelm\u00e9nyek<\/a><\/div>\r\n<\/div>","protected":false},"excerpt":{"rendered":"<p>Technikum A technikum 9-12. \u00e9vfolyam\u00e1n el\u0151rehozott \u00e9retts\u00e9gire val\u00f3 felk\u00e9sz\u00edt\u00e9s \u00e9s \u00e1gazati szakmai oktat\u00e1s, szakk\u00e9pz\u00e9s folyik. A 13. \u00e9vfolyamon idegen nyelvi \u00e9s szakmai \u00e9retts\u00e9gire val\u00f3 felk\u00e9sz\u00edt\u00e9s folyik. Tanulm\u00e1nyi id\u0151 5 \u00e9v (4 \u00e9v ut\u00e1n, a 12. \u00e9vfolyam v\u00e9g\u00e9n el\u0151rehozott \u00e9retts\u00e9gi vizsga <a href=\"https:\/\/bankisuli.hu\/?page_id=1847\" class=\"read-more\">Tov\u00e1bb &#8230;<\/a><\/p>\n","protected":false},"author":1,"featured_media":0,"parent":0,"menu_order":0,"comment_status":"closed","ping_status":"closed","template":"","meta":{"ngg_post_thumbnail":0,"footnotes":""},"class_list":["post-1847","page","type-page","status-publish","hentry"],"_links":{"self":[{"href":"https:\/\/bankisuli.hu\/index.php?rest_route=\/wp\/v2\/pages\/1847","targetHints":{"allow":["GET"]}}],"collection":[{"href":"https:\/\/bankisuli.hu\/index.php?rest_route=\/wp\/v2\/pages"}],"about":[{"href":"https:\/\/bankisuli.hu\/index.php?rest_route=\/wp\/v2\/types\/page"}],"author":[{"embeddable":true,"href":"https:\/\/bankisuli.hu\/index.php?rest_route=\/wp\/v2\/users\/1"}],"replies":[{"embeddable":true,"href":"https:\/\/bankisuli.hu\/index.php?rest_route=%2Fwp%2Fv2%2Fcomments&post=1847"}],"version-history":[{"count":9,"href":"https:\/\/bankisuli.hu\/index.php?rest_route=\/wp\/v2\/pages\/1847\/revisions"}],"predecessor-version":[{"id":6102,"href":"https:\/\/bankisuli.hu\/index.php?rest_route=\/wp\/v2\/pages\/1847\/revisions\/6102"}],"wp:attachment":[{"href":"https:\/\/bankisuli.hu\/index.php?rest_route=%2Fwp%2Fv2%2Fmedia&parent=1847"}],"curies":[{"name":"wp","href":"https:\/\/api.w.org\/{rel}","templated":true}]}}