{"id":1851,"date":"2020-01-15T13:58:56","date_gmt":"2020-01-15T11:58:56","guid":{"rendered":"http:\/\/www.banki-duj.sulinet.hu\/?page_id=1851"},"modified":"2024-10-21T18:56:36","modified_gmt":"2024-10-21T18:56:36","slug":"szoftverfejleszto-es-tesztelo","status":"publish","type":"page","link":"https:\/\/bankisuli.hu\/?page_id=1851","title":{"rendered":"Szoftverfejleszt\u0151 \u00e9s tesztel\u0151"},"content":{"rendered":"<p><strong>Technikum<\/strong><\/p>\r\n<p>A technikum 9-12. \u00e9vfolyam\u00e1n el\u0151rehozott \u00e9retts\u00e9gire val\u00f3 felk\u00e9sz\u00edt\u00e9s \u00e9s \u00e1gazati szakmai oktat\u00e1s, szakk\u00e9pz\u00e9s folyik. A 13. \u00e9vfolyamon idegen nyelvi \u00e9s szakmai \u00e9retts\u00e9gire val\u00f3 felk\u00e9sz\u00edt\u00e9s folyik. Tanulm\u00e1nyi id\u0151 5 \u00e9v (4 \u00e9v ut\u00e1n, a 12. \u00e9vfolyam v\u00e9g\u00e9n el\u0151rehozott \u00e9retts\u00e9gi vizsga matematik\u00e1b\u00f3l, magyar nyelv \u00e9s irodalomb\u00f3l \u00e9s t\u00f6rt\u00e9nelemb\u0151l, majd az 5. \u00e9v &#8211; 13. \u00e9vfolyam &#8211; v\u00e9g\u00e9n \u00e9retts\u00e9gi vizsga idegen nyelvb\u0151l \u00e9s szakmai vizsga).<\/p>\r\n<p>&nbsp;<\/p>\r\n<p>5 \u00c9VES K\u00c9PZ\u00c9S<\/p>\r\n<p>Informatika \u00e9s t\u00e1vk\u00f6zl\u00e9s \u00e1gazatban 5 \u00e9vfolyamos technikumi k\u00e9pz\u00e9s. Oktatott idegen nyelv az angol nyelv. A tanulm\u00e1nyi ter\u00fcletre mozg\u00e1sszervi fogyat\u00e9kos tanul\u00f3k is jelentkezhetnek. Felv\u00e9tel a tanulm\u00e1nyi eredm\u00e9nyek alapj\u00e1n t\u00f6rt\u00e9nik.<\/p>\r\n<p>Lehets\u00e9ges szakk\u00e9pzetts\u00e9g kimenet: szoftverfejleszt\u0151 \u00e9s -tesztel\u0151<\/p>\r\n<p>Megjegyz\u00e9s: koll\u00e9giumi elhelyez\u00e9s biztos\u00edtott, okleveles technikus k\u00e9pz\u00e9s, tanm\u0171hely biztos\u00edtott<\/p>\r\n<p>&nbsp;<\/p>\r\n<p><strong>Szoftverfejleszt\u0151 \u00e9s- tesztel\u0151 <\/strong><\/p>\r\n<p>Informatika \u00e9s t\u00e1vk\u00f6zl\u00e9s \u00e1gazat 5 \u00e9ves k\u00e9pz\u00e9se, amely \u00e9retts\u00e9givel \u00e9s technikus szint\u0171 szakk\u00e9pzetts\u00e9g megszerz\u00e9s\u00e9vel z\u00e1rul.<\/p>\r\n<p>A szoftverfejleszt\u0151 \u00e9s &#8211; tesztel\u0151 technikus olyan szakember, aki k\u00e9pes webes- \u00e9s asztali alkalmaz\u00e1st (szoftvert) tervezni, fejleszteni, tesztelni \u00e9s dokument\u00e1lni. A programoz\u00e1si feladatokon t\u00fal adatb\u00e1zisok tervez\u00e9s\u00e9t \u00e9s kezel\u00e9s\u00e9t is elv\u00e9gzi. Csapatban dolgozva egy\u00fcttm\u0171k\u00f6dik a szoftverfejleszt\u00e9si projektben r\u00e9sztvev\u0151 t\u00f6bbi munkat\u00e1rs\u00e1val, k\u00e9pes a csoportmunk\u00e1t t\u00e1mogat\u00f3 fejleszt\u0151i eszk\u00f6z\u00f6k hat\u00e9kony haszn\u00e1lat\u00e1ra.<\/p>\r\n<p>KOMPETENCIAELV\u00c1R\u00c1S<\/p>\r\n<p>Informatikai ismeretek, logikus gondolkod\u00e1si \u00e9s probl\u00e9mamegold\u00f3 k\u00e9pess\u00e9g, \u00fcgyf\u00e9lk\u00f6zpont\u00fa hozz\u00e1\u00e1ll\u00e1s, rendszerszint\u0171 gondolkod\u00e1s, egy\u00fcttm\u0171k\u00f6d\u00e9si k\u00e9szs\u00e9g.<\/p>\r\n<p>A SZAKK\u00c9PZETTS\u00c9GGEL RENDELKEZ\u0150<\/p>\r\n<p>sz\u00e1m\u00edt\u00f3g\u00e9pet kezel, \u00fczemeltet;<\/p>\r\n<p>fejleszt\u00e9shez sz\u00fcks\u00e9ges szoftvereket telep\u00edt, haszn\u00e1l;<\/p>\r\n<p>weboldalakat tervez \u00e9s k\u00f3dol;<\/p>\r\n<p>webes kliens \u00e9s szerver oldali alkalmaz\u00e1sokat tervez \u00e9s fejleszt;<\/p>\r\n<p>asztali alkalmaz\u00e1st (szoftvert) tervez \u00e1s fejleszt;<\/p>\r\n<p>szoftvereket tesztel;<\/p>\r\n<p>adatb\u00e1zisokat tervez \u00e9s kezel;<\/p>\r\n<p>csoportmunk\u00e1t \u00e9s egy\u00fcttm\u0171k\u00f6d\u00e9st t\u00e1mogat\u00f3 szoftvereket haszn\u00e1l;<\/p>\r\n<p>er\u0151forr\u00e1st \u00e9s id\u0151sz\u00fcks\u00e9gletet hat\u00e1roz meg.<\/p>\r\n<p>Aj\u00e1nlott minden fiatal sz\u00e1m\u00e1ra, akit az informatikai szoftverek vil\u00e1ga nemcsak vonz, hanem azok fejleszt\u00e9se, t\u00f6k\u00e9letes\u00edt\u00e9se is \u00e9rdekel.<\/p>\r\n\r\n<div class=\"wp-block-buttons is-layout-flex wp-block-buttons-is-layout-flex\">\r\n<div class=\"wp-block-button\"><a class=\"wp-block-button__link has-white-color has-text-color\" href=\"http:\/\/bankisuli.hu\/wp-content\/uploads\/2024\/10\/Szoftverfejleszto-es-tesztelo-2020.06.29.-v1.pdf\" target=\"_blank\" rel=\"noopener\">Programtanterv<\/a><\/div>\r\n\r\n\r\n\r\n<div class=\"wp-block-button\"><a class=\"wp-block-button__link has-white-color has-text-color\" href=\"http:\/\/bankisuli.hu\/wp-content\/uploads\/2024\/10\/Szoftverfejleszto-es-tesztelo-2023.11.21.-v3.pdf\" target=\"_blank\" rel=\"noopener\">K\u00e9pz\u00e9si \u00e9s kimeneti k\u00f6vetelm\u00e9nyek<\/a><\/div>\r\n<\/div>\r\n","protected":false},"excerpt":{"rendered":"<p>Technikum A technikum 9-12. \u00e9vfolyam\u00e1n el\u0151rehozott \u00e9retts\u00e9gire val\u00f3 felk\u00e9sz\u00edt\u00e9s \u00e9s \u00e1gazati szakmai oktat\u00e1s, szakk\u00e9pz\u00e9s folyik. A 13. \u00e9vfolyamon idegen nyelvi \u00e9s szakmai \u00e9retts\u00e9gire val\u00f3 felk\u00e9sz\u00edt\u00e9s folyik. Tanulm\u00e1nyi id\u0151 5 \u00e9v (4 \u00e9v ut\u00e1n, a 12. \u00e9vfolyam v\u00e9g\u00e9n el\u0151rehozott \u00e9retts\u00e9gi vizsga <a href=\"https:\/\/bankisuli.hu\/?page_id=1851\" class=\"read-more\">Tov\u00e1bb &#8230;<\/a><\/p>\n","protected":false},"author":1,"featured_media":0,"parent":0,"menu_order":0,"comment_status":"closed","ping_status":"closed","template":"","meta":{"ngg_post_thumbnail":0,"footnotes":""},"class_list":["post-1851","page","type-page","status-publish","hentry"],"_links":{"self":[{"href":"https:\/\/bankisuli.hu\/index.php?rest_route=\/wp\/v2\/pages\/1851","targetHints":{"allow":["GET"]}}],"collection":[{"href":"https:\/\/bankisuli.hu\/index.php?rest_route=\/wp\/v2\/pages"}],"about":[{"href":"https:\/\/bankisuli.hu\/index.php?rest_route=\/wp\/v2\/types\/page"}],"author":[{"embeddable":true,"href":"https:\/\/bankisuli.hu\/index.php?rest_route=\/wp\/v2\/users\/1"}],"replies":[{"embeddable":true,"href":"https:\/\/bankisuli.hu\/index.php?rest_route=%2Fwp%2Fv2%2Fcomments&post=1851"}],"version-history":[{"count":7,"href":"https:\/\/bankisuli.hu\/index.php?rest_route=\/wp\/v2\/pages\/1851\/revisions"}],"predecessor-version":[{"id":6086,"href":"https:\/\/bankisuli.hu\/index.php?rest_route=\/wp\/v2\/pages\/1851\/revisions\/6086"}],"wp:attachment":[{"href":"https:\/\/bankisuli.hu\/index.php?rest_route=%2Fwp%2Fv2%2Fmedia&parent=1851"}],"curies":[{"name":"wp","href":"https:\/\/api.w.org\/{rel}","templated":true}]}}