{"id":1860,"date":"2020-01-15T14:03:09","date_gmt":"2020-01-15T12:03:09","guid":{"rendered":"http:\/\/www.banki-duj.sulinet.hu\/?page_id=1860"},"modified":"2024-10-21T18:49:45","modified_gmt":"2024-10-21T18:49:45","slug":"gepgyartastechnologiai-technikus","status":"publish","type":"page","link":"https:\/\/bankisuli.hu\/?page_id=1860","title":{"rendered":"G\u00e9pgy\u00e1rt\u00e1stechnol\u00f3giai technikus"},"content":{"rendered":"<p style=\"text-align: justify;\"><strong>Technikum<\/strong><\/p>\r\n<p style=\"text-align: justify;\">A technikum 9-12. \u00e9vfolyam\u00e1n el\u0151rehozott \u00e9retts\u00e9gire val\u00f3 felk\u00e9sz\u00edt\u00e9s \u00e9s \u00e1gazati szakmai oktat\u00e1s, szakk\u00e9pz\u00e9s folyik. A 13. \u00e9vfolyamon idegen nyelvi \u00e9s szakmai \u00e9retts\u00e9gire val\u00f3 felk\u00e9sz\u00edt\u00e9s folyik. Tanulm\u00e1nyi id\u0151 5 \u00e9v (4 \u00e9v ut\u00e1n, a 12. \u00e9vfolyam v\u00e9g\u00e9n el\u0151rehozott \u00e9retts\u00e9gi vizsga matematik\u00e1b\u00f3l, magyar nyelv \u00e9s irodalomb\u00f3l \u00e9s t\u00f6rt\u00e9nelemb\u0151l, majd az 5. \u00e9v \u2013 13. \u00e9vfolyam \u2013 v\u00e9g\u00e9n \u00e9retts\u00e9gi vizsga idegen nyelvb\u0151l \u00e9s szakmai vizsga).<\/p>\r\n<p style=\"text-align: justify;\">5 \u00e9ves k\u00e9pz\u00e9s<\/p>\r\n<p style=\"text-align: justify;\"><strong>G\u00e9pgy\u00e1rt\u00e1s-technol\u00f3giai technikus <\/strong><\/p>\r\n<p style=\"text-align: justify;\">G\u00e9p\u00e9szet \u00e1gazat 5 \u00e9ves k\u00e9pz\u00e9se, amely \u00e9retts\u00e9givel \u00e9s technikus szint\u0171 szakk\u00e9pzetts\u00e9g megszerz\u00e9s\u00e9vel z\u00e1rul.<\/p>\r\n<p style=\"text-align: justify;\">\u00d6n\u00e1ll\u00f3an, vagy m\u00e9rn\u00f6ki ir\u00e1ny\u00edt\u00e1ssal r\u00e9szt vesz g\u00e9palkatr\u00e9szek technol\u00f3giai tervez\u00e9s\u00e9ben, gy\u00e1rt\u00e1s\u00e1ban, g\u00e9pek, g\u00e9prendszerek, mechanikus berendez\u00e9sek m\u0171k\u00f6dtet\u00e9s\u00e9ben, szerel\u00e9s\u00e9ben, karbantart\u00e1s\u00e1ban \u00e9s jav\u00edt\u00e1s\u00e1ban. Meghat\u00e1rozza a gy\u00e1rt\u00e1s technol\u00f3giai adatait, biztos\u00edtja a gy\u00e1rt\u00f3eszk\u00f6z\u00f6k \u00fczemeltet\u00e9si felt\u00e9teleit. Ir\u00e1ny\u00edtja az \u00e1ltala tervezett gy\u00e1rt\u00e1si folyamatot. Gy\u00e1rt\u00e1s k\u00f6zben m\u00e9r\u00e9seket, ellen\u0151rz\u00e9seket v\u00e9gez. Megtervezi a g\u00e9pek karbantart\u00e1si folyamatait \u00e9s r\u00e9szt vesz azok v\u00e9grehajt\u00e1s\u00e1ban.<\/p>\r\n<p style=\"text-align: justify;\">KOMPETENCIAELV\u00c1R\u00c1S<\/p>\r\n<p style=\"text-align: justify;\">Kommunik\u00e1ci\u00f3s k\u00e9szs\u00e9g, precizit\u00e1s, egy\u00fcttm\u0171k\u00f6d\u00e9si k\u00e9szs\u00e9g, felel\u0151ss\u00e9gv\u00e1llal\u00e1s, szervez\u00e9si \u00e9s ir\u00e1ny\u00edt\u00e1si k\u00e9pess\u00e9g, analitikus gondolkod\u00e1s.<\/p>\r\n<p style=\"text-align: justify;\">A SZAKK\u00c9PZETTS\u00c9GGEL RENDELKEZ\u0150<\/p>\r\n<ul style=\"text-align: justify;\">\r\n<li>m\u0171szaki rajz alapj\u00e1n anyagot v\u00e1laszt a gy\u00e1rtand\u00f3 alkatr\u00e9szhez, megtervezi annak gy\u00e1rt\u00e1s\u00e1t, meghat\u00e1rozva az ehhez sz\u00fcks\u00e9ges g\u00e9peket, eszk\u00f6z\u00f6ket \u00e9s technol\u00f3giai param\u00e9tereket;<\/li>\r\n<li>alkatr\u00e9szeket gy\u00e1rt hagyom\u00e1nyos \u00e9s CNC vez\u00e9rl\u00e9s\u0171 szersz\u00e1mg\u00e9peken, valamint robotiz\u00e1lt megmunk\u00e1l\u00f3 cell\u00e1kon;<\/li>\r\n<li>egyszer\u0171bb alkatr\u00e9szek gy\u00e1rt\u00e1s\u00e1hoz CNC programot \u00edr, bet\u00f6lt \u00e9s tesztel;<\/li>\r\n<li>megtervezi, ir\u00e1ny\u00edtja a gy\u00e1rt\u00e1si folyamatokat \u00e9s sz\u00fcks\u00e9g eset\u00e9n beavatkozik.<\/li>\r\n<\/ul>\r\n<p style=\"text-align: justify;\">Aj\u00e1nlott minden fiatal sz\u00e1m\u00e1ra, aki szeretne r\u00e9szt venni \u00faj alkatr\u00e9szek gy\u00e1rt\u00e1si folyamat\u00e1nak kialak\u00edt\u00e1s\u00e1ban.<\/p>\r\n\r\n<div class=\"wp-block-buttons is-layout-flex wp-block-buttons-is-layout-flex\">\r\n<div class=\"wp-block-button\"><a class=\"wp-block-button__link has-white-color has-text-color\" href=\"http:\/\/bankisuli.hu\/wp-content\/uploads\/2024\/10\/Gepgyartas-technologiai-technikus-2020.07.30.-v1.pdf\" target=\"_blank\" rel=\"noreferrer noopener\">Programtanterv<\/a><\/div>\r\n\r\n\r\n\r\n<div class=\"wp-block-button\"><a class=\"wp-block-button__link has-white-color has-text-color\" href=\"http:\/\/bankisuli.hu\/wp-content\/uploads\/2024\/10\/Gepgyartas-technologiai-technikus-2023.11.21.-v3.pdf\" target=\"_blank\" rel=\"noreferrer noopener\">K\u00e9pz\u00e9si \u00e9s kimeneti k\u00f6vetelm\u00e9nyek<\/a><\/div>\r\n<\/div>\r\n","protected":false},"excerpt":{"rendered":"<p>Technikum A technikum 9-12. \u00e9vfolyam\u00e1n el\u0151rehozott \u00e9retts\u00e9gire val\u00f3 felk\u00e9sz\u00edt\u00e9s \u00e9s \u00e1gazati szakmai oktat\u00e1s, szakk\u00e9pz\u00e9s folyik. A 13. \u00e9vfolyamon idegen nyelvi \u00e9s szakmai \u00e9retts\u00e9gire val\u00f3 felk\u00e9sz\u00edt\u00e9s folyik. Tanulm\u00e1nyi id\u0151 5 \u00e9v (4 \u00e9v ut\u00e1n, a 12. \u00e9vfolyam v\u00e9g\u00e9n el\u0151rehozott \u00e9retts\u00e9gi vizsga <a href=\"https:\/\/bankisuli.hu\/?page_id=1860\" class=\"read-more\">Tov\u00e1bb &#8230;<\/a><\/p>\n","protected":false},"author":1,"featured_media":0,"parent":0,"menu_order":0,"comment_status":"closed","ping_status":"closed","template":"","meta":{"ngg_post_thumbnail":0,"footnotes":""},"class_list":["post-1860","page","type-page","status-publish","hentry"],"_links":{"self":[{"href":"https:\/\/bankisuli.hu\/index.php?rest_route=\/wp\/v2\/pages\/1860","targetHints":{"allow":["GET"]}}],"collection":[{"href":"https:\/\/bankisuli.hu\/index.php?rest_route=\/wp\/v2\/pages"}],"about":[{"href":"https:\/\/bankisuli.hu\/index.php?rest_route=\/wp\/v2\/types\/page"}],"author":[{"embeddable":true,"href":"https:\/\/bankisuli.hu\/index.php?rest_route=\/wp\/v2\/users\/1"}],"replies":[{"embeddable":true,"href":"https:\/\/bankisuli.hu\/index.php?rest_route=%2Fwp%2Fv2%2Fcomments&post=1860"}],"version-history":[{"count":10,"href":"https:\/\/bankisuli.hu\/index.php?rest_route=\/wp\/v2\/pages\/1860\/revisions"}],"predecessor-version":[{"id":6068,"href":"https:\/\/bankisuli.hu\/index.php?rest_route=\/wp\/v2\/pages\/1860\/revisions\/6068"}],"wp:attachment":[{"href":"https:\/\/bankisuli.hu\/index.php?rest_route=%2Fwp%2Fv2%2Fmedia&parent=1860"}],"curies":[{"name":"wp","href":"https:\/\/api.w.org\/{rel}","templated":true}]}}