{"id":3419,"date":"2023-04-04T13:16:48","date_gmt":"2023-04-04T13:16:48","guid":{"rendered":"http:\/\/bankisuli.hu\/?page_id=3419"},"modified":"2025-01-29T11:51:53","modified_gmt":"2025-01-29T11:51:53","slug":"erasmus-robotika-projekt-ka220-sch-d261c700","status":"publish","type":"page","link":"https:\/\/bankisuli.hu\/?page_id=3419","title":{"rendered":"Erasmus+ Robotika Projekt KA220-SCH-D261C700"},"content":{"rendered":"<h1><a href=\"http:\/\/bankisuli.hu\/wp-content\/uploads\/2023\/04\/erasmus.png\"><img loading=\"lazy\" decoding=\"async\" class=\"aligncenter wp-image-3435\" src=\"http:\/\/bankisuli.hu\/wp-content\/uploads\/2023\/04\/erasmus-300x74.png\" alt=\"\" width=\"418\" height=\"103\" srcset=\"https:\/\/bankisuli.hu\/wp-content\/uploads\/2023\/04\/erasmus-300x74.png 300w, https:\/\/bankisuli.hu\/wp-content\/uploads\/2023\/04\/erasmus-1024x253.png 1024w, https:\/\/bankisuli.hu\/wp-content\/uploads\/2023\/04\/erasmus-768x190.png 768w, https:\/\/bankisuli.hu\/wp-content\/uploads\/2023\/04\/erasmus-360x89.png 360w, https:\/\/bankisuli.hu\/wp-content\/uploads\/2023\/04\/erasmus.png 1262w\" sizes=\"auto, (max-width: 418px) 100vw, 418px\" \/><\/a><\/h1>\n<h1>&nbsp;<\/h1>\n<h1 style=\"text-align: center;\"><strong><a href=\"http:\/\/bankisuli.hu\/wp-content\/uploads\/2023\/05\/Erasmus-Robotika-project-1.pdf\">Erasmus+ Robotika Project 1. Besz\u00e1mol\u00f3<\/a><\/strong><\/h1>\n<p>&nbsp;<\/p>\n<h1 style=\"text-align: center;\"><strong><a href=\"http:\/\/bankisuli.hu\/wp-content\/uploads\/2023\/10\/Erasmus-Robotika-Beszamolo-Torokorszag.pdf\">Erasmus+ Robotika Project 1. &#8211; Besz\u00e1mol\u00f3 &#8211; T\u00f6r\u00f6korsz\u00e1g<\/a><\/strong><\/h1>\n<p>&nbsp;<\/p>\n<h1 style=\"text-align: center;\"><a href=\"https:\/\/www.duol.hu\/helyi-kozelet\/2024\/04\/bankis-diakok-lengyelorszagi-latogatasa\">Erasmus+ Robotik &#8211; B\u00e1nkisok Lengyelorsz\u00e1gban &#8211; Duol cikk<\/a><\/h1>\n<p>&nbsp;<\/p>\n<h1 style=\"text-align: center;\"><a href=\"http:\/\/bankisuli.hu\/wp-content\/uploads\/2024\/09\/Erasmus-Robotika-Projekt-2023-2024.-tanev.pdf\">Erasmus+ Robotika Projekt 2023-2024. tan\u00e9v &#8211; Besz\u00e1mol\u00f3<\/a><\/h1>\n<p>&nbsp;<\/p>\n<h1 style=\"text-align: center;\"><a href=\"http:\/\/bankisuli.hu\/wp-content\/uploads\/2025\/01\/Regensburgi-beszamolo.pdf\">Regensburgi besz\u00e1mol\u00f3<\/a><\/h1>\n<p>&nbsp;<\/p>\n<p style=\"text-align: justify;\"><em><strong>A projektet az Eur\u00f3pai Bizotts\u00e1g t\u00e1mogatta.<\/strong><\/em><br \/>\n<em><strong>A kiadv\u00e1nyban (k\u00f6zlem\u00e9nyben) megjelentek nem sz\u00fcks\u00e9gszer\u0171en t\u00fckr\u00f6zik az Eur\u00f3pai Bizotts\u00e1g<\/strong><\/em><br \/>\n<em><strong>n\u00e9zeteit.<\/strong><\/em><\/p>\n<p style=\"text-align: justify;\"><em><strong>Az Eur\u00f3pai Uni\u00f3 finansz\u00edroz\u00e1s\u00e1val. Az itt szerepl\u0151 v\u00e9lem\u00e9nyek \u00e9s \u00e1ll\u00edt\u00e1sok a szerz\u0151(k) \u00e1ll\u00e1spontj\u00e1t t\u00fckr\u00f6zik, \u00e9s nem felt\u00e9tlen\u00fcl egyeznek meg az Eur\u00f3pai Uni\u00f3 vagy az Eur\u00f3pai Oktat\u00e1si \u00e9s Kultur\u00e1lis V\u00e9grehajt\u00f3 \u00dcgyn\u00f6ks\u00e9g (EACEA) hivatalos \u00e1ll\u00e1spontj\u00e1val. Sem az Eur\u00f3pai Uni\u00f3, sem az EACEA nem vonhat\u00f3 felel\u0151ss\u00e9gre miattuk.<\/strong><\/em><\/p>\n","protected":false},"excerpt":{"rendered":"<p>&nbsp; Erasmus+ Robotika Project 1. Besz\u00e1mol\u00f3 &nbsp; Erasmus+ Robotika Project 1. &#8211; Besz\u00e1mol\u00f3 &#8211; T\u00f6r\u00f6korsz\u00e1g &nbsp; Erasmus+ Robotik &#8211; B\u00e1nkisok Lengyelorsz\u00e1gban &#8211; Duol cikk &nbsp; Erasmus+ Robotika Projekt 2023-2024. tan\u00e9v &#8211; Besz\u00e1mol\u00f3 &nbsp; Regensburgi besz\u00e1mol\u00f3 &nbsp; A projektet az Eur\u00f3pai <a href=\"https:\/\/bankisuli.hu\/?page_id=3419\" class=\"read-more\">Tov\u00e1bb &#8230;<\/a><\/p>\n","protected":false},"author":5,"featured_media":0,"parent":0,"menu_order":0,"comment_status":"closed","ping_status":"closed","template":"","meta":{"ngg_post_thumbnail":0,"footnotes":""},"class_list":["post-3419","page","type-page","status-publish","hentry"],"_links":{"self":[{"href":"https:\/\/bankisuli.hu\/index.php?rest_route=\/wp\/v2\/pages\/3419","targetHints":{"allow":["GET"]}}],"collection":[{"href":"https:\/\/bankisuli.hu\/index.php?rest_route=\/wp\/v2\/pages"}],"about":[{"href":"https:\/\/bankisuli.hu\/index.php?rest_route=\/wp\/v2\/types\/page"}],"author":[{"embeddable":true,"href":"https:\/\/bankisuli.hu\/index.php?rest_route=\/wp\/v2\/users\/5"}],"replies":[{"embeddable":true,"href":"https:\/\/bankisuli.hu\/index.php?rest_route=%2Fwp%2Fv2%2Fcomments&post=3419"}],"version-history":[{"count":8,"href":"https:\/\/bankisuli.hu\/index.php?rest_route=\/wp\/v2\/pages\/3419\/revisions"}],"predecessor-version":[{"id":6574,"href":"https:\/\/bankisuli.hu\/index.php?rest_route=\/wp\/v2\/pages\/3419\/revisions\/6574"}],"wp:attachment":[{"href":"https:\/\/bankisuli.hu\/index.php?rest_route=%2Fwp%2Fv2%2Fmedia&parent=3419"}],"curies":[{"name":"wp","href":"https:\/\/api.w.org\/{rel}","templated":true}]}}