{"id":3421,"date":"2023-04-04T13:17:07","date_gmt":"2023-04-04T13:17:07","guid":{"rendered":"http:\/\/bankisuli.hu\/?page_id=3421"},"modified":"2023-10-24T10:35:29","modified_gmt":"2023-10-24T10:35:29","slug":"koznevelesben-tanulok-es-dolgozok-rovid-tavu-tanulasi-celu-mobilitasa-ka122-sch","status":"publish","type":"page","link":"https:\/\/bankisuli.hu\/?page_id=3421","title":{"rendered":"K\u00f6znevel\u00e9sben tanul\u00f3k \u00e9s dolgoz\u00f3k r\u00f6vid t\u00e1v\u00fa tanul\u00e1si c\u00e9l\u00fa mobilit\u00e1sa KA122-SCH"},"content":{"rendered":"<p><a href=\"http:\/\/bankisuli.hu\/wp-content\/uploads\/2023\/04\/erasmus.png\"><img loading=\"lazy\" decoding=\"async\" class=\"aligncenter wp-image-3435\" src=\"http:\/\/bankisuli.hu\/wp-content\/uploads\/2023\/04\/erasmus-300x74.png\" alt=\"\" width=\"418\" height=\"103\" srcset=\"https:\/\/bankisuli.hu\/wp-content\/uploads\/2023\/04\/erasmus-300x74.png 300w, https:\/\/bankisuli.hu\/wp-content\/uploads\/2023\/04\/erasmus-1024x253.png 1024w, https:\/\/bankisuli.hu\/wp-content\/uploads\/2023\/04\/erasmus-768x190.png 768w, https:\/\/bankisuli.hu\/wp-content\/uploads\/2023\/04\/erasmus-360x89.png 360w, https:\/\/bankisuli.hu\/wp-content\/uploads\/2023\/04\/erasmus.png 1262w\" sizes=\"auto, (max-width: 418px) 100vw, 418px\" \/><\/a><\/p>\n<p>&nbsp;<\/p>\n<h1 style=\"text-align: center;\"><strong><a href=\"http:\/\/bankisuli.hu\/wp-content\/uploads\/2023\/04\/Erasmus-Dublin.pdf\">Erasmus+ Dublin 1 \u00datinapl\u00f3<\/a><\/strong><\/h1>\n<h1 style=\"text-align: center;\"><strong><a href=\"http:\/\/bankisuli.hu\/wp-content\/uploads\/2023\/04\/Erasmus-Dublin-2_uti-beszamolo.pdf\">Erasmus+ Dublin 2 \u00datinapl\u00f3<\/a><\/strong><\/h1>\n<p style=\"text-align: center;\">&nbsp;<\/p>\n<h2 style=\"text-align: center;\"><a href=\"http:\/\/bankisuli.hu\/wp-content\/uploads\/2023\/10\/Beszamolo-Dr.Bartal-Orsolya.pdf\">Dr.Bartal Orsolya Besz\u00e1mol\u00f3<\/a><\/h2>\n<h2 style=\"text-align: center;\"><a href=\"http:\/\/bankisuli.hu\/wp-content\/uploads\/2023\/10\/Beszamolo-Fekete-Vadas-Zsuzsanna.pdf\">Fekete-Vadas Zsuzsanna Besz\u00e1mol\u00f3<\/a><\/h2>\n<h2 style=\"text-align: center;\"><a href=\"http:\/\/bankisuli.hu\/wp-content\/uploads\/2023\/10\/Beszamolo-Filarszkyne-Tolnai-Agnes.pdf\">Filarszkyn\u00e9 Tolnai \u00c1gnes Besz\u00e1mol\u00f3<\/a><\/h2>\n<p>&nbsp;<\/p>\n<h3 style=\"text-align: center;\"><a href=\"http:\/\/bankisuli.hu\/wp-content\/uploads\/2023\/07\/Fenntarthatosag-es-kornyezettudatossag.pdf\">Fenntarthat\u00f3s\u00e1g \u00e9s k\u00f6rnyezettudatoss\u00e1g<\/a><\/h3>\n<p>&nbsp;<\/p>\n<h1 style=\"text-align: center;\"><strong><a href=\"http:\/\/bankisuli.hu\/wp-content\/uploads\/2023\/04\/Erasmus-Malta.pdf\">Erasmus+ M\u00e1lta \u00datinapl\u00f3<\/a><\/strong><\/h1>\n<p>&nbsp;<\/p>\n<h3 style=\"text-align: center;\"><a href=\"http:\/\/bankisuli.hu\/wp-content\/uploads\/2023\/07\/IT-Szotar-Erasmus.pdf\">IT Sz\u00f3t\u00e1r &#8211; Erasmus<\/a><\/h3>\n<h3 style=\"text-align: center;\"><a href=\"http:\/\/bankisuli.hu\/wp-content\/uploads\/2023\/07\/Space-Travel.pdf\">Space Travel &#8211; \u0170rutaz\u00e1s &#8211; el\u0151ad\u00e1s<\/a><\/h3>\n<h3 style=\"text-align: center;\"><a href=\"http:\/\/bankisuli.hu\/wp-content\/uploads\/2023\/07\/Artificial-Intelligence.pdf\">Artificial Intelligence &#8211; Mesters\u00e9ges Intelligencia &#8211; el\u0151ad\u00e1s<\/a><\/h3>\n<h3 style=\"text-align: center;\"><a href=\"http:\/\/bankisuli.hu\/wp-content\/uploads\/2023\/07\/Social-media.pdf\">Social media &#8211; K\u00f6z\u00f6ss\u00e9gi m\u00e9dia &#8211; el\u0151ad\u00e1s<\/a><\/h3>\n<h3 style=\"text-align: center;\"><a href=\"http:\/\/bankisuli.hu\/wp-content\/uploads\/2023\/07\/Biometrics.pdf\">Biometrics &#8211; Biometria &#8211; el\u0151ad\u00e1s<\/a><\/h3>\n<p style=\"text-align: center;\"><strong><a href=\"http:\/\/bankisuli.hu\/wp-content\/uploads\/2023\/09\/Beszamolo-a-digitalis-temahetrol-2023.03.30.pdf\">Besz\u00e1mol\u00f3 a digit\u00e1lis t\u00e9mah\u00e9tr\u0151l 2023.m\u00e1rcius 30.<\/a><\/strong><\/p>\n<p>&nbsp;<\/p>\n<p style=\"text-align: justify;\"><em><strong>A projektet az Eur\u00f3pai Bizotts\u00e1g t\u00e1mogatta.<\/strong><\/em><br \/>\n<em><strong>A kiadv\u00e1nyban (k\u00f6zlem\u00e9nyben) megjelentek nem sz\u00fcks\u00e9gszer\u0171en t\u00fckr\u00f6zik az Eur\u00f3pai Bizotts\u00e1g<\/strong><\/em><br \/>\n<em><strong>n\u00e9zeteit.<\/strong><\/em><\/p>\n<p style=\"text-align: justify;\"><em><strong>Az Eur\u00f3pai Uni\u00f3 finansz\u00edroz\u00e1s\u00e1val. Az itt szerepl\u0151 v\u00e9lem\u00e9nyek \u00e9s \u00e1ll\u00edt\u00e1sok a szerz\u0151(k) \u00e1ll\u00e1spontj\u00e1t t\u00fckr\u00f6zik, \u00e9s nem felt\u00e9tlen\u00fcl egyeznek meg az Eur\u00f3pai Uni\u00f3 vagy az Eur\u00f3pai Oktat\u00e1si \u00e9s Kultur\u00e1lis V\u00e9grehajt\u00f3 \u00dcgyn\u00f6ks\u00e9g (EACEA) hivatalos \u00e1ll\u00e1spontj\u00e1val. Sem az Eur\u00f3pai Uni\u00f3, sem az EACEA nem vonhat\u00f3 felel\u0151ss\u00e9gre miattuk.<\/strong><\/em><\/p>\n","protected":false},"excerpt":{"rendered":"<p>&nbsp; Erasmus+ Dublin 1 \u00datinapl\u00f3 Erasmus+ Dublin 2 \u00datinapl\u00f3 &nbsp; Dr.Bartal Orsolya Besz\u00e1mol\u00f3 Fekete-Vadas Zsuzsanna Besz\u00e1mol\u00f3 Filarszkyn\u00e9 Tolnai \u00c1gnes Besz\u00e1mol\u00f3 &nbsp; Fenntarthat\u00f3s\u00e1g \u00e9s k\u00f6rnyezettudatoss\u00e1g &nbsp; Erasmus+ M\u00e1lta \u00datinapl\u00f3 &nbsp; IT Sz\u00f3t\u00e1r &#8211; Erasmus Space Travel &#8211; \u0170rutaz\u00e1s &#8211; el\u0151ad\u00e1s Artificial <a href=\"https:\/\/bankisuli.hu\/?page_id=3421\" class=\"read-more\">Tov\u00e1bb &#8230;<\/a><\/p>\n","protected":false},"author":5,"featured_media":0,"parent":0,"menu_order":0,"comment_status":"closed","ping_status":"closed","template":"","meta":{"ngg_post_thumbnail":0,"footnotes":""},"class_list":["post-3421","page","type-page","status-publish","hentry"],"_links":{"self":[{"href":"https:\/\/bankisuli.hu\/index.php?rest_route=\/wp\/v2\/pages\/3421","targetHints":{"allow":["GET"]}}],"collection":[{"href":"https:\/\/bankisuli.hu\/index.php?rest_route=\/wp\/v2\/pages"}],"about":[{"href":"https:\/\/bankisuli.hu\/index.php?rest_route=\/wp\/v2\/types\/page"}],"author":[{"embeddable":true,"href":"https:\/\/bankisuli.hu\/index.php?rest_route=\/wp\/v2\/users\/5"}],"replies":[{"embeddable":true,"href":"https:\/\/bankisuli.hu\/index.php?rest_route=%2Fwp%2Fv2%2Fcomments&post=3421"}],"version-history":[{"count":9,"href":"https:\/\/bankisuli.hu\/index.php?rest_route=\/wp\/v2\/pages\/3421\/revisions"}],"predecessor-version":[{"id":4061,"href":"https:\/\/bankisuli.hu\/index.php?rest_route=\/wp\/v2\/pages\/3421\/revisions\/4061"}],"wp:attachment":[{"href":"https:\/\/bankisuli.hu\/index.php?rest_route=%2Fwp%2Fv2%2Fmedia&parent=3421"}],"curies":[{"name":"wp","href":"https:\/\/api.w.org\/{rel}","templated":true}]}}