{"id":3793,"date":"2023-09-05T07:27:30","date_gmt":"2023-09-05T07:27:30","guid":{"rendered":"http:\/\/bankisuli.hu\/?page_id=3793"},"modified":"2023-09-05T07:27:30","modified_gmt":"2023-09-05T07:27:30","slug":"boldog-iskola","status":"publish","type":"page","link":"https:\/\/bankisuli.hu\/?page_id=3793","title":{"rendered":"Boldog Iskola"},"content":{"rendered":"<p style=\"text-align: justify;\"><a href=\"http:\/\/bankisuli.hu\/wp-content\/uploads\/2023\/09\/Logo-Boldog-Iskola.png\"><img loading=\"lazy\" decoding=\"async\" class=\"aligncenter size-full wp-image-3795\" src=\"http:\/\/bankisuli.hu\/wp-content\/uploads\/2023\/09\/Logo-Boldog-Iskola.png\" alt=\"\" width=\"300\" height=\"225\"><\/a><\/p>\n<p>&nbsp;<\/p>\n<p style=\"text-align: justify;\">Iskol\u00e1nk a 2023\/2024-es tan\u00e9vben elnyerte a \u201eBoldog Iskola\u201d c\u00edmet, \u00edgy a <em>Jobb Veled a Vil\u00e1g Alap\u00edtv\u00e1ny&nbsp;Boldogs\u00e1g\u00f3ra<\/em>&nbsp;programj\u00e1t sikeresen megval\u00f3s\u00edt\u00f3 oktat\u00e1si int\u00e9zm\u00e9nyek k\u00f6z\u00e9 tartozik ett\u0151l a tan\u00e9vt\u0151l. \u201eA Jobb Veled a Vil\u00e1g Alap\u00edtv\u00e1ny Boldogs\u00e1g\u00f3ra programja a pozit\u00edv pszichol\u00f3gia kutat\u00e1si eredm\u00e9nyeire \u00e9p\u00edtett \u00e9lm\u00e9nypedag\u00f3giai m\u00f3dszertan, melynek hat\u00e9konys\u00e1g\u00e1t az ELTE PPK empirikus kutat\u00e1sokkal igazolta.\u201d<\/p>\n<p style=\"text-align: justify;\">A program kiemelt k\u00fcldet\u00e9se, hogy a pozit\u00edv pszichol\u00f3gia eredm\u00e9nyeire \u00e9p\u00edtve adjon m\u00f3dszertani seg\u00edts\u00e9get a boldogs\u00e1gra val\u00f3 k\u00e9pess\u00e9g fejleszt\u00e9s\u00e9hez az iskol\u00e1s \u00e9s \u00f3vod\u00e1s gyerekek sz\u00e1m\u00e1ra. Fontosnak tartjuk a pozit\u00edv \u00e9rzelmek \u201e\u00e1tad\u00e1s\u00e1t\u201d a gyerekeknek, mert ezek k\u00e9pezik a megismer\u00e9s, az intellektu\u00e1lis \u00e9s a szoci\u00e1lis k\u00e9pess\u00e9gek fejl\u0151d\u00e9s\u00e9nek motiv\u00e1ci\u00f3s alapj\u00e1t. Olyan t\u00e9m\u00e1kat j\u00e1runk k\u00f6r\u00fcl, mely seg\u00edti \u00e9s t\u00e1mogatja a gyerekeket a h\u00e9tk\u00f6znapi probl\u00e9m\u00e1kkal val\u00f3 megk\u00fczd\u00e9sben, \u00e9s a folyamatos \u00f6nismereti fejleszt\u00e9ssel \u00e9s boldogs\u00e1g\u00e9rzetet fokoz\u00f3 technik\u00e1k bemutat\u00e1s\u00e1val szem\u00e9lyes, lelki eg\u00e9szs\u00e9g\u00fcket is t\u00e1pl\u00e1l\u00f3 kompetenci\u00e1ikat fejleszti. A boldogs\u00e1g pedig tan\u00edthat\u00f3.<\/p>\n<p style=\"text-align: justify;\"><em>\u201eArra t\u00f6reksz\u00fcnk, hogy a boldogs\u00e1g\u00f3r\u00e1k der\u0171s \u00e9s \u00e9lm\u00e9nygazdag feladatai, j\u00e1t\u00e9kai, valamint gyakorlatai fokr\u00f3l fokra kibontakoztass\u00e1k a der\u0171t \u00e9s \u00e9letszeretetet. Gyermekeink \u00edgy a j\u00f6v\u0151be vetett hittel, b\u00e1tran j\u00e1rj\u00e1k v\u00e9gig a feln\u0151tts\u00e9ghez vezet\u0151 utat, majd boldogs\u00e1gra k\u00e9pes emberr\u00e9 v\u00e1lhatnak.\u201d&nbsp; <\/em><\/p>\n<p style=\"text-align: justify;\"><em>\/Prof. Dr. Bagdy Em\u0151ke\/<\/em><\/p>\n<p><a href=\"https:\/\/boldogsagora.hu\/tajekoztato\/\">https:\/\/boldogsagora.hu\/tajekoztato\/<\/a><\/p>\n","protected":false},"excerpt":{"rendered":"<p>&nbsp; Iskol\u00e1nk a 2023\/2024-es tan\u00e9vben elnyerte a \u201eBoldog Iskola\u201d c\u00edmet, \u00edgy a Jobb Veled a Vil\u00e1g Alap\u00edtv\u00e1ny&nbsp;Boldogs\u00e1g\u00f3ra&nbsp;programj\u00e1t sikeresen megval\u00f3s\u00edt\u00f3 oktat\u00e1si int\u00e9zm\u00e9nyek k\u00f6z\u00e9 tartozik ett\u0151l a tan\u00e9vt\u0151l. \u201eA Jobb Veled a Vil\u00e1g Alap\u00edtv\u00e1ny Boldogs\u00e1g\u00f3ra programja a pozit\u00edv pszichol\u00f3gia kutat\u00e1si eredm\u00e9nyeire \u00e9p\u00edtett <a href=\"https:\/\/bankisuli.hu\/?page_id=3793\" class=\"read-more\">Tov\u00e1bb &#8230;<\/a><\/p>\n","protected":false},"author":5,"featured_media":0,"parent":0,"menu_order":0,"comment_status":"closed","ping_status":"closed","template":"","meta":{"ngg_post_thumbnail":0,"footnotes":""},"class_list":["post-3793","page","type-page","status-publish","hentry"],"_links":{"self":[{"href":"https:\/\/bankisuli.hu\/index.php?rest_route=\/wp\/v2\/pages\/3793","targetHints":{"allow":["GET"]}}],"collection":[{"href":"https:\/\/bankisuli.hu\/index.php?rest_route=\/wp\/v2\/pages"}],"about":[{"href":"https:\/\/bankisuli.hu\/index.php?rest_route=\/wp\/v2\/types\/page"}],"author":[{"embeddable":true,"href":"https:\/\/bankisuli.hu\/index.php?rest_route=\/wp\/v2\/users\/5"}],"replies":[{"embeddable":true,"href":"https:\/\/bankisuli.hu\/index.php?rest_route=%2Fwp%2Fv2%2Fcomments&post=3793"}],"version-history":[{"count":2,"href":"https:\/\/bankisuli.hu\/index.php?rest_route=\/wp\/v2\/pages\/3793\/revisions"}],"predecessor-version":[{"id":3797,"href":"https:\/\/bankisuli.hu\/index.php?rest_route=\/wp\/v2\/pages\/3793\/revisions\/3797"}],"wp:attachment":[{"href":"https:\/\/bankisuli.hu\/index.php?rest_route=%2Fwp%2Fv2%2Fmedia&parent=3793"}],"curies":[{"name":"wp","href":"https:\/\/api.w.org\/{rel}","templated":true}]}}