{"id":3989,"date":"2023-10-17T20:47:06","date_gmt":"2023-10-17T20:47:06","guid":{"rendered":"http:\/\/bankisuli.hu\/?page_id=3989"},"modified":"2025-12-17T11:30:03","modified_gmt":"2025-12-17T11:30:03","slug":"banki-donat-alapitvany-2","status":"publish","type":"page","link":"https:\/\/bankisuli.hu\/?page_id=3989","title":{"rendered":"B\u00e1nki Don\u00e1t Alap\u00edtv\u00e1ny"},"content":{"rendered":"<h3 style=\"text-align: left;\"><strong>DUE B\u00e1nki Don\u00e1t Technikum<\/strong>&nbsp; &nbsp; &nbsp; &nbsp; &nbsp; &nbsp; &nbsp; &nbsp; &nbsp; &nbsp; &nbsp; &nbsp; &nbsp; &nbsp; &nbsp; &nbsp; &nbsp; &nbsp; &nbsp; &nbsp; &nbsp; &nbsp; &nbsp;<\/h3>\n<h3 style=\"text-align: left;\">Duna\u00fajv\u00e1ros<\/h3>\n<p>&nbsp;<\/p>\n<p style=\"text-align: center;\"><strong><a href=\"http:\/\/bankisuli.hu\/wp-content\/uploads\/2025\/12\/Kimutatas-a-Banki-D.A.-2024-2025.pdf\">Kimutat\u00e1s a B\u00e1nki Don\u00e1t Alap\u00edtv\u00e1ny 2025. &#8211; PDF<\/a><\/strong><\/p>\n<p>&nbsp;<\/p>\n<p><strong>Tisztelt Sz\u00fcl\u0151k!<\/strong><\/p>\n<p>&nbsp;<\/p>\n<p style=\"text-align: justify;\">\u00d6n\u00f6k rendelkezhetnek befizetett ad\u00f3juk 1%-\u00e1nak felhaszn\u00e1l\u00e1s\u00e1r\u00f3l, amely 1% iskol\u00e1nk k\u00f6zc\u00e9l\u00fa alap\u00edtv\u00e1ny\u00e1nak felaj\u00e1nlhat\u00f3. K\u00e9rem, ha m\u00e1s fontosabb c\u00e9lra nem k\u00edv\u00e1nj\u00e1k ezt felhaszn\u00e1lni, benn\u00fcnket t\u00e1mogassanak!<\/p>\n<p style=\"text-align: justify;\">Ezen felaj\u00e1nl\u00e1sok lehet\u0151v\u00e9 teszik, hogy tanul\u00f3inknak t\u00f6bb ter\u00fcleten komoly m\u00e9rt\u00e9k\u0171 t\u00e1mogat\u00e1st adjunk.<\/p>\n<ul style=\"text-align: justify;\">\n<li>&nbsp;szakmai kir\u00e1ndul\u00e1sokhoz,<\/li>\n<li>tanulm\u00e1nyi versenyek k\u00f6lts\u00e9geihez, d\u00edjaz\u00e1s\u00e1hoz,<\/li>\n<li>a biztosabb elhelyezked\u00e9st el\u0151seg\u00edt\u0151 tov\u00e1bbi k\u00e9pzetts\u00e9gek megszerz\u00e9s\u00e9hez,<\/li>\n<li>a tanul\u00f3k jutalmaz\u00e1s\u00e1hoz<\/li>\n<\/ul>\n<p>&nbsp;<\/p>\n<p style=\"text-align: justify;\">K\u00fcl\u00f6n megk\u00f6sz\u00f6n\u00f6m, ha \u00d6n tavaly a t\u00e1mogat\u00f3ink k\u00f6z\u00f6tt volt!<\/p>\n<p style=\"text-align: center;\"><strong>Alap\u00edtv\u00e1nyunk neve: B\u00e1nki Don\u00e1t Alap\u00edtv\u00e1ny<\/strong><\/p>\n<p style=\"text-align: center;\"><strong>Alap\u00edtv\u00e1nyunk ad\u00f3sz\u00e1ma:&nbsp; &nbsp; 19097257-1-07<\/strong><\/p>\n<p style=\"text-align: center;\"><strong>Alap\u00edtv\u00e1nyunk sz\u00e1mlasz\u00e1ma: OTP Bank- 11736037-20525543<\/strong><\/p>\n<p style=\"text-align: center;\"><strong>&nbsp;<\/strong><\/p>\n<h3>&nbsp; &nbsp; &nbsp; &nbsp; &nbsp; &nbsp; &nbsp;Tisztelettel:<\/h3>\n<h2 style=\"text-align: center;\">Bartal Orsolya<\/h2>\n<p style=\"text-align: center;\">Igazgat\u00f3 Asszony<\/p>\n<p style=\"text-align: center;\">DUE B\u00e1nki Don\u00e1t Technikum<\/p>\n<p style=\"text-align: right;\">Duna\u00fajv\u00e1ros, 2023.03.01.&nbsp;<\/p>\n<p>&nbsp;<\/p>\n<p>&nbsp;<\/p>\n<p>&nbsp;<\/p>\n","protected":false},"excerpt":{"rendered":"<p>DUE B\u00e1nki Don\u00e1t Technikum&nbsp; &nbsp; &nbsp; &nbsp; &nbsp; &nbsp; &nbsp; &nbsp; &nbsp; &nbsp; &nbsp; &nbsp; &nbsp; &nbsp; &nbsp; &nbsp; &nbsp; &nbsp; &nbsp; &nbsp; &nbsp; &nbsp; &nbsp; Duna\u00fajv\u00e1ros &nbsp; Kimutat\u00e1s a B\u00e1nki Don\u00e1t Alap\u00edtv\u00e1ny 2025. &#8211; PDF &nbsp; Tisztelt Sz\u00fcl\u0151k! &nbsp; <a href=\"https:\/\/bankisuli.hu\/?page_id=3989\" class=\"read-more\">Tov\u00e1bb &#8230;<\/a><\/p>\n","protected":false},"author":5,"featured_media":0,"parent":0,"menu_order":0,"comment_status":"closed","ping_status":"closed","template":"","meta":{"ngg_post_thumbnail":0,"footnotes":""},"class_list":["post-3989","page","type-page","status-publish","hentry"],"_links":{"self":[{"href":"https:\/\/bankisuli.hu\/index.php?rest_route=\/wp\/v2\/pages\/3989","targetHints":{"allow":["GET"]}}],"collection":[{"href":"https:\/\/bankisuli.hu\/index.php?rest_route=\/wp\/v2\/pages"}],"about":[{"href":"https:\/\/bankisuli.hu\/index.php?rest_route=\/wp\/v2\/types\/page"}],"author":[{"embeddable":true,"href":"https:\/\/bankisuli.hu\/index.php?rest_route=\/wp\/v2\/users\/5"}],"replies":[{"embeddable":true,"href":"https:\/\/bankisuli.hu\/index.php?rest_route=%2Fwp%2Fv2%2Fcomments&post=3989"}],"version-history":[{"count":17,"href":"https:\/\/bankisuli.hu\/index.php?rest_route=\/wp\/v2\/pages\/3989\/revisions"}],"predecessor-version":[{"id":8996,"href":"https:\/\/bankisuli.hu\/index.php?rest_route=\/wp\/v2\/pages\/3989\/revisions\/8996"}],"wp:attachment":[{"href":"https:\/\/bankisuli.hu\/index.php?rest_route=%2Fwp%2Fv2%2Fmedia&parent=3989"}],"curies":[{"name":"wp","href":"https:\/\/api.w.org\/{rel}","templated":true}]}}