{"id":5974,"date":"2024-10-16T10:32:48","date_gmt":"2024-10-16T10:32:48","guid":{"rendered":"https:\/\/bankisuli.hu\/?page_id=5974"},"modified":"2024-10-16T11:11:09","modified_gmt":"2024-10-16T11:11:09","slug":"visegradfund","status":"publish","type":"page","link":"https:\/\/bankisuli.hu\/?page_id=5974","title":{"rendered":"VisegradFund &#8211; napi besz\u00e1mol\u00f3k"},"content":{"rendered":"<h2 dir=\"auto\" data-olk-copy-source=\"MessageBody\"><a href=\"http:\/\/bankisuli.hu\/wp-content\/uploads\/2024\/10\/thumbnail_1000006687.jpg\"><img loading=\"lazy\" decoding=\"async\" class=\"aligncenter wp-image-5977 size-medium\" src=\"http:\/\/bankisuli.hu\/wp-content\/uploads\/2024\/10\/thumbnail_1000006687-300x138.jpg\" alt=\"\" width=\"300\" height=\"138\" srcset=\"https:\/\/bankisuli.hu\/wp-content\/uploads\/2024\/10\/thumbnail_1000006687-300x138.jpg 300w, https:\/\/bankisuli.hu\/wp-content\/uploads\/2024\/10\/thumbnail_1000006687-768x352.jpg 768w, https:\/\/bankisuli.hu\/wp-content\/uploads\/2024\/10\/thumbnail_1000006687-360x165.jpg 360w, https:\/\/bankisuli.hu\/wp-content\/uploads\/2024\/10\/thumbnail_1000006687.jpg 800w\" sizes=\"auto, (max-width: 300px) 100vw, 300px\" \/><\/a><\/h2>\n<h2 dir=\"auto\" style=\"text-align: justify;\" data-olk-copy-source=\"MessageBody\">1. nap<\/h2>\n<div dir=\"auto\" data-olk-copy-source=\"MessageBody\">&nbsp;<\/div>\n<div dir=\"auto\" style=\"text-align: justify;\">A VisegradFund projekt els\u0151 napja vend\u00e9geink fogad\u00e1s\u00e1val telt. Reggel Budapestre utaztunk \u00e9s a Liszt Ferenc rep\u00fcl\u0151t\u00e9ren v\u00e1rtuk a 10 di\u00e1kb\u00f3l \u00e9s k\u00e9t pedag\u00f3gusb\u00f3l \u00e1ll\u00f3 lengyel csoportot. A vend\u00e9gek rep\u00fcl\u0151g\u00e9pe 9.25-kor landolt. Egym\u00e1s megtal\u00e1l\u00e1sa, \u00fcdv\u00f6zl\u00e9se \u00e9s bemutatkoz\u00e1sa ut\u00e1n a belv\u00e1rosba utaztunk, ahol a csoport p\u00e9nzt v\u00e1ltott, majd a D\u00e9li p\u00e1lyaudvarra. Sokat besz\u00e9lgett\u00fcnk, ismerkedt\u00fcnk egym\u00e1ssal. Budapestr\u0151l vonattal utaztunk tov\u00e1bb Duna\u00fajv\u00e1rosba, ahov\u00e1 a d\u00e9lut\u00e1ni \u00f3r\u00e1kban \u00e9rkezt\u00fcnk. \u00c9rkez\u00e9s\u00fcnk ut\u00e1n elk\u00eds\u00e9rt\u00fck vend\u00e9geinket a sz\u00e1ll\u00e1shely\u00fckre, megmutattuk a k\u00f6rny\u00e9ken tal\u00e1lhat\u00f3 v\u00e1s\u00e1rl\u00e1si \u00e9s \u00e9tkez\u00e9si lehet\u0151s\u00e9geket \u00e9s pihenni hagytuk az utaz\u00e1s f\u00e1radalmait\u00f3l elcsig\u00e1zott vend\u00e9geinket.<\/div>\n<div dir=\"auto\">&nbsp;<\/div>\n<div dir=\"auto\">ngg_shortcode_0_placeholder<\/div>\n<h2 dir=\"auto\" style=\"text-align: justify;\">&nbsp;<\/h2>\n<div dir=\"auto\" style=\"text-align: justify;\">\n<h2 dir=\"auto\" data-olk-copy-source=\"MessageBody\">2. nap<\/h2>\n<div dir=\"auto\" data-olk-copy-source=\"MessageBody\">&nbsp;<\/div>\n<div dir=\"auto\">A VisegradFund p\u00e1ly\u00e1zat keret\u00e9ben ma iskol\u00e1nkba l\u00e1togattak el a lengyel di\u00e1kok \u00e9s koll\u00e9g\u00e1ink. Miut\u00e1n iskol\u00e1nk igazgat\u00f3asszonya, Dr Bartal Orsolya, \u00fcdv\u00f6z\u00f6lte \u0151ket, meghallgathattak egy nagyon tartalmas el\u0151ad\u00e1st Filarszkyn\u00e9 Tolnai \u00c1gnes tan\u00e1rn\u0151t\u0151l a magyar oktat\u00e1si rendszerr\u0151l \u00e9s iskol\u00e1nk t\u00f6rt\u00e9net\u00e9r\u0151l. Egy r\u00f6vid film keret\u00e9ben megismerhett\u00e9k Duna\u00fajv\u00e1rost. Majd a helyi di\u00e1kokkal egy\u00fctt, bej\u00e1rtuk az iskol\u00e1t ,megtekintett\u00fck az Duna\u00fajv\u00e1rosi Egyetem hegeszt\u0151labor\u00e1t \u00e9s a st\u00fadi\u00f3ban megismerhett\u00fck a film- \u00e9s h\u00edrad\u00f3 k\u00e9sz\u00edt\u00e9s m\u0171helytitkait. D\u00e9lut\u00e1n ell\u00e1togattunk a v\u00e1ros lengyel vonatkoz\u00e1s\u00fa helyeire ( Nowa Huta t\u00e9r, Mickiewicz utca, II.J\u00e1nos P\u00e1l p\u00e1pa szobra). Ek\u00f6zben nemcsak a jeles t\u00f6rt\u00e9neti, egyh\u00e1zi alakok \u00e9let\u00e9vel \u00e9s munk\u00e1ss\u00e1g\u00e1val ismerkedt\u00fcnk meg, de m\u00e9g egy k\u00f6z\u00f6s sz\u00fclinapi k\u00f6sz\u00f6nt\u0151re is sor ker\u00fclt.<\/div>\n<\/div>\n<div dir=\"auto\" style=\"text-align: justify;\">&nbsp;<\/div>\n<div dir=\"auto\">ngg_shortcode_1_placeholder<\/div>\n<div dir=\"auto\">&nbsp;<\/div>\n<div dir=\"auto\" style=\"text-align: justify;\">\n<h2 dir=\"auto\" data-olk-copy-source=\"MessageBody\">3. nap szekesfeh\u00e9rvar<\/h2>\n<div dir=\"auto\">&nbsp;<\/div>\n<div dir=\"auto\">Ma Sz\u00e9kesfeh\u00e9rv\u00e1rra l\u00e1togattunk, hogy a lengyel eml\u00e9keket a megyesz\u00e9khelyen felkeress\u00fck. El\u0151tte megtekintett\u00fcnk egy r\u00f6vidfilmet a t\u00e9m\u00e1ban, majd k\u00f6rbej\u00e1rtuk a k\u00f6vetkez\u0151ket: Feh\u00e9rv\u00e1ri husz\u00e1r szobor, K\u00f6z\u00e9pkori Romkert, Varkocs Gy\u00f6rgy szobra, Katyin eml\u00e9kkereszt. Az ut\u00f3bbin\u00e1l egy koszor\u00fat is elhelyezt\u00fcnk.&nbsp;<\/div>\n<div dir=\"auto\">A szakmai program ut\u00e1n volt lehet\u0151s\u00e9ge a di\u00e1koknak egy kicsit laz\u00edtani, v\u00e1s\u00e1rolgatni is.<\/div>\n<\/div>\n<div dir=\"auto\">&nbsp;<\/div>\n<div dir=\"auto\">ngg_shortcode_2_placeholder<\/div>\n<div dir=\"auto\" style=\"text-align: justify;\">&nbsp;<\/div>\n<div dir=\"auto\" style=\"text-align: justify;\">\n<h2 dir=\"auto\">4. nap<\/h2>\n<div dir=\"auto\">&nbsp;<\/div>\n<div dir=\"auto\">Cs\u00fct\u00f6rt\u00f6k\u00f6n ism\u00e9t iskol\u00e1nkban folytattuk a k\u00f6z\u00f6s projektet a lengyel di\u00e1kokkal. Megh\u00edvtuk Ewa Modrzejewsk\u00e1t, a Duna\u00fajv\u00e1rosi Lengyel Nemzetis\u00e9gi \u00d6nkorm\u00e1nyzat vezet\u0151j\u00e9t \u00e9s Stasinski Hugo Jerzyt. Ewa asszony sokat mes\u00e9lt a k\u00e9t n\u00e9p hagyom\u00e1nyair\u00f3l, k\u00f6z\u00f6s t\u00f6rt\u00e9nelmi m\u00faltj\u00e1r\u00f3l, a magyarorsz\u00e1gi lengyel iskol\u00e1kr\u00f3l,megosztotta vel\u00fcnk \u00e9lm\u00e9nyeit, hiszen 1978 \u00f3ta \u00e9l orsz\u00e1gunkban.&nbsp;<\/div>\n<div dir=\"auto\">A tartalmas, j\u00f3 hangulat\u00fa besz\u00e9lget\u00e9st k\u00f6vet\u0151en, di\u00e1kjaink p\u00e1rban(egy lengyel-egy magyar ) egy r\u00f6vid feladatot oldottak meg az itteni \u00e9lm\u00e9nyeikhez kapcsol\u00f3d\u00f3an. D\u00e9lut\u00e1n Budapesten folytat\u00f3dik a program.<\/div>\n<\/div>\n<div dir=\"auto\" style=\"text-align: justify;\">&nbsp;<\/div>\n<div dir=\"auto\">ngg_shortcode_3_placeholder<\/div>\n<div dir=\"auto\">&nbsp;<\/div>\n<div dir=\"auto\">\n<h2 dir=\"auto\" style=\"text-align: justify;\" data-olk-copy-source=\"MessageBody\">5. nap<\/h2>\n<div dir=\"auto\" style=\"text-align: justify;\">&nbsp;<\/div>\n<div dir=\"auto\" style=\"text-align: justify;\">Az utols\u00f3 napon Budapest nevezetess\u00e9geit l\u00e1togattuk meg egy\u00fctt. El\u0151sz\u00f6r a v\u00e1rnegyedben megn\u00e9zt\u00fck a M\u00e1ty\u00e1s Templomot \u00e9s a Hal\u00e1szb\u00e1sty\u00e1t, majd a projekt r\u00e9szek\u00e9n Ince p\u00e1pa szobr\u00e1t Sobieski J\u00e1nos lengyel kir\u00e1llyal, \u00e9s Anjou Hedvig \u00e9s Jagell\u00f3 Ul\u00e1szl\u00f3 eml\u00e9km\u0171v\u00e9vel. A k\u00f6vetkez\u0151 \u00e1llom\u00e1sunk a Szent Istv\u00e1n Bazilika volt, ahol nemcsak ezt a csod\u00e1s templomot l\u00e1togathattuk meg, hanem megk\u00f3stolhattuk a csokol\u00e1d\u00e9 fesztiv\u00e1l finoms\u00e1gait is. A mai nap utols\u00f3 \u00e1llom\u00e1sa a H\u0151s\u00f6k tere volt,ahol megismerkedt\u00fcnk a magyar t\u00f6rt\u00e9nelem jelesebb szem\u00e9lyis\u00e9geivel, s\u00e9t\u00e1ltunk a V\u00e1rosligetben.<\/div>\n<div dir=\"auto\" style=\"text-align: justify;\">Nagyon v\u00e1rjuk, hogy 3 h\u00e9t m\u00falva folytassuk a k\u00f6z\u00f6s projekt\u00fcnket \u00e9s betekint\u00e9st nyerj\u00fcnk Lengyelorsz\u00e1g t\u00f6rt\u00e9nelmi, kult\u00far\u00e1lis \u00e9s kulin\u00e1ris \u00e9let\u00e9be.<\/div>\n<\/div>\n<div dir=\"auto\">&nbsp;<\/div>\n<div dir=\"auto\">ngg_shortcode_4_placeholder<\/div>\n","protected":false},"excerpt":{"rendered":"<p>1. nap &nbsp; A VisegradFund projekt els\u0151 napja vend\u00e9geink fogad\u00e1s\u00e1val telt. Reggel Budapestre utaztunk \u00e9s a Liszt Ferenc rep\u00fcl\u0151t\u00e9ren v\u00e1rtuk a 10 di\u00e1kb\u00f3l \u00e9s k\u00e9t pedag\u00f3gusb\u00f3l \u00e1ll\u00f3 lengyel csoportot. A vend\u00e9gek rep\u00fcl\u0151g\u00e9pe 9.25-kor landolt. Egym\u00e1s megtal\u00e1l\u00e1sa, \u00fcdv\u00f6zl\u00e9se \u00e9s bemutatkoz\u00e1sa ut\u00e1n <a href=\"https:\/\/bankisuli.hu\/?page_id=5974\" class=\"read-more\">Tov\u00e1bb &#8230;<\/a><\/p>\n","protected":false},"author":5,"featured_media":0,"parent":0,"menu_order":0,"comment_status":"closed","ping_status":"closed","template":"","meta":{"ngg_post_thumbnail":0,"footnotes":""},"class_list":["post-5974","page","type-page","status-publish","hentry"],"_links":{"self":[{"href":"https:\/\/bankisuli.hu\/index.php?rest_route=\/wp\/v2\/pages\/5974","targetHints":{"allow":["GET"]}}],"collection":[{"href":"https:\/\/bankisuli.hu\/index.php?rest_route=\/wp\/v2\/pages"}],"about":[{"href":"https:\/\/bankisuli.hu\/index.php?rest_route=\/wp\/v2\/types\/page"}],"author":[{"embeddable":true,"href":"https:\/\/bankisuli.hu\/index.php?rest_route=\/wp\/v2\/users\/5"}],"replies":[{"embeddable":true,"href":"https:\/\/bankisuli.hu\/index.php?rest_route=%2Fwp%2Fv2%2Fcomments&post=5974"}],"version-history":[{"count":6,"href":"https:\/\/bankisuli.hu\/index.php?rest_route=\/wp\/v2\/pages\/5974\/revisions"}],"predecessor-version":[{"id":5983,"href":"https:\/\/bankisuli.hu\/index.php?rest_route=\/wp\/v2\/pages\/5974\/revisions\/5983"}],"wp:attachment":[{"href":"https:\/\/bankisuli.hu\/index.php?rest_route=%2Fwp%2Fv2%2Fmedia&parent=5974"}],"curies":[{"name":"wp","href":"https:\/\/api.w.org\/{rel}","templated":true}]}}