{"id":6047,"date":"2024-10-21T18:34:16","date_gmt":"2024-10-21T18:34:16","guid":{"rendered":"https:\/\/bankisuli.hu\/?page_id=6047"},"modified":"2024-10-21T19:09:35","modified_gmt":"2024-10-21T19:09:35","slug":"penzugyi-szamviteli-ugyintezo","status":"publish","type":"page","link":"https:\/\/bankisuli.hu\/?page_id=6047","title":{"rendered":"P\u00e9nz\u00fcgyi-sz\u00e1mviteli \u00fcgyint\u00e9z\u0151"},"content":{"rendered":"<p style=\"text-align: justify;\"><strong>Technikum<\/strong><\/p>\r\n<p style=\"text-align: justify;\">A technikum 9-12. \u00e9vfolyam\u00e1n el\u0151rehozott \u00e9retts\u00e9gire val\u00f3 felk\u00e9sz\u00edt\u00e9s \u00e9s \u00e1gazati szakmai oktat\u00e1s, szakk\u00e9pz\u00e9s folyik. A 13. \u00e9vfolyamon idegen nyelvi \u00e9s szakmai \u00e9retts\u00e9gire val\u00f3 felk\u00e9sz\u00edt\u00e9s folyik. Tanulm\u00e1nyi id\u0151 5 \u00e9v (4 \u00e9v ut\u00e1n, a 12. \u00e9vfolyam v\u00e9g\u00e9n el\u0151rehozott \u00e9retts\u00e9gi vizsga matematik\u00e1b\u00f3l, magyar nyelv \u00e9s irodalomb\u00f3l \u00e9s t\u00f6rt\u00e9nelemb\u0151l, majd az 5. \u00e9v \u2013 13. \u00e9vfolyam \u2013 v\u00e9g\u00e9n \u00e9retts\u00e9gi vizsga idegen nyelvb\u0151l \u00e9s szakmai vizsga).<\/p>\r\n<p style=\"text-align: justify;\">5 \u00c9VES K\u00c9PZ\u00c9S<\/p>\r\n<p style=\"text-align: justify;\">Gazd\u00e1lkod\u00e1s \u00e9s menedzsment \u00e1gazat 5 \u00e9ves k\u00e9pz\u00e9se, amely \u00e9retts\u00e9givel \u00e9s technikus szint\u0171 szakk\u00e9pzetts\u00e9g megszerz\u00e9s\u00e9vel z\u00e1rul.<\/p>\r\n<p style=\"text-align: justify;\"><strong>P\u00e9nz\u00fcgyi-sz\u00e1mviteli \u00fcgyint\u00e9z\u0151<\/strong><\/p>\r\n<p style=\"text-align: justify;\">A p\u00e9nz\u00fcgyi-sz\u00e1mviteli \u00fcgyint\u00e9z\u0151 a gazd\u00e1lkod\u00f3 szervezetek gazdas\u00e1gi tev\u00e9kenys\u00e9g\u00e9vel \u00f6sszef\u00fcgg\u0151 r\u00e9szfeladatait \u00f6n\u00e1ll\u00f3an v\u00e9gzi: k\u00f6nyvel\u00e9si feladatokat l\u00e1t el, sz\u00e1m\u00edt\u00f3g\u00e9pes programokat haszn\u00e1l, nyilv\u00e1ntart\u00e1sok vezet\u00e9s\u00e9ben vesz r\u00e9szt, k\u00f6zrem\u0171k\u00f6dik egyes p\u00e9nz\u00fcgyi m\u0171veletek el\u0151k\u00e9sz\u00edt\u00e9s\u00e9ben \u00e9s lebonyol\u00edt\u00e1s\u00e1ban.<\/p>\r\n<p style=\"text-align: justify;\">KOMPETENCIAELV\u00c1R\u00c1S<\/p>\r\n<p style=\"text-align: justify;\">Precizit\u00e1s, pontoss\u00e1g, rendszerszeml\u00e9let, rugalmass\u00e1g, szab\u00e1lyk\u00f6vet\u00e9si hajland\u00f3s\u00e1g, j\u00f3 kommunik\u00e1ci\u00f3s k\u00e9szs\u00e9g, probl\u00e9mamegold\u00f3 k\u00e9szs\u00e9g, csapatmunka, szervez\u0151k\u00e9szs\u00e9g, felel\u0151ss\u00e9gtudat, folyamatos \u00f6nfejleszt\u00e9si ig\u00e9ny.<\/p>\r\n<p style=\"text-align: justify;\">A SZAKK\u00c9PZETTS\u00c9GGEL RENDELKEZ\u0150<\/p>\r\n\r\n<ul style=\"text-align: justify;\">\r\n \t<li>\u00e9rti \u00e9s \u00e1tl\u00e1tja a gazd\u00e1lkod\u00f3 szervezet m\u0171k\u00f6d\u00e9s\u00e9t;<\/li>\r\n \t<li>k\u00e9pes a sz\u00e1m\u00edt\u00f3g\u00e9pes \u00fcgyviteli programok haszn\u00e1lat\u00e1ra;<\/li>\r\n \t<li>ismeri \u00e9s haszn\u00e1lja a kommunik\u00e1ci\u00f3s csatorn\u00e1kat;<\/li>\r\n \t<li>k\u00e9pess\u00e9 v\u00e1lik a v\u00e1llalkoz\u00e1sok alap\u00edt\u00e1s\u00e1val, m\u0171k\u00f6dtet\u00e9s\u00e9vel kapcsolatos adminisztrat\u00edv feladatok ell\u00e1t\u00e1s\u00e1ra;<\/li>\r\n \t<li>elv\u00e9gzi a banksz\u00e1ml\u00e1kkal kapcsolatos teend\u0151ket, a h\u00e1zip\u00e9nzt\u00e1rral kapcsolatos feladatokat;<\/li>\r\n \t<li>ell\u00e1tja a v\u00e1llalkoz\u00e1s ad\u00f3k\u00f6telezetts\u00e9gei teljes\u00edt\u00e9s\u00e9hez kapcsol\u00f3d\u00f3 elektronikus \u00fcgyint\u00e9z\u00e9si feladatokat;<\/li>\r\n \t<li>r\u00e9szt vesz a befektet\u00e9si d\u00f6nt\u00e9sekhez sz\u00fcks\u00e9ges inform\u00e1ci\u00f3 gy\u0171jt\u00e9s\u00e9ben;<\/li>\r\n \t<li>k\u00f6zrem\u0171k\u00f6dik a projektek p\u00e9nz\u00fcgyi tervez\u00e9s\u00e9ben;<\/li>\r\n \t<li>ell\u00e1tja a p\u00e9nz- \u00e9s hitelm\u0171veletekkel kapcsolatos \u00fcgyint\u00e9z\u00e9si feladatokat;<\/li>\r\n \t<li>sz\u00e1m\u00edt\u00f3g\u00e9pes programcsomag haszn\u00e1lat\u00e1val k\u00f6nyvel\u00e9si feladatokat l\u00e1t el;<\/li>\r\n \t<li>munkak\u00f6r\u00e9hez kapcsol\u00f3d\u00f3 hagyom\u00e1nyos \u00e9s digit\u00e1lis dokumentumokat k\u00e9sz\u00edt \u00e9s rendszerez.<\/li>\r\n<\/ul>\r\n<p style=\"text-align: justify;\">Aj\u00e1nlott minden \ufb01atal sz\u00e1m\u00e1ra, aki prec\u00edz \u00e9s pontos a munk\u00e1ja ell\u00e1t\u00e1s\u00e1ban, rendszerben gondolkodik, \u00e9rdekl\u0151dik a gazdas\u00e1gi folyamatok ir\u00e1nt, szereti a gyakorlatias feladatokat. A szakk\u00e9pzetts\u00e9ggel rendelkez\u0151k a gazdas\u00e1gi ter\u00fclet sz\u00e9les k\u00f6r\u00e9ben tudnak elhelyezkedni, vagy tov\u00e1bb tanulhatnak a gazdas\u00e1gi fels\u0151oktat\u00e1sban. Olyan magasabb szint\u0171 szakk\u00e9pzetts\u00e9get is szerezhetnek, mint pl.: m\u00e9rlegk\u00e9pes k\u00f6nyvel\u0151, v\u00e1m szakember, ad\u00f3tan\u00e1csad\u00f3, banki szakember.<\/p>\r\n\r\n<div class=\"wp-block-buttons is-layout-flex wp-block-buttons-is-layout-flex\">\r\n\r\n\r\n<div class=\"wp-block-button\"><a class=\"wp-block-button__link has-white-color has-text-color\" href=\"http:\/\/bankisuli.hu\/wp-content\/uploads\/2024\/10\/Penzugyi-szamviteli-ugyintezo-2020.06.22.-v1.pdf\" target=\"_blank\" rel=\"noreferrer noopener\">Programtanterv<\/a><\/div>\r\n\r\n\r\n\r\n\r\n<div class=\"wp-block-button\"><a class=\"wp-block-button__link has-white-color has-text-color\" href=\"http:\/\/bankisuli.hu\/wp-content\/uploads\/2024\/10\/Penzugyi-szamviteli-ugyintezo-2023.11.21.-v3.pdf\" target=\"_blank\" rel=\"noreferrer noopener\">K\u00e9pz\u00e9si \u00e9s kimeneti k\u00f6vetelm\u00e9nyek<\/a><\/div>\r\n\r\n\r\n<\/div>","protected":false},"excerpt":{"rendered":"<p>Technikum A technikum 9-12. \u00e9vfolyam\u00e1n el\u0151rehozott \u00e9retts\u00e9gire val\u00f3 felk\u00e9sz\u00edt\u00e9s \u00e9s \u00e1gazati szakmai oktat\u00e1s, szakk\u00e9pz\u00e9s folyik. A 13. \u00e9vfolyamon idegen nyelvi \u00e9s szakmai \u00e9retts\u00e9gire val\u00f3 felk\u00e9sz\u00edt\u00e9s folyik. Tanulm\u00e1nyi id\u0151 5 \u00e9v (4 \u00e9v ut\u00e1n, a 12. \u00e9vfolyam v\u00e9g\u00e9n el\u0151rehozott \u00e9retts\u00e9gi vizsga <a href=\"https:\/\/bankisuli.hu\/?page_id=6047\" class=\"read-more\">Tov\u00e1bb &#8230;<\/a><\/p>\n","protected":false},"author":5,"featured_media":0,"parent":0,"menu_order":0,"comment_status":"closed","ping_status":"closed","template":"","meta":{"ngg_post_thumbnail":0,"footnotes":""},"class_list":["post-6047","page","type-page","status-publish","hentry"],"_links":{"self":[{"href":"https:\/\/bankisuli.hu\/index.php?rest_route=\/wp\/v2\/pages\/6047","targetHints":{"allow":["GET"]}}],"collection":[{"href":"https:\/\/bankisuli.hu\/index.php?rest_route=\/wp\/v2\/pages"}],"about":[{"href":"https:\/\/bankisuli.hu\/index.php?rest_route=\/wp\/v2\/types\/page"}],"author":[{"embeddable":true,"href":"https:\/\/bankisuli.hu\/index.php?rest_route=\/wp\/v2\/users\/5"}],"replies":[{"embeddable":true,"href":"https:\/\/bankisuli.hu\/index.php?rest_route=%2Fwp%2Fv2%2Fcomments&post=6047"}],"version-history":[{"count":5,"href":"https:\/\/bankisuli.hu\/index.php?rest_route=\/wp\/v2\/pages\/6047\/revisions"}],"predecessor-version":[{"id":6096,"href":"https:\/\/bankisuli.hu\/index.php?rest_route=\/wp\/v2\/pages\/6047\/revisions\/6096"}],"wp:attachment":[{"href":"https:\/\/bankisuli.hu\/index.php?rest_route=%2Fwp%2Fv2%2Fmedia&parent=6047"}],"curies":[{"name":"wp","href":"https:\/\/api.w.org\/{rel}","templated":true}]}}