{"id":6628,"date":"2025-02-27T10:33:00","date_gmt":"2025-02-27T10:33:00","guid":{"rendered":"https:\/\/bankisuli.hu\/?page_id=6628"},"modified":"2026-04-01T11:32:59","modified_gmt":"2026-04-01T11:32:59","slug":"fenntarthatosag-kornyezetvedelem","status":"publish","type":"page","link":"https:\/\/bankisuli.hu\/?page_id=6628","title":{"rendered":"\u00d6koiskola"},"content":{"rendered":"<h1 style=\"text-align: center;\">Fenntarthat\u00f3s\u00e1g, k\u00f6rnyezetv\u00e9delem<\/h1>\n<h2>Iskol\u00e1nk elk\u00f6telezett abban, hogy tanul\u00f3ink megismerj\u00e9k \u00e9s elsaj\u00e1t\u00edts\u00e1k a fenntarthat\u00f3s\u00e1g \u00e9s a k\u00f6rnyezettudatos gondolkod\u00e1s fontoss\u00e1g\u00e1t:&nbsp;<\/h2>\n<p style=\"text-align: center;\"><a href=\"http:\/\/bankisuli.hu\/wp-content\/uploads\/2025\/05\/okoiskola_logo.png\"><img loading=\"lazy\" decoding=\"async\" class=\"aligncenter wp-image-7350 size-medium\" src=\"http:\/\/bankisuli.hu\/wp-content\/uploads\/2025\/05\/okoiskola_logo-300x240.png\" alt=\"\" width=\"300\" height=\"240\" srcset=\"https:\/\/bankisuli.hu\/wp-content\/uploads\/2025\/05\/okoiskola_logo-300x240.png 300w, https:\/\/bankisuli.hu\/wp-content\/uploads\/2025\/05\/okoiskola_logo-1024x819.png 1024w, https:\/\/bankisuli.hu\/wp-content\/uploads\/2025\/05\/okoiskola_logo-768x615.png 768w, https:\/\/bankisuli.hu\/wp-content\/uploads\/2025\/05\/okoiskola_logo-337x270.png 337w, https:\/\/bankisuli.hu\/wp-content\/uploads\/2025\/05\/okoiskola_logo.png 1416w\" sizes=\"auto, (max-width: 300px) 100vw, 300px\" \/><\/a><span data-olk-copy-source=\"MessageBody\">Az Oktat\u00e1si Hivatal honlapj\u00e1nak fenntarthat\u00f3s\u00e1gra nevel\u00e9s aloldal\u00e1n: <\/span><\/p>\n<p style=\"text-align: center;\"><span data-olk-copy-source=\"MessageBody\">(<\/span><a id=\"anchor-65cc75cc-1e0f-7ab0-fc43-b017aa601acc\" title=\"https:\/\/www.oktatas.hu\/kozneveles\/pedagogiai_szakmai_szolgaltatasok\/fenntarthatosagra_neveles\" href=\"https:\/\/www.oktatas.hu\/kozneveles\/pedagogiai_szakmai_szolgaltatasok\/fenntarthatosagra_neveles\" target=\"_blank\" rel=\"noopener noreferrer\" data-auth=\"NotApplicable\" data-linkindex=\"0\">https:\/\/www.oktatas.hu\/kozneveles\/pedagogiai_szakmai_szolgaltatasok\/fenntarthatosagra_neveles<\/a>)<\/p>\n<p style=\"text-align: center;\">hasznos seg\u00e9danyagokat \u00e9s szakirodalmat tal\u00e1lhatnak, valamint az \u00d6koiskola H\u00e1l\u00f3zat tagjainak adatb\u00e1zis\u00e1t, \u00e9s a hivatalos \u00d6koiskola \u00e9s \u00d6r\u00f6k\u00f6s \u00d6koiskola log\u00f3kat is megtal\u00e1lhatj\u00e1k.<\/p>\n<p>&nbsp;<\/p>\n<p><a href=\"http:\/\/bankisuli.hu\/wp-content\/uploads\/2025\/02\/hatter.png\"><img loading=\"lazy\" decoding=\"async\" class=\"aligncenter wp-image-6632\" src=\"http:\/\/bankisuli.hu\/wp-content\/uploads\/2025\/02\/hatter-300x149.png\" alt=\"\" width=\"518\" height=\"258\" srcset=\"https:\/\/bankisuli.hu\/wp-content\/uploads\/2025\/02\/hatter-300x149.png 300w, https:\/\/bankisuli.hu\/wp-content\/uploads\/2025\/02\/hatter-768x382.png 768w, https:\/\/bankisuli.hu\/wp-content\/uploads\/2025\/02\/hatter-360x179.png 360w, https:\/\/bankisuli.hu\/wp-content\/uploads\/2025\/02\/hatter.png 1015w\" sizes=\"auto, (max-width: 518px) 100vw, 518px\" \/><\/a><\/p>\n<h3 style=\"text-align: center;\"><a href=\"https:\/\/bankisuli.hu\/?p=10179\">Digit\u00e1lis T\u00e9mah\u00e9t a B\u00e1nkiban<\/a><\/h3>\n<h3 style=\"text-align: center;\"><a href=\"https:\/\/bankisuli.hu\/?p=9134\">Ki\u00e1ll\u00edt\u00e1s az ENSZ Fenntarthat\u00f3 Fejl\u0151d\u00e9si C\u00e9ljair\u00f3l a B\u00e1nkiban<\/a><\/h3>\n<h3 style=\"text-align: center;\"><a href=\"https:\/\/bankisuli.hu\/?p=8964\">\u00d6koiskolai projekt<\/a><\/h3>\n<h3 style=\"text-align: center;\"><a href=\"https:\/\/bankisuli.hu\/?p=8787\">Valami k\u00e9sz\u00fcl&#8230;<\/a><\/h3>\n<h3 style=\"text-align: center;\"><a href=\"https:\/\/bankisuli.hu\/?p=8199\">Mad\u00e1retet\u0151<\/a><\/h3>\n<h3 style=\"text-align: center;\"><a href=\"https:\/\/bankisuli.hu\/?p=8070\">Eur\u00f3pai Mobilit\u00e1s Heti programon a B\u00e1nkisok<\/a><\/h3>\n<h3 style=\"text-align: center;\"><a href=\"https:\/\/bankisuli.hu\/?p=8059\">Eur\u00f3pai Mobilit\u00e1s Het\u00e9n a B\u00e1nkisok<\/a><\/h3>\n<h3 style=\"text-align: center;\"><a href=\"https:\/\/bankisuli.hu\/?p=8098\">Kutat\u00f3k \u00e9jszak\u00e1ja a B\u00e1nkiban<\/a><\/h3>\n<h3 style=\"text-align: center;\"><a href=\"https:\/\/bankisuli.hu\/?p=8118\">\u00d6koiskolai program a B\u00e1nkisoknak<\/a><\/h3>\n<h3 style=\"text-align: center;\"><a href=\"https:\/\/bankisuli.hu\/?p=4918\">Mr\u00e1z Zsuzsanna \u2013 P\u00e9nz\u00fcgyi tev\u00e9kenys\u00e9g eduk\u00e1ci\u00f3 a b\u00e1nkis di\u00e1koknak<\/a><\/h3>\n<h3 style=\"text-align: center;\"><a href=\"https:\/\/bankisuli.hu\/?p=8185\">\u00c1llatv\u00e9delmi Nap<\/a><\/h3>\n<h3 style=\"text-align: center;\"><a href=\"https:\/\/bankisuli.hu\/?p=8283\">Akt\u00edv K\u00f6zleked\u00e9s Hete a B\u00e1nkiban<\/a><\/h3>\n<h3 style=\"text-align: center;\">Bekapcsol\u00f3dunk a K\u00c9K-DUNA K\u00d6RNYEZETV\u00c9DELMI PROJEKT-be &#8211; Szeml\u00e9letform\u00e1l\u00f3 programon a B\u00e1nkisok &#8211;<\/h3>\n<h3 style=\"text-align: center;\"><b>Megtiszt\u00edtjuk \u00e9s kellemesebb\u00e9 var\u00e1zsoljuk Duna\u00fajv\u00e1ros fest\u0151i Duna-partj\u00e1t \u00e1prilis 11-\u00e9n:<\/b><\/h3>\n<p style=\"text-align: center;\"><a href=\"http:\/\/bankisuli.hu\/wp-content\/uploads\/2025\/04\/KEK-DUNA-KORNYEZETVEDELMI-AKCIO-SZEMLELETFORMALO-KIADVANY.pdf\">K\u00c9K-DUNA K\u00d6RNYEZETV\u00c9DELMI AKCI\u00d3 &#8211; SZEML\u00c9LETFORM\u00c1L\u00d3 KIADV\u00c1NY<\/a><\/p>\n<p style=\"text-align: center;\"><a href=\"http:\/\/bankisuli.hu\/wp-content\/uploads\/2025\/04\/KEK-DUNA-KORNYEZETVEDELMI-AKCIO-GYAKORLATI-UTMUTATO.pdf\">K\u00c9K-DUNA K\u00d6RNYEZETV\u00c9DELMI AKCI\u00d3 &#8211; GYAKORLATI \u00daTMUTAT\u00d3<\/a><\/p>\n<p style=\"text-align: center;\"><a href=\"http:\/\/bankisuli.hu\/wp-content\/uploads\/2025\/04\/Kek-Duna-Kornyezetvedelmi-Projekt-akcio-terkep-Dunaujvaros.pdf\">K\u00e9k-Duna K\u00f6rnyezetv\u00e9delmi Projekt &#8211; akci\u00f3 t\u00e9rk\u00e9p (Duna\u00fajv\u00e1ros)<\/a><\/p>\n<h2 style=\"text-align: center;\"><a href=\"https:\/\/bankisuli.hu\/?p=7034\">K\u00e9k-Duna K\u00f6rnyezetv\u00e9delmi Projekt szem\u00e9tszed\u00e9s akci\u00f3<\/a><\/h2>\n<h2 style=\"text-align: center;\"><a href=\"https:\/\/bankisuli.hu\/?p=7181\">Fenntarthat\u00f3s\u00e1gi T\u00e9mah\u00e9t 2025 &#8211; K\u00e9pes \u00f6sszefoglal\u00f3<\/a><\/h2>\n<p>&nbsp;<\/p>\n<h3>Kor\u00e1bbi &#8222;Z\u00f6ld&#8221; programjaink:<\/h3>\n<h3 style=\"text-align: center;\"><a href=\"https:\/\/bankisuli.hu\/?p=5373\">Tematikus t\u00e9mah\u00e9t a B\u00e1nkiban a fenntarthat\u00f3s\u00e1g jegy\u00e9ben<\/a><\/h3>\n<h3 style=\"text-align: center;\"><a href=\"https:\/\/bankisuli.hu\/?p=3527\">Fenntarthat\u00f3s\u00e1gi T\u00e9mah\u00e9t a B\u00e1nkiban<\/a><\/h3>\n<h3 style=\"text-align: center;\"><a href=\"https:\/\/bankisuli.hu\/?p=5315\">B\u00e1nkInga<\/a><\/h3>\n<h3 style=\"text-align: center;\"><a href=\"https:\/\/bankisuli.hu\/?p=5558\">HUMDA \u2013 Z\u00f6ld \u00c9letre Val\u00f3k Roadshow<\/a><\/h3>\n<h3 style=\"text-align: center;\"><a href=\"https:\/\/bankisuli.hu\/?p=5817\">\u00c1llatv\u00e9delmi T\u00e9mah\u00e9t a B\u00e1nkiban<\/a><\/h3>\n<h3 style=\"text-align: center;\"><a href=\"https:\/\/bankisuli.hu\/?p=5821\">A Macskasz\u00edv Alap\u00edtv\u00e1ny a B\u00e1nkiban<\/a><\/h3>\n<h3 style=\"text-align: center;\"><a href=\"https:\/\/bankisuli.hu\/?p=6019\">B\u00e1nki-kert<\/a><\/h3>\n<h3 style=\"text-align: center;\"><a href=\"https:\/\/bankisuli.hu\/?p=2948\">Kl\u00edmav\u00e9delmi konferenci\u00e1n a b\u00e1nkis di\u00e1kok<\/a><\/h3>\n<h3 style=\"text-align: center;\"><a href=\"https:\/\/bankisuli.hu\/?p=5731\">Eur\u00f3pai Mobilit\u00e1si H\u00e9t<\/a><\/h3>\n<div id=\"05AD4D8A_4C5D_BC6A_03B1_B321C45D5C69\">&nbsp;<\/div>\n","protected":false},"excerpt":{"rendered":"<p>Fenntarthat\u00f3s\u00e1g, k\u00f6rnyezetv\u00e9delem Iskol\u00e1nk elk\u00f6telezett abban, hogy tanul\u00f3ink megismerj\u00e9k \u00e9s elsaj\u00e1t\u00edts\u00e1k a fenntarthat\u00f3s\u00e1g \u00e9s a k\u00f6rnyezettudatos gondolkod\u00e1s fontoss\u00e1g\u00e1t:&nbsp; Az Oktat\u00e1si Hivatal honlapj\u00e1nak fenntarthat\u00f3s\u00e1gra nevel\u00e9s aloldal\u00e1n: (https:\/\/www.oktatas.hu\/kozneveles\/pedagogiai_szakmai_szolgaltatasok\/fenntarthatosagra_neveles) hasznos seg\u00e9danyagokat \u00e9s szakirodalmat tal\u00e1lhatnak, valamint az \u00d6koiskola H\u00e1l\u00f3zat tagjainak adatb\u00e1zis\u00e1t, \u00e9s a hivatalos \u00d6koiskola <a href=\"https:\/\/bankisuli.hu\/?page_id=6628\" class=\"read-more\">Tov\u00e1bb &#8230;<\/a><\/p>\n","protected":false},"author":5,"featured_media":0,"parent":0,"menu_order":0,"comment_status":"closed","ping_status":"closed","template":"","meta":{"ngg_post_thumbnail":0,"footnotes":""},"class_list":["post-6628","page","type-page","status-publish","hentry"],"_links":{"self":[{"href":"https:\/\/bankisuli.hu\/index.php?rest_route=\/wp\/v2\/pages\/6628","targetHints":{"allow":["GET"]}}],"collection":[{"href":"https:\/\/bankisuli.hu\/index.php?rest_route=\/wp\/v2\/pages"}],"about":[{"href":"https:\/\/bankisuli.hu\/index.php?rest_route=\/wp\/v2\/types\/page"}],"author":[{"embeddable":true,"href":"https:\/\/bankisuli.hu\/index.php?rest_route=\/wp\/v2\/users\/5"}],"replies":[{"embeddable":true,"href":"https:\/\/bankisuli.hu\/index.php?rest_route=%2Fwp%2Fv2%2Fcomments&post=6628"}],"version-history":[{"count":16,"href":"https:\/\/bankisuli.hu\/index.php?rest_route=\/wp\/v2\/pages\/6628\/revisions"}],"predecessor-version":[{"id":10214,"href":"https:\/\/bankisuli.hu\/index.php?rest_route=\/wp\/v2\/pages\/6628\/revisions\/10214"}],"wp:attachment":[{"href":"https:\/\/bankisuli.hu\/index.php?rest_route=%2Fwp%2Fv2%2Fmedia&parent=6628"}],"curies":[{"name":"wp","href":"https:\/\/api.w.org\/{rel}","templated":true}]}}