{"id":7804,"date":"2025-06-19T07:38:43","date_gmt":"2025-06-19T07:38:43","guid":{"rendered":"https:\/\/bankisuli.hu\/?page_id=7804"},"modified":"2025-06-24T12:01:11","modified_gmt":"2025-06-24T12:01:11","slug":"kulso-ertekelesek-es-osszegzo-jelentesek","status":"publish","type":"page","link":"https:\/\/bankisuli.hu\/?page_id=7804","title":{"rendered":"K\u00fcls\u0151 \u00e9rt\u00e9kel\u00e9sek \u00e9s \u00f6sszegz\u0151 jelent\u00e9sek"},"content":{"rendered":"<h2>&nbsp;<\/h2>\n<h2 style=\"text-align: center;\"><a href=\"http:\/\/bankisuli.hu\/wp-content\/uploads\/2025\/06\/DUE-BDT-2023-24-Kompetenciameres-Intezmenyi-eredmenyek.pdf\">DUE BDT 2023-24 Kompetenciam\u00e9r\u00e9s Int\u00e9zm\u00e9nyi eredm\u00e9nyek pdf<\/a><\/h2>\n<h2 style=\"text-align: center;\"><a href=\"http:\/\/bankisuli.hu\/wp-content\/uploads\/2025\/06\/DUE-BDT-2024-25-Kompetenciameres-Intezmenyi-eredmenyek.pdf\">DUE BDT 2024-25 Kompetenciam\u00e9r\u00e9s Int\u00e9zm\u00e9nyi eredm\u00e9nyek pdf<\/a><\/h2>\n<p>&nbsp;<\/p>\n<h3 style=\"text-align: center; color: red;\"><strong>Iskol\u00e1nkban m\u00e9g nem volt k\u00fcls\u0151 ellen\u0151rz\u00e9s.<\/strong><\/h3>\n<p>&nbsp;<\/p>\n<p>&nbsp;<\/p>\n<p>&nbsp;<\/p>\n","protected":false},"excerpt":{"rendered":"<p>&nbsp; DUE BDT 2023-24 Kompetenciam\u00e9r\u00e9s Int\u00e9zm\u00e9nyi eredm\u00e9nyek pdf DUE BDT 2024-25 Kompetenciam\u00e9r\u00e9s Int\u00e9zm\u00e9nyi eredm\u00e9nyek pdf &nbsp; Iskol\u00e1nkban m\u00e9g nem volt k\u00fcls\u0151 ellen\u0151rz\u00e9s. &nbsp; &nbsp; &nbsp;<\/p>\n","protected":false},"author":5,"featured_media":0,"parent":0,"menu_order":0,"comment_status":"closed","ping_status":"closed","template":"","meta":{"ngg_post_thumbnail":0,"footnotes":""},"class_list":["post-7804","page","type-page","status-publish","hentry"],"_links":{"self":[{"href":"https:\/\/bankisuli.hu\/index.php?rest_route=\/wp\/v2\/pages\/7804","targetHints":{"allow":["GET"]}}],"collection":[{"href":"https:\/\/bankisuli.hu\/index.php?rest_route=\/wp\/v2\/pages"}],"about":[{"href":"https:\/\/bankisuli.hu\/index.php?rest_route=\/wp\/v2\/types\/page"}],"author":[{"embeddable":true,"href":"https:\/\/bankisuli.hu\/index.php?rest_route=\/wp\/v2\/users\/5"}],"replies":[{"embeddable":true,"href":"https:\/\/bankisuli.hu\/index.php?rest_route=%2Fwp%2Fv2%2Fcomments&post=7804"}],"version-history":[{"count":5,"href":"https:\/\/bankisuli.hu\/index.php?rest_route=\/wp\/v2\/pages\/7804\/revisions"}],"predecessor-version":[{"id":7899,"href":"https:\/\/bankisuli.hu\/index.php?rest_route=\/wp\/v2\/pages\/7804\/revisions\/7899"}],"wp:attachment":[{"href":"https:\/\/bankisuli.hu\/index.php?rest_route=%2Fwp%2Fv2%2Fmedia&parent=7804"}],"curies":[{"name":"wp","href":"https:\/\/api.w.org\/{rel}","templated":true}]}}