{"id":7873,"date":"2025-06-24T11:17:25","date_gmt":"2025-06-24T11:17:25","guid":{"rendered":"https:\/\/bankisuli.hu\/?page_id=7873"},"modified":"2025-12-17T09:35:51","modified_gmt":"2025-12-17T09:35:51","slug":"osztalyok-es-osztalyfonokeik","status":"publish","type":"page","link":"https:\/\/bankisuli.hu\/?page_id=7873","title":{"rendered":"Oszt\u00e1lyok \u00e9s Oszt\u00e1lyf\u0151n\u00f6keik"},"content":{"rendered":"<h2 style=\"text-align: center;\"><a href=\"http:\/\/bankisuli.hu\/wp-content\/uploads\/2025\/06\/DUE_BDT_osztalyok_2024_10_01.pdf\">DUE BDT oszt\u00e1lyok 2024-2025.tan\u00e9v pdf<\/a><\/h2>\n<p>&nbsp;<\/p>\n<h2 style=\"text-align: center;\">Oszt\u00e1lyf\u0151n\u00f6k\u00f6k \u00e9s oszt\u00e1lyf\u0151n\u00f6k-helyettesek<\/h2>\n<h2 style=\"text-align: center;\">2025-2026. tan\u00e9v<\/h2>\n<table width=\"643\">\n<tbody>\n<tr>\n<td width=\"50\">9.A<\/td>\n<td width=\"295\">Jadl\u00f3szkin\u00e9 Nemes Ildik\u00f3 Katalin<\/td>\n<td width=\"265\">Jadl\u00f3szki Zolt\u00e1n<\/td>\n<\/tr>\n<tr>\n<td width=\"50\">9.B<\/td>\n<td width=\"295\">Gendur Krisztina Rebeka<\/td>\n<td width=\"265\">Moln\u00e1r G\u00e1born\u00e9<\/td>\n<\/tr>\n<tr>\n<td width=\"50\">9.C<\/td>\n<td width=\"295\">Solymosi Csilla<\/td>\n<td width=\"265\">Barna P\u00e9ter<\/td>\n<\/tr>\n<tr>\n<td width=\"50\">9.D<\/td>\n<td width=\"295\">Lemmer Anik\u00f3<\/td>\n<td width=\"265\">F\u00fcgedi Anna<\/td>\n<\/tr>\n<tr>\n<td width=\"50\">9.E<\/td>\n<td width=\"295\">Holinszky Val\u00e9ria<\/td>\n<td width=\"265\">G\u00f6nczi Gabriella<\/td>\n<\/tr>\n<tr>\n<td width=\"50\">9.NY<\/td>\n<td width=\"295\">Szab\u00f3n\u00e9 Papp Krisztina<\/td>\n<td width=\"265\">Szigetf\u0171n\u00e9 Papp Szilvia<\/td>\n<\/tr>\n<tr>\n<td width=\"50\">10.A<\/td>\n<td width=\"295\">Horv\u00e1th Ferenc Lajos<\/td>\n<td width=\"265\">Jadl\u00f3szki Zolt\u00e1n<\/td>\n<\/tr>\n<tr>\n<td width=\"50\">10.B<\/td>\n<td width=\"295\">Kov\u00e1cs Viktor<\/td>\n<td width=\"265\">Johan J\u00f3zsef<\/td>\n<\/tr>\n<tr>\n<td width=\"50\">10.C<\/td>\n<td width=\"295\">Barna P\u00e9ter<\/td>\n<td width=\"265\">Gendur Krisztina Rebeka<\/td>\n<\/tr>\n<tr>\n<td width=\"50\">10.D<\/td>\n<td width=\"295\">Fekete-Vadas Zsuzsanna<\/td>\n<td width=\"265\">Fut\u00f3n\u00e9 Szaucsuk Erika<\/td>\n<\/tr>\n<tr>\n<td width=\"50\">10.E<\/td>\n<td width=\"295\">G\u00f6nczi Gabriella<\/td>\n<td width=\"265\">Luk\u00e1csn\u00e9 Sz\u00e9kely Anik\u00f3<\/td>\n<\/tr>\n<tr>\n<td width=\"50\">11.A<\/td>\n<td width=\"295\">Salamon Attila Mikl\u00f3s<\/td>\n<td width=\"265\">Szombathelyi Norbert<\/td>\n<\/tr>\n<tr>\n<td width=\"50\">11.B<\/td>\n<td width=\"295\">Luk\u00e1csn\u00e9 Sz\u00e9kely Anik\u00f3<\/td>\n<td width=\"265\">Korom K\u00e1roly<\/td>\n<\/tr>\n<tr>\n<td width=\"50\">11.C<\/td>\n<td width=\"295\">K\u0151kuti Imre<\/td>\n<td width=\"265\">Bog\u00e1r Roland<\/td>\n<\/tr>\n<tr>\n<td width=\"50\">11.D<\/td>\n<td width=\"295\">Kov\u00e1csn\u00e9 Rubint \u00c1gnes<\/td>\n<td width=\"265\">Biliczki Gabriella<\/td>\n<\/tr>\n<tr>\n<td width=\"50\">11.E<\/td>\n<td width=\"295\">Fut\u00f3n\u00e9 Szaucsuk Erika<\/td>\n<td width=\"265\">Fekete-Vadas Zsuzsanna<\/td>\n<\/tr>\n<tr>\n<td width=\"50\">12.A<\/td>\n<td width=\"295\">Antal Lajos<\/td>\n<td width=\"265\">Biliczki Gabriella<\/td>\n<\/tr>\n<tr>\n<td width=\"50\">12.B<\/td>\n<td width=\"295\">Hal\u00e1sz Gy\u00f6ngyv\u00e9r<\/td>\n<td width=\"265\">Bogn\u00e1rn\u00e9 Pongr\u00e1cz M\u00e1ria<\/td>\n<\/tr>\n<tr>\n<td width=\"50\">12.C<\/td>\n<td width=\"295\">Bogn\u00e1rn\u00e9 Pongr\u00e1cz M\u00e1ria<\/td>\n<td width=\"265\">Filarszkyn\u00e9 Tolnai \u00c1gnes<\/td>\n<\/tr>\n<tr>\n<td width=\"50\">12.D<\/td>\n<td width=\"295\">Andr\u00e1s Zolt\u00e1n<\/td>\n<td width=\"265\">Lemmer Anik\u00f3<\/td>\n<\/tr>\n<tr>\n<td width=\"50\">12.E<\/td>\n<td width=\"295\">Bog\u00e1r Roland<\/td>\n<td width=\"265\">K\u0151kuti Imre<\/td>\n<\/tr>\n<tr>\n<td width=\"50\">13.A<\/td>\n<td width=\"295\">Biliczki Gabriella<\/td>\n<td width=\"265\">Dank\u00f3 R\u00f3bert<\/td>\n<\/tr>\n<tr>\n<td width=\"50\">13.B<\/td>\n<td width=\"295\">Moln\u00e1r G\u00e1born\u00e9<\/td>\n<td width=\"265\">Hal\u00e1sz Gy\u00f6ngyv\u00e9r<\/td>\n<\/tr>\n<tr>\n<td width=\"50\">13.C<\/td>\n<td width=\"295\">Szombathelyi Norbert<\/td>\n<td width=\"265\">Salamon Attila<\/td>\n<\/tr>\n<tr>\n<td width=\"50\">13.D<\/td>\n<td width=\"295\">Filarszkyn\u00e9 Tolnai \u00c1gnes<\/td>\n<td width=\"265\">Kov\u00e1csn\u00e9 Rubint \u00c1gnes<\/td>\n<\/tr>\n<\/tbody>\n<\/table>\n<p>&nbsp;<\/p>\n<p>&nbsp;<\/p>\n<p>&nbsp;<\/p>\n<p>&nbsp;<\/p>\n","protected":false},"excerpt":{"rendered":"<p>DUE BDT oszt\u00e1lyok 2024-2025.tan\u00e9v pdf &nbsp; Oszt\u00e1lyf\u0151n\u00f6k\u00f6k \u00e9s oszt\u00e1lyf\u0151n\u00f6k-helyettesek 2025-2026. tan\u00e9v 9.A Jadl\u00f3szkin\u00e9 Nemes Ildik\u00f3 Katalin Jadl\u00f3szki Zolt\u00e1n 9.B Gendur Krisztina Rebeka Moln\u00e1r G\u00e1born\u00e9 9.C Solymosi Csilla Barna P\u00e9ter 9.D Lemmer Anik\u00f3 F\u00fcgedi Anna 9.E Holinszky Val\u00e9ria G\u00f6nczi Gabriella 9.NY <a href=\"https:\/\/bankisuli.hu\/?page_id=7873\" class=\"read-more\">Tov\u00e1bb &#8230;<\/a><\/p>\n","protected":false},"author":5,"featured_media":0,"parent":0,"menu_order":0,"comment_status":"closed","ping_status":"closed","template":"","meta":{"ngg_post_thumbnail":0,"footnotes":""},"class_list":["post-7873","page","type-page","status-publish","hentry"],"_links":{"self":[{"href":"https:\/\/bankisuli.hu\/index.php?rest_route=\/wp\/v2\/pages\/7873","targetHints":{"allow":["GET"]}}],"collection":[{"href":"https:\/\/bankisuli.hu\/index.php?rest_route=\/wp\/v2\/pages"}],"about":[{"href":"https:\/\/bankisuli.hu\/index.php?rest_route=\/wp\/v2\/types\/page"}],"author":[{"embeddable":true,"href":"https:\/\/bankisuli.hu\/index.php?rest_route=\/wp\/v2\/users\/5"}],"replies":[{"embeddable":true,"href":"https:\/\/bankisuli.hu\/index.php?rest_route=%2Fwp%2Fv2%2Fcomments&post=7873"}],"version-history":[{"count":6,"href":"https:\/\/bankisuli.hu\/index.php?rest_route=\/wp\/v2\/pages\/7873\/revisions"}],"predecessor-version":[{"id":8992,"href":"https:\/\/bankisuli.hu\/index.php?rest_route=\/wp\/v2\/pages\/7873\/revisions\/8992"}],"wp:attachment":[{"href":"https:\/\/bankisuli.hu\/index.php?rest_route=%2Fwp%2Fv2%2Fmedia&parent=7873"}],"curies":[{"name":"wp","href":"https:\/\/api.w.org\/{rel}","templated":true}]}}