{"id":8579,"date":"2025-11-06T09:31:03","date_gmt":"2025-11-06T09:31:03","guid":{"rendered":"https:\/\/bankisuli.hu\/?page_id=8579"},"modified":"2026-01-28T08:48:51","modified_gmt":"2026-01-28T08:48:51","slug":"aktiv-iskola","status":"publish","type":"page","link":"https:\/\/bankisuli.hu\/?page_id=8579","title":{"rendered":"Akt\u00edv iskola"},"content":{"rendered":"<h2><a href=\"http:\/\/bankisuli.hu\/wp-content\/uploads\/2025\/11\/AI_logo.png\"><img loading=\"lazy\" decoding=\"async\" class=\"aligncenter wp-image-8629 size-medium\" src=\"http:\/\/bankisuli.hu\/wp-content\/uploads\/2025\/11\/AI_logo-300x281.png\" alt=\"\" width=\"300\" height=\"281\" srcset=\"https:\/\/bankisuli.hu\/wp-content\/uploads\/2025\/11\/AI_logo-300x281.png 300w, https:\/\/bankisuli.hu\/wp-content\/uploads\/2025\/11\/AI_logo-1024x960.png 1024w, https:\/\/bankisuli.hu\/wp-content\/uploads\/2025\/11\/AI_logo-768x720.png 768w, https:\/\/bankisuli.hu\/wp-content\/uploads\/2025\/11\/AI_logo-1536x1440.png 1536w, https:\/\/bankisuli.hu\/wp-content\/uploads\/2025\/11\/AI_logo-288x270.png 288w, https:\/\/bankisuli.hu\/wp-content\/uploads\/2025\/11\/AI_logo.png 1737w\" sizes=\"auto, (max-width: 300px) 100vw, 300px\" \/><\/a><\/h2>\n<h3 style=\"text-align: justify;\">Nagy \u00f6r\u00f6mmel tudatjuk, hogy iskol\u00e1nk 2025. szeptember 1-t\u0151l csatlakozott a Magyar Di\u00e1ksport Sz\u00f6vets\u00e9g egyik kiemelt div\u00edzi\u00f3j\u00e1hoz, az Akt\u00edv Iskola programhoz. Az iskol\u00e1ban \u00e9v eleje \u00f3ta g\u0151zer\u0151vel folyik a munka, hogy min\u00e9l sz\u00ednvonalasabb \u00e9s gazdagabb tartalommal t\u00f6lthess\u00fck meg az el\u0151tt\u00fcnk \u00e1ll\u00f3 tan\u00e9vet.<\/h3>\n<h3 style=\"text-align: justify;\">Sok \u00fajdons\u00e1ggal \u00e9s akt\u00edv r\u00e9szv\u00e9tellel v\u00e1rjuk tanul\u00f3inkat, csal\u00e1djaikat \u00e9s koll\u00e9g\u00e1inkat ebbe a nagyszer\u0171 lehet\u0151s\u00e9geket rejt\u0151 egy\u00fcttm\u0171k\u00f6d\u00e9sbe!<\/h3>\n<h4 style=\"text-align: center;\"><a href=\"http:\/\/bankisuli.hu\/wp-content\/uploads\/2025\/11\/AI-sajtoanyag-uj-iskolaknak-2025-2026.pdf\">Akt\u00edv iskola &#8211; sajt\u00f3anyag \u00faj iskol\u00e1knak 2025-2026 &#8211; PDF<\/a><\/h4>\n<h4 style=\"text-align: center;\"><a href=\"http:\/\/bankisuli.hu\/wp-content\/uploads\/2025\/11\/AI_szuloi-brossura-2025.pdf\">Akt\u00edv iskola &#8211; Sz\u00fcl\u0151i bros\u00fara 2025 &#8211; PDF<\/a><\/h4>\n<h4 style=\"text-align: center;\"><a href=\"http:\/\/bankisuli.hu\/wp-content\/uploads\/2025\/11\/Szorolap_AI_2025.pdf\">Sz\u00f3r\u00f3lap &#8211; Akt\u00edv iskola &#8211; 2025 &#8211; PDF<\/a><\/h4>\n<p style=\"text-align: center;\">&nbsp;<\/p>\n<h2 style=\"color: green;\">Akt\u00edv iskola cikkek:<\/h2>\n<h3 style=\"text-align: center;\"><strong><em><a href=\"https:\/\/bankisuli.hu\/?p=8016\">AKT\u00cdV ISKOLA LETT\u00dcNK!!!<\/a><\/em><\/strong><\/h3>\n<h3 style=\"text-align: center;\"><strong><em><a href=\"https:\/\/bankisuli.hu\/?p=8036\">Akt\u00edv iskola t\u00e1j\u00e9koztat\u00f3<\/a><\/em><\/strong><\/h3>\n<h3 style=\"text-align: center;\"><strong><em><a href=\"https:\/\/bankisuli.hu\/?p=8055\">B\u00e1nki Sportnap<\/a><\/em><\/strong><\/h3>\n<h3 style=\"text-align: center;\"><strong><em><a href=\"https:\/\/bankisuli.hu\/?p=8095\">ESSD \u2013 A Magyar Di\u00e1ksport Napja a DUE B\u00e1nki Don\u00e1t Technikumban<\/a><\/em><\/strong><\/h3>\n<h3 style=\"text-align: center;\"><strong><em><a href=\"https:\/\/bankisuli.hu\/?p=8130\">ESSD Certificate \u2013 DUE B\u00e1nki Don\u00e1t Technikum<\/a><\/em><\/strong><\/h3>\n<h3 style=\"text-align: center;\"><strong><em><a href=\"https:\/\/bankisuli.hu\/?p=8144\">Lelki Eg\u00e9szs\u00e9g Vil\u00e1gnapja a B\u00e1nkiban<\/a><\/em><\/strong><\/h3>\n<h3 style=\"text-align: center;\"><a href=\"https:\/\/bankisuli.hu\/?p=8045\">B\u00e1nkisok a Richter Eg\u00e9szs\u00e9gv\u00e1ros programj\u00e1n<\/a><\/h3>\n<h3 style=\"text-align: center;\"><strong><em><a href=\"https:\/\/bankisuli.hu\/?p=8178\">Akt\u00edv k\u00f6zleked\u00e9s hete a B\u00e1nkiban<\/a><\/em><\/strong><\/h3>\n<h3 style=\"text-align: center;\"><strong><em><a href=\"https:\/\/bankisuli.hu\/?p=8283\">Akt\u00edv K\u00f6zleked\u00e9s Hete a B\u00e1nkiban<\/a><\/em><\/strong><\/h3>\n<h3 style=\"text-align: center;\"><a href=\"https:\/\/bankisuli.hu\/?p=8720\">Eg\u00e9szs\u00e9ges T\u00e1pl\u00e1lkoz\u00e1s hete<\/a><\/h3>\n<h3 style=\"text-align: center;\"><a href=\"https:\/\/bankisuli.hu\/?p=8768\">Akt\u00edv Iskola &#8211; Eg\u00e9szs\u00e9ges T\u00e1pl\u00e1lkoz\u00e1s Hete a B\u00e1nkiban<\/a><\/h3>\n<h3 style=\"text-align: center;\"><a href=\"https:\/\/bankisuli.hu\/?p=9103\">Akt\u00edv iskola: kar\u00e1csonyi meglepet\u00e9s<\/a><\/h3>\n<h3 style=\"text-align: center;\"><a href=\"https:\/\/bankisuli.hu\/?p=9164\">Akt\u00edv Iskola Fejfriss\u00edt\u0151 Hete<\/a><\/h3>\n","protected":false},"excerpt":{"rendered":"<p>Nagy \u00f6r\u00f6mmel tudatjuk, hogy iskol\u00e1nk 2025. szeptember 1-t\u0151l csatlakozott a Magyar Di\u00e1ksport Sz\u00f6vets\u00e9g egyik kiemelt div\u00edzi\u00f3j\u00e1hoz, az Akt\u00edv Iskola programhoz. Az iskol\u00e1ban \u00e9v eleje \u00f3ta g\u0151zer\u0151vel folyik a munka, hogy min\u00e9l sz\u00ednvonalasabb \u00e9s gazdagabb tartalommal t\u00f6lthess\u00fck meg az el\u0151tt\u00fcnk \u00e1ll\u00f3 <a href=\"https:\/\/bankisuli.hu\/?page_id=8579\" class=\"read-more\">Tov\u00e1bb &#8230;<\/a><\/p>\n","protected":false},"author":5,"featured_media":0,"parent":0,"menu_order":0,"comment_status":"closed","ping_status":"closed","template":"","meta":{"ngg_post_thumbnail":0,"footnotes":""},"class_list":["post-8579","page","type-page","status-publish","hentry"],"_links":{"self":[{"href":"https:\/\/bankisuli.hu\/index.php?rest_route=\/wp\/v2\/pages\/8579","targetHints":{"allow":["GET"]}}],"collection":[{"href":"https:\/\/bankisuli.hu\/index.php?rest_route=\/wp\/v2\/pages"}],"about":[{"href":"https:\/\/bankisuli.hu\/index.php?rest_route=\/wp\/v2\/types\/page"}],"author":[{"embeddable":true,"href":"https:\/\/bankisuli.hu\/index.php?rest_route=\/wp\/v2\/users\/5"}],"replies":[{"embeddable":true,"href":"https:\/\/bankisuli.hu\/index.php?rest_route=%2Fwp%2Fv2%2Fcomments&post=8579"}],"version-history":[{"count":11,"href":"https:\/\/bankisuli.hu\/index.php?rest_route=\/wp\/v2\/pages\/8579\/revisions"}],"predecessor-version":[{"id":9170,"href":"https:\/\/bankisuli.hu\/index.php?rest_route=\/wp\/v2\/pages\/8579\/revisions\/9170"}],"wp:attachment":[{"href":"https:\/\/bankisuli.hu\/index.php?rest_route=%2Fwp%2Fv2%2Fmedia&parent=8579"}],"curies":[{"name":"wp","href":"https:\/\/api.w.org\/{rel}","templated":true}]}}