{"id":9199,"date":"2026-02-04T10:22:40","date_gmt":"2026-02-04T10:22:40","guid":{"rendered":"https:\/\/bankisuli.hu\/?page_id=9199"},"modified":"2026-04-01T11:35:36","modified_gmt":"2026-04-01T11:35:36","slug":"gyia-szak-25-0009-segito-kezek-elhivatott-szivek-a-szakma-joszolgalatban-palyazat","status":"publish","type":"page","link":"https:\/\/bankisuli.hu\/?page_id=9199","title":{"rendered":"GYIA-SZAK-25-0009 \u201eSeg\u00edt\u0151 kezek, elhivatott sz\u00edvek &#8211; A szakma j\u00f3szolg\u00e1latban\u201d p\u00e1ly\u00e1zat"},"content":{"rendered":"<p><a href=\"http:\/\/bankisuli.hu\/wp-content\/uploads\/2026\/02\/KIM_logo_color_logo_txt_black-copy-scaled.jpg\"><img loading=\"lazy\" decoding=\"async\" class=\"aligncenter wp-image-9203\" src=\"http:\/\/bankisuli.hu\/wp-content\/uploads\/2026\/02\/KIM_logo_color_logo_txt_black-copy-300x102.jpg\" alt=\"\" width=\"600\" height=\"203\" srcset=\"https:\/\/bankisuli.hu\/wp-content\/uploads\/2026\/02\/KIM_logo_color_logo_txt_black-copy-300x102.jpg 300w, https:\/\/bankisuli.hu\/wp-content\/uploads\/2026\/02\/KIM_logo_color_logo_txt_black-copy-1024x347.jpg 1024w, https:\/\/bankisuli.hu\/wp-content\/uploads\/2026\/02\/KIM_logo_color_logo_txt_black-copy-768x260.jpg 768w, https:\/\/bankisuli.hu\/wp-content\/uploads\/2026\/02\/KIM_logo_color_logo_txt_black-copy-1536x521.jpg 1536w, https:\/\/bankisuli.hu\/wp-content\/uploads\/2026\/02\/KIM_logo_color_logo_txt_black-copy-2048x695.jpg 2048w, https:\/\/bankisuli.hu\/wp-content\/uploads\/2026\/02\/KIM_logo_color_logo_txt_black-copy-360x122.jpg 360w\" sizes=\"auto, (max-width: 600px) 100vw, 600px\" \/><\/a>A Program megval\u00f3s\u00edt\u00e1s\u00e1t a Kultur\u00e1lis \u00e9s Innov\u00e1ci\u00f3s Miniszt\u00e9rium megb\u00edz\u00e1s\u00e1b\u00f3l a Nemzeti Kultur\u00e1lis T\u00e1mogat\u00e1skezel\u0151 \u00e1ltal ki\u00edrt GYIA-SZAK-25 k\u00f3djel\u0171 \u201eSz\u00edvvel-l\u00e9lekkel szakm\u00e1t!\u201d J\u00f3szolg\u00e1lati \u00f6nk\u00e9ntess\u00e9g \u00e9s p\u00e1lyaorient\u00e1ci\u00f3s programok t\u00e1mogat\u00e1sa a szakk\u00e9pz\u00e9sben c. felh\u00edv\u00e1s keret\u00e9ben elnyert&nbsp;<b>GYIA-SZAK-25-0009 \u201eSeg\u00edt\u0151 kezek, elhivatott sz\u00edvek &#8211; A szakma j\u00f3szolg\u00e1latban\u201d p\u00e1ly\u00e1zatunk t\u00e1mogatja.<\/b><\/p>\n<h2 style=\"text-align: center;\"><a href=\"https:\/\/bankisuli.hu\/?p=10215\">Sz\u00edvvel l\u00e9lekkel szakm\u00e1t! p\u00e1ly\u00e1zat &#8211; Kapcsolda Duol cikk<\/a><\/h2>\n<h2 style=\"text-align: center;\"><a href=\"https:\/\/bankisuli.hu\/?p=10124\">Sz\u00edvvel l\u00e9lekkel szakm\u00e1t! p\u00e1ly\u00e1zat &#8211; Gazd\u00e1lkodj Okosan! Nap &#8211; DUOL cikk<\/a><\/h2>\n<h2 style=\"text-align: center;\"><a href=\"https:\/\/bankisuli.hu\/?p=9767\">Digit\u00e1lis Nagyi Program &#8211; DUE B\u00e1nki Don\u00e1t Technikum &#8211; DUOL-cikk<\/a><\/h2>\n<h2 style=\"text-align: center;\"><a href=\"https:\/\/bankisuli.hu\/?p=9523\">Seg\u00edt\u0151 kezek \u00e9s elhivatott sz\u00edvek a B\u00e1nkiban &#8211; DUE cikk<\/a><\/h2>\n<h2 style=\"text-align: center;\"><a href=\"https:\/\/bankisuli.hu\/?p=9281\">Sz\u00edvvel-l\u00e9lekkel szakm\u00e1t &#8211; Duol cikk<\/a><\/h2>\n<h2 style=\"text-align: center;\"><a href=\"https:\/\/bankisuli.hu\/?page_id=9475\">Sz\u00f3r\u00f3lapok a rendezv\u00e9nyekhez<\/a><\/h2>\n<h2 style=\"text-align: center;\"><a href=\"https:\/\/bankisuli.hu\/?page_id=9374\">\u201eSzereld meg nap\u201d \u2013 k\u00f6z\u00f6ss\u00e9gi m\u0171hely &#8211; M\u0171szaki munkak\u00f6z\u00f6ss\u00e9g &#8211; febru\u00e1r 17.<\/a><\/h2>\n<h2 style=\"text-align: center;\"><a href=\"https:\/\/bankisuli.hu\/?page_id=9437\">\u201eDigit\u00e1lis nagyi\u201d \u2013 id\u0151sbar\u00e1t IT-m\u0171hely- Informatika munkak\u00f6z\u00f6ss\u00e9g- febru\u00e1r 11.<\/a><\/h2>\n<h2 style=\"text-align: center;\"><a href=\"https:\/\/bankisuli.hu\/?page_id=9440\">\u201eMI a h\u00e9tk\u00f6znapokban\u201d \u2013 mesters\u00e9ges intelligenci\u00e1r\u00f3l a sz\u00fcl\u0151knek &#8211; febru\u00e1r 9. 10. 16:00<\/a><\/h2>\n<h2 style=\"text-align: center;\"><a href=\"https:\/\/bankisuli.hu\/?page_id=9448\">\u201eGazd\u00e1lkodj okosan!\u201d \u2013 p\u00e9nz\u00fcgyi tudatoss\u00e1g a mindennapokban &#8211; p\u00e9nz7 &#8211; m\u00e1rcius 3. 9:00- 13:00<\/a><\/h2>\n<h2 style=\"text-align: center;\"><a href=\"https:\/\/bankisuli.hu\/?page_id=9442\">\u201eKapcsolda\u201d \u2013 fogyat\u00e9kkal \u00e9l\u0151k foglalkoz\u00e1si d\u00e9lut\u00e1nja &#8211; febru\u00e1r 27. 13:30- 15:30<\/a><\/h2>\n<h2 style=\"text-align: center;\">&nbsp;<\/h2>\n<div id=\"05AD4D8A_4C5D_BC6A_03B1_B321C45D5C69\">&nbsp;<\/div>\n","protected":false},"excerpt":{"rendered":"<p>A Program megval\u00f3s\u00edt\u00e1s\u00e1t a Kultur\u00e1lis \u00e9s Innov\u00e1ci\u00f3s Miniszt\u00e9rium megb\u00edz\u00e1s\u00e1b\u00f3l a Nemzeti Kultur\u00e1lis T\u00e1mogat\u00e1skezel\u0151 \u00e1ltal ki\u00edrt GYIA-SZAK-25 k\u00f3djel\u0171 \u201eSz\u00edvvel-l\u00e9lekkel szakm\u00e1t!\u201d J\u00f3szolg\u00e1lati \u00f6nk\u00e9ntess\u00e9g \u00e9s p\u00e1lyaorient\u00e1ci\u00f3s programok t\u00e1mogat\u00e1sa a szakk\u00e9pz\u00e9sben c. felh\u00edv\u00e1s keret\u00e9ben elnyert&nbsp;GYIA-SZAK-25-0009 \u201eSeg\u00edt\u0151 kezek, elhivatott sz\u00edvek &#8211; A szakma j\u00f3szolg\u00e1latban\u201d p\u00e1ly\u00e1zatunk <a href=\"https:\/\/bankisuli.hu\/?page_id=9199\" class=\"read-more\">Tov\u00e1bb &#8230;<\/a><\/p>\n","protected":false},"author":5,"featured_media":0,"parent":0,"menu_order":0,"comment_status":"closed","ping_status":"closed","template":"","meta":{"ngg_post_thumbnail":0,"footnotes":""},"class_list":["post-9199","page","type-page","status-publish","hentry"],"_links":{"self":[{"href":"https:\/\/bankisuli.hu\/index.php?rest_route=\/wp\/v2\/pages\/9199","targetHints":{"allow":["GET"]}}],"collection":[{"href":"https:\/\/bankisuli.hu\/index.php?rest_route=\/wp\/v2\/pages"}],"about":[{"href":"https:\/\/bankisuli.hu\/index.php?rest_route=\/wp\/v2\/types\/page"}],"author":[{"embeddable":true,"href":"https:\/\/bankisuli.hu\/index.php?rest_route=\/wp\/v2\/users\/5"}],"replies":[{"embeddable":true,"href":"https:\/\/bankisuli.hu\/index.php?rest_route=%2Fwp%2Fv2%2Fcomments&post=9199"}],"version-history":[{"count":11,"href":"https:\/\/bankisuli.hu\/index.php?rest_route=\/wp\/v2\/pages\/9199\/revisions"}],"predecessor-version":[{"id":10220,"href":"https:\/\/bankisuli.hu\/index.php?rest_route=\/wp\/v2\/pages\/9199\/revisions\/10220"}],"wp:attachment":[{"href":"https:\/\/bankisuli.hu\/index.php?rest_route=%2Fwp%2Fv2%2Fmedia&parent=9199"}],"curies":[{"name":"wp","href":"https:\/\/api.w.org\/{rel}","templated":true}]}}