{"id":9241,"date":"2026-02-05T20:27:24","date_gmt":"2026-02-05T20:27:24","guid":{"rendered":"https:\/\/bankisuli.hu\/?page_id=9241"},"modified":"2026-04-16T06:49:46","modified_gmt":"2026-04-16T06:49:46","slug":"pannonia-osztondijprogram","status":"publish","type":"page","link":"https:\/\/bankisuli.hu\/?page_id=9241","title":{"rendered":"Pann\u00f3nia \u00d6szt\u00f6nd\u00edjprogram"},"content":{"rendered":"<h3><a href=\"http:\/\/bankisuli.hu\/wp-content\/uploads\/2025\/09\/pannonia_osztondijprogram_logo_color_flag.png\"><img loading=\"lazy\" decoding=\"async\" class=\"aligncenter wp-image-8001 size-medium\" src=\"http:\/\/bankisuli.hu\/wp-content\/uploads\/2025\/09\/pannonia_osztondijprogram_logo_color_flag-300x86.png\" alt=\"\" width=\"300\" height=\"86\" srcset=\"https:\/\/bankisuli.hu\/wp-content\/uploads\/2025\/09\/pannonia_osztondijprogram_logo_color_flag-300x86.png 300w, https:\/\/bankisuli.hu\/wp-content\/uploads\/2025\/09\/pannonia_osztondijprogram_logo_color_flag-1024x294.png 1024w, https:\/\/bankisuli.hu\/wp-content\/uploads\/2025\/09\/pannonia_osztondijprogram_logo_color_flag-768x221.png 768w, https:\/\/bankisuli.hu\/wp-content\/uploads\/2025\/09\/pannonia_osztondijprogram_logo_color_flag-1536x441.png 1536w, https:\/\/bankisuli.hu\/wp-content\/uploads\/2025\/09\/pannonia_osztondijprogram_logo_color_flag-2048x588.png 2048w, https:\/\/bankisuli.hu\/wp-content\/uploads\/2025\/09\/pannonia_osztondijprogram_logo_color_flag-360x103.png 360w\" sizes=\"auto, (max-width: 300px) 100vw, 300px\" \/><\/a><\/h3>\n<p>&nbsp;<\/p>\n<h3 style=\"text-align: center;\"><a href=\"https:\/\/bankisuli.hu\/?p=10392\">Pann\u00f3nia \u00f6szt\u00f6nd\u00edjprogram \u2013 Puck (Lengyelorsz\u00e1g)<\/a><\/h3>\n<h3 style=\"text-align: center;\"><a href=\"https:\/\/bankisuli.hu\/?p=10257\">Pann\u00f3nia \u00f6szt\u00f6nd\u00edjprogram &#8211; Ada 3. &#8211; \u00d6sszefoglal\u00f3<\/a><\/h3>\n<h3 style=\"text-align: center;\"><a href=\"https:\/\/bankisuli.hu\/?p=10074\">Pann\u00f3nia \u00f6szt\u00f6nd\u00edjprogram \u2013 Ada 3 \u2013 2026. m\u00e1rcius 23-27. \u00d6t\u00f6dik nap<\/a><\/h3>\n<h3 style=\"text-align: center;\"><a href=\"https:\/\/bankisuli.hu\/?p=10067\">Pann\u00f3nia \u00f6szt\u00f6nd\u00edjprogram \u2013 Ada 3 \u2013 2026. m\u00e1rcius 23-27. Negyedik nap<\/a><\/h3>\n<h3 style=\"text-align: center;\"><a href=\"https:\/\/bankisuli.hu\/?p=10000\">Pann\u00f3nia \u00f6szt\u00f6nd\u00edjprogram \u2013 Ada 3 \u2013 2026. m\u00e1rcius 23-27. Harmadik nap<\/a><\/h3>\n<h3 style=\"text-align: center;\"><a href=\"https:\/\/bankisuli.hu\/?p=9840\">Pann\u00f3nia \u00f6szt\u00f6nd\u00edjprogram \u2013 Ada 3 \u2013 2026. m\u00e1rcius 23-27. M\u00e1sodik nap<\/a><\/h3>\n<h3 style=\"text-align: center;\"><a href=\"https:\/\/bankisuli.hu\/?p=9770\">Pann\u00f3nia \u00f6szt\u00f6nd\u00edjprogram \u2013 Ada 3 \u2013 2026. m\u00e1rcius 23-27. Els\u0151 nap<\/a><\/h3>\n<h3 style=\"text-align: center;\"><a href=\"https:\/\/bankisuli.hu\/?p=8526\">Pann\u00f3nia \u00f6szt\u00f6nd\u00edjprogram &#8211; Ada &#8211; DUOL cikk<\/a><\/h3>\n<h3 style=\"text-align: center;\"><a href=\"https:\/\/bankisuli.hu\/?p=8234\">Pann\u00f3nia \u00d6szt\u00f6nd\u00edjprogram a B\u00e1nkiban &#8211; Heti fot\u00f3besz\u00e1mol\u00f3 &#8211; Ada<\/a><\/h3>\n<h3 style=\"text-align: center;\"><a href=\"https:\/\/bankisuli.hu\/?p=8223\">Pann\u00f3nia \u00d6szt\u00f6nd\u00edjprogram a B\u00e1nkiban &#8211; Ada<\/a><\/h3>\n<h3 style=\"text-align: center;\"><a href=\"https:\/\/bankisuli.hu\/?p=8207\">Pann\u00f3nia \u00d6szt\u00f6nd\u00edjprogram a B\u00e1nkiban &#8211; Els\u0151 napok &#8211; Ada<\/a><\/h3>\n<h3 style=\"text-align: center;\">&nbsp;<\/h3>\n","protected":false},"excerpt":{"rendered":"<p>&nbsp; Pann\u00f3nia \u00f6szt\u00f6nd\u00edjprogram \u2013 Puck (Lengyelorsz\u00e1g) Pann\u00f3nia \u00f6szt\u00f6nd\u00edjprogram &#8211; Ada 3. &#8211; \u00d6sszefoglal\u00f3 Pann\u00f3nia \u00f6szt\u00f6nd\u00edjprogram \u2013 Ada 3 \u2013 2026. m\u00e1rcius 23-27. \u00d6t\u00f6dik nap Pann\u00f3nia \u00f6szt\u00f6nd\u00edjprogram \u2013 Ada 3 \u2013 2026. m\u00e1rcius 23-27. Negyedik nap Pann\u00f3nia \u00f6szt\u00f6nd\u00edjprogram \u2013 Ada 3 <a href=\"https:\/\/bankisuli.hu\/?page_id=9241\" class=\"read-more\">Tov\u00e1bb &#8230;<\/a><\/p>\n","protected":false},"author":5,"featured_media":0,"parent":0,"menu_order":0,"comment_status":"closed","ping_status":"closed","template":"","meta":{"ngg_post_thumbnail":0,"footnotes":""},"class_list":["post-9241","page","type-page","status-publish","hentry"],"_links":{"self":[{"href":"https:\/\/bankisuli.hu\/index.php?rest_route=\/wp\/v2\/pages\/9241","targetHints":{"allow":["GET"]}}],"collection":[{"href":"https:\/\/bankisuli.hu\/index.php?rest_route=\/wp\/v2\/pages"}],"about":[{"href":"https:\/\/bankisuli.hu\/index.php?rest_route=\/wp\/v2\/types\/page"}],"author":[{"embeddable":true,"href":"https:\/\/bankisuli.hu\/index.php?rest_route=\/wp\/v2\/users\/5"}],"replies":[{"embeddable":true,"href":"https:\/\/bankisuli.hu\/index.php?rest_route=%2Fwp%2Fv2%2Fcomments&post=9241"}],"version-history":[{"count":9,"href":"https:\/\/bankisuli.hu\/index.php?rest_route=\/wp\/v2\/pages\/9241\/revisions"}],"predecessor-version":[{"id":10410,"href":"https:\/\/bankisuli.hu\/index.php?rest_route=\/wp\/v2\/pages\/9241\/revisions\/10410"}],"wp:attachment":[{"href":"https:\/\/bankisuli.hu\/index.php?rest_route=%2Fwp%2Fv2%2Fmedia&parent=9241"}],"curies":[{"name":"wp","href":"https:\/\/api.w.org\/{rel}","templated":true}]}}