{"id":9374,"date":"2026-03-10T10:07:47","date_gmt":"2026-03-10T10:07:47","guid":{"rendered":"https:\/\/bankisuli.hu\/?page_id=9374"},"modified":"2026-03-10T10:21:09","modified_gmt":"2026-03-10T10:21:09","slug":"szereld-meg-nap-kozossegi-muhely-muszaki-munkakozosseg-februar-17","status":"publish","type":"page","link":"https:\/\/bankisuli.hu\/?page_id=9374","title":{"rendered":"\u201eSzereld meg nap\u201d \u2013 k\u00f6z\u00f6ss\u00e9gi m\u0171hely &#8211; M\u0171szaki munkak\u00f6z\u00f6ss\u00e9g &#8211; febru\u00e1r 17."},"content":{"rendered":"<div class=\"x_elementToProof\" style=\"text-align: justify;\">A g\u00e9p\u00e9szet, valamint az elektronika \u00e9s elektrotechnika \u00e1gazatban tanul\u00f3 di\u00e1kok egy napra mobil szervizpontot \u00e1ll\u00edtanak fel az iskola udvar\u00e1n. Ingyenesen jav\u00edtanak kisebb h\u00e1ztart\u00e1si eszk\u00f6z\u00f6ket, p\u00e9ld\u00e1ul biciklit, informatikai eszk\u00f6z\u00f6ket. A di\u00e1kok munk\u00e1j\u00e1t oktat\u00f3k fel\u00fcgyelik. A r\u00e9szv\u00e9tel \u00f6nk\u00e9ntes, a di\u00e1kok a szabadidej\u00fckben, k\u00f6z\u00f6ss\u00e9gi szolg\u00e1latk\u00e9nt dolgoznak.<\/div>\n<div>&nbsp;<\/div>\n<div>ngg_shortcode_0_placeholder<\/div>\n<div>&nbsp;<\/div>\n","protected":false},"excerpt":{"rendered":"<p>A g\u00e9p\u00e9szet, valamint az elektronika \u00e9s elektrotechnika \u00e1gazatban tanul\u00f3 di\u00e1kok egy napra mobil szervizpontot \u00e1ll\u00edtanak fel az iskola udvar\u00e1n. Ingyenesen jav\u00edtanak kisebb h\u00e1ztart\u00e1si eszk\u00f6z\u00f6ket, p\u00e9ld\u00e1ul biciklit, informatikai eszk\u00f6z\u00f6ket. A di\u00e1kok munk\u00e1j\u00e1t oktat\u00f3k fel\u00fcgyelik. A r\u00e9szv\u00e9tel \u00f6nk\u00e9ntes, a di\u00e1kok a szabadidej\u00fckben, <a href=\"https:\/\/bankisuli.hu\/?page_id=9374\" class=\"read-more\">Tov\u00e1bb &#8230;<\/a><\/p>\n","protected":false},"author":5,"featured_media":0,"parent":0,"menu_order":0,"comment_status":"closed","ping_status":"closed","template":"","meta":{"ngg_post_thumbnail":0,"footnotes":""},"class_list":["post-9374","page","type-page","status-publish","hentry"],"_links":{"self":[{"href":"https:\/\/bankisuli.hu\/index.php?rest_route=\/wp\/v2\/pages\/9374","targetHints":{"allow":["GET"]}}],"collection":[{"href":"https:\/\/bankisuli.hu\/index.php?rest_route=\/wp\/v2\/pages"}],"about":[{"href":"https:\/\/bankisuli.hu\/index.php?rest_route=\/wp\/v2\/types\/page"}],"author":[{"embeddable":true,"href":"https:\/\/bankisuli.hu\/index.php?rest_route=\/wp\/v2\/users\/5"}],"replies":[{"embeddable":true,"href":"https:\/\/bankisuli.hu\/index.php?rest_route=%2Fwp%2Fv2%2Fcomments&post=9374"}],"version-history":[{"count":2,"href":"https:\/\/bankisuli.hu\/index.php?rest_route=\/wp\/v2\/pages\/9374\/revisions"}],"predecessor-version":[{"id":9439,"href":"https:\/\/bankisuli.hu\/index.php?rest_route=\/wp\/v2\/pages\/9374\/revisions\/9439"}],"wp:attachment":[{"href":"https:\/\/bankisuli.hu\/index.php?rest_route=%2Fwp%2Fv2%2Fmedia&parent=9374"}],"curies":[{"name":"wp","href":"https:\/\/api.w.org\/{rel}","templated":true}]}}