{"id":9437,"date":"2026-03-10T10:15:43","date_gmt":"2026-03-10T10:15:43","guid":{"rendered":"https:\/\/bankisuli.hu\/?page_id=9437"},"modified":"2026-03-10T11:59:05","modified_gmt":"2026-03-10T11:59:05","slug":"digitalis-nagyi-idosbarat-it-muhely-informatika-munkakozosseg-februar-11","status":"publish","type":"page","link":"https:\/\/bankisuli.hu\/?page_id=9437","title":{"rendered":"\u201eDigit\u00e1lis nagyi\u201d \u2013 id\u0151sbar\u00e1t IT-m\u0171hely- Informatika munkak\u00f6z\u00f6ss\u00e9g- febru\u00e1r 11."},"content":{"rendered":"<p style=\"text-align: justify;\"><span data-olk-copy-source=\"MessageBody\">Az informatika \u00e9s t\u00e1vk\u00f6zl\u00e9s \u00e1gazat di\u00e1kjai workshopot tartanak id\u0151sebb gener\u00e1ci\u00f3nak. A foglalkoz\u00e1sok sor\u00e1n az okostelefon-haszn\u00e1latot, az e-\u00fcgyint\u00e9z\u00e9st, az online bankol\u00e1st biztons\u00e1gos m\u00f3don, valamint a k\u00f6z\u00f6ss\u00e9gi m\u00e9dia \u00e9s a digit\u00e1lis biztons\u00e1g alapjait tan\u00edtj\u00e1k. A tanul\u00f3k mini tr\u00e9nerk\u00e9nt seg\u00edtik az egyes r\u00e9sztvev\u0151ket egy\u00e9nileg.<\/span><\/p>\nngg_shortcode_0_placeholder\n","protected":false},"excerpt":{"rendered":"<p>Az informatika \u00e9s t\u00e1vk\u00f6zl\u00e9s \u00e1gazat di\u00e1kjai workshopot tartanak id\u0151sebb gener\u00e1ci\u00f3nak. A foglalkoz\u00e1sok sor\u00e1n az okostelefon-haszn\u00e1latot, az e-\u00fcgyint\u00e9z\u00e9st, az online bankol\u00e1st biztons\u00e1gos m\u00f3don, valamint a k\u00f6z\u00f6ss\u00e9gi m\u00e9dia \u00e9s a digit\u00e1lis biztons\u00e1g alapjait tan\u00edtj\u00e1k. A tanul\u00f3k mini tr\u00e9nerk\u00e9nt seg\u00edtik az egyes r\u00e9sztvev\u0151ket <a href=\"https:\/\/bankisuli.hu\/?page_id=9437\" class=\"read-more\">Tov\u00e1bb &#8230;<\/a><\/p>\n","protected":false},"author":5,"featured_media":0,"parent":0,"menu_order":0,"comment_status":"closed","ping_status":"closed","template":"","meta":{"ngg_post_thumbnail":0,"footnotes":""},"class_list":["post-9437","page","type-page","status-publish","hentry"],"_links":{"self":[{"href":"https:\/\/bankisuli.hu\/index.php?rest_route=\/wp\/v2\/pages\/9437","targetHints":{"allow":["GET"]}}],"collection":[{"href":"https:\/\/bankisuli.hu\/index.php?rest_route=\/wp\/v2\/pages"}],"about":[{"href":"https:\/\/bankisuli.hu\/index.php?rest_route=\/wp\/v2\/types\/page"}],"author":[{"embeddable":true,"href":"https:\/\/bankisuli.hu\/index.php?rest_route=\/wp\/v2\/users\/5"}],"replies":[{"embeddable":true,"href":"https:\/\/bankisuli.hu\/index.php?rest_route=%2Fwp%2Fv2%2Fcomments&post=9437"}],"version-history":[{"count":3,"href":"https:\/\/bankisuli.hu\/index.php?rest_route=\/wp\/v2\/pages\/9437\/revisions"}],"predecessor-version":[{"id":9492,"href":"https:\/\/bankisuli.hu\/index.php?rest_route=\/wp\/v2\/pages\/9437\/revisions\/9492"}],"wp:attachment":[{"href":"https:\/\/bankisuli.hu\/index.php?rest_route=%2Fwp%2Fv2%2Fmedia&parent=9437"}],"curies":[{"name":"wp","href":"https:\/\/api.w.org\/{rel}","templated":true}]}}