{"id":9440,"date":"2026-03-10T10:18:20","date_gmt":"2026-03-10T10:18:20","guid":{"rendered":"https:\/\/bankisuli.hu\/?page_id=9440"},"modified":"2026-03-10T10:20:53","modified_gmt":"2026-03-10T10:20:53","slug":"mi-a-hetkoznapokban-mesterseges-intelligenciarol-a-szuloknek-februar-9-10-1600","status":"publish","type":"page","link":"https:\/\/bankisuli.hu\/?page_id=9440","title":{"rendered":"\u201eMI a h\u00e9tk\u00f6znapokban\u201d \u2013 mesters\u00e9ges intelligenci\u00e1r\u00f3l a sz\u00fcl\u0151knek &#8211;  febru\u00e1r  9. 10. 16:00"},"content":{"rendered":"<p style=\"text-align: justify;\"><span data-olk-copy-source=\"MessageBody\">A koll\u00e9g\u00e1ink el\u0151ad\u00e1sban elm\u00e9leti, majd gyakorlati tan\u00e1csokat adnak a sz\u00fcl\u0151knek a mesters\u00e9ges intelligencia h\u00e9tk\u00f6znapi haszn\u00e1lat\u00e1r\u00f3l. Gyakorlati \u00fatmutat\u00f3, hasznos tan\u00e1csok, sz\u00fcl\u0151i oldalr\u00f3l a t\u00e9ma megk\u00f6zel\u00edt\u00e9se. Hogyan tudj\u00e1k a sz\u00fcl\u0151k t\u00e1mogatni, kontroll\u00e1lni gyermekeiket az MI vil\u00e1g\u00e1ban?<\/span><\/p>\nngg_shortcode_0_placeholder\n","protected":false},"excerpt":{"rendered":"<p>A koll\u00e9g\u00e1ink el\u0151ad\u00e1sban elm\u00e9leti, majd gyakorlati tan\u00e1csokat adnak a sz\u00fcl\u0151knek a mesters\u00e9ges intelligencia h\u00e9tk\u00f6znapi haszn\u00e1lat\u00e1r\u00f3l. Gyakorlati \u00fatmutat\u00f3, hasznos tan\u00e1csok, sz\u00fcl\u0151i oldalr\u00f3l a t\u00e9ma megk\u00f6zel\u00edt\u00e9se. Hogyan tudj\u00e1k a sz\u00fcl\u0151k t\u00e1mogatni, kontroll\u00e1lni gyermekeiket az MI vil\u00e1g\u00e1ban?<\/p>\n","protected":false},"author":5,"featured_media":0,"parent":0,"menu_order":0,"comment_status":"closed","ping_status":"closed","template":"","meta":{"ngg_post_thumbnail":0,"footnotes":""},"class_list":["post-9440","page","type-page","status-publish","hentry"],"_links":{"self":[{"href":"https:\/\/bankisuli.hu\/index.php?rest_route=\/wp\/v2\/pages\/9440","targetHints":{"allow":["GET"]}}],"collection":[{"href":"https:\/\/bankisuli.hu\/index.php?rest_route=\/wp\/v2\/pages"}],"about":[{"href":"https:\/\/bankisuli.hu\/index.php?rest_route=\/wp\/v2\/types\/page"}],"author":[{"embeddable":true,"href":"https:\/\/bankisuli.hu\/index.php?rest_route=\/wp\/v2\/users\/5"}],"replies":[{"embeddable":true,"href":"https:\/\/bankisuli.hu\/index.php?rest_route=%2Fwp%2Fv2%2Fcomments&post=9440"}],"version-history":[{"count":2,"href":"https:\/\/bankisuli.hu\/index.php?rest_route=\/wp\/v2\/pages\/9440\/revisions"}],"predecessor-version":[{"id":9445,"href":"https:\/\/bankisuli.hu\/index.php?rest_route=\/wp\/v2\/pages\/9440\/revisions\/9445"}],"wp:attachment":[{"href":"https:\/\/bankisuli.hu\/index.php?rest_route=%2Fwp%2Fv2%2Fmedia&parent=9440"}],"curies":[{"name":"wp","href":"https:\/\/api.w.org\/{rel}","templated":true}]}}