{"id":9442,"date":"2026-03-10T10:20:09","date_gmt":"2026-03-10T10:20:09","guid":{"rendered":"https:\/\/bankisuli.hu\/?page_id=9442"},"modified":"2026-03-10T10:20:09","modified_gmt":"2026-03-10T10:20:09","slug":"kapcsolda-fogyatekkal-elok-foglalkozasi-delutanja-februar-27-1330-1530","status":"publish","type":"page","link":"https:\/\/bankisuli.hu\/?page_id=9442","title":{"rendered":"\u201eKapcsolda\u201d \u2013 fogyat\u00e9kkal \u00e9l\u0151k foglalkoz\u00e1si d\u00e9lut\u00e1nja &#8211; febru\u00e1r 27. 13:30- 15:30"},"content":{"rendered":"<p style=\"text-align: justify;\"><span data-olk-copy-source=\"MessageBody\">A b\u00e1nkis 9. \u00e9s 10. \u00e9vfolyamosok \u00e9rz\u00e9keny\u00edt\u00e9se a fogyat\u00e9kkal \u00e9l\u0151 embert\u00e1rsaink ir\u00e1nt. A b\u00e1nkis tanul\u00f3k vend\u00e9g\u00fcl l\u00e1tj\u00e1k egy d\u00e9lut\u00e1n erej\u00e9ig a ment\u00e1lisan \u00e9s\/vagy mozg\u00e1sukban korl\u00e1tozott fiatalokat. Egy\u00fctt k\u00e9zm\u0171ves tev\u00e9kenys\u00e9get, mozg\u00e1sos, j\u00e1t\u00e9kos feladatokat v\u00e9geznek megv\u00e1ltozott k\u00e9pess\u00e9g\u0171 t\u00e1rsaikkal. A programot egy elhivatott koll\u00e9gan\u0151 koordin\u00e1l\u00e1s\u00e1val v\u00e9gzik, egy\u00fcttm\u0171k\u00f6d\u00e9sben egy helyi szervezettel.<\/span><\/p>\nngg_shortcode_0_placeholder\n","protected":false},"excerpt":{"rendered":"<p>A b\u00e1nkis 9. \u00e9s 10. \u00e9vfolyamosok \u00e9rz\u00e9keny\u00edt\u00e9se a fogyat\u00e9kkal \u00e9l\u0151 embert\u00e1rsaink ir\u00e1nt. A b\u00e1nkis tanul\u00f3k vend\u00e9g\u00fcl l\u00e1tj\u00e1k egy d\u00e9lut\u00e1n erej\u00e9ig a ment\u00e1lisan \u00e9s\/vagy mozg\u00e1sukban korl\u00e1tozott fiatalokat. Egy\u00fctt k\u00e9zm\u0171ves tev\u00e9kenys\u00e9get, mozg\u00e1sos, j\u00e1t\u00e9kos feladatokat v\u00e9geznek megv\u00e1ltozott k\u00e9pess\u00e9g\u0171 t\u00e1rsaikkal. A programot egy elhivatott <a href=\"https:\/\/bankisuli.hu\/?page_id=9442\" class=\"read-more\">Tov\u00e1bb &#8230;<\/a><\/p>\n","protected":false},"author":5,"featured_media":0,"parent":0,"menu_order":0,"comment_status":"closed","ping_status":"closed","template":"","meta":{"ngg_post_thumbnail":0,"footnotes":""},"class_list":["post-9442","page","type-page","status-publish","hentry"],"_links":{"self":[{"href":"https:\/\/bankisuli.hu\/index.php?rest_route=\/wp\/v2\/pages\/9442","targetHints":{"allow":["GET"]}}],"collection":[{"href":"https:\/\/bankisuli.hu\/index.php?rest_route=\/wp\/v2\/pages"}],"about":[{"href":"https:\/\/bankisuli.hu\/index.php?rest_route=\/wp\/v2\/types\/page"}],"author":[{"embeddable":true,"href":"https:\/\/bankisuli.hu\/index.php?rest_route=\/wp\/v2\/users\/5"}],"replies":[{"embeddable":true,"href":"https:\/\/bankisuli.hu\/index.php?rest_route=%2Fwp%2Fv2%2Fcomments&post=9442"}],"version-history":[{"count":1,"href":"https:\/\/bankisuli.hu\/index.php?rest_route=\/wp\/v2\/pages\/9442\/revisions"}],"predecessor-version":[{"id":9443,"href":"https:\/\/bankisuli.hu\/index.php?rest_route=\/wp\/v2\/pages\/9442\/revisions\/9443"}],"wp:attachment":[{"href":"https:\/\/bankisuli.hu\/index.php?rest_route=%2Fwp%2Fv2%2Fmedia&parent=9442"}],"curies":[{"name":"wp","href":"https:\/\/api.w.org\/{rel}","templated":true}]}}