{"id":9448,"date":"2026-03-10T11:36:27","date_gmt":"2026-03-10T11:36:27","guid":{"rendered":"https:\/\/bankisuli.hu\/?page_id=9448"},"modified":"2026-03-11T08:41:57","modified_gmt":"2026-03-11T08:41:57","slug":"gazdalkodj-okosan-penzugyi-tudatossag-a-mindennapokban-penz7-marcius-3-900-1300","status":"publish","type":"page","link":"https:\/\/bankisuli.hu\/?page_id=9448","title":{"rendered":"\u201eGazd\u00e1lkodj okosan!\u201d \u2013 p\u00e9nz\u00fcgyi tudatoss\u00e1g a mindennapokban &#8211; p\u00e9nz7 &#8211; m\u00e1rcius 3. 9:00- 13:00"},"content":{"rendered":"<p style=\"text-align: justify;\"><span data-olk-copy-source=\"MessageBody\">Gazd\u00e1lkod\u00e1s \u00e9s menedzsment \u00e1gazat di\u00e1kjai tematikus standot m\u0171k\u00f6dtetnek, ahol fiataloknak sz\u00f3l\u00f3 r\u00f6vid foglalkoz\u00e1sok keret\u00e9ben p\u00e9ld\u00e1ul megtan\u00edtj\u00e1k, hogyan lehet felel\u0151sen sp\u00f3rolni. Csal\u00e1di k\u00f6lts\u00e9gvet\u00e9s-j\u00e1t\u00e9kot, p\u00e9nz\u00fcgyi tot\u00f3t \u00e9s kiad\u00e1stervez\u00e9st is szerveznek.<\/span><\/p>\nngg_shortcode_0_placeholder\n","protected":false},"excerpt":{"rendered":"<p>Gazd\u00e1lkod\u00e1s \u00e9s menedzsment \u00e1gazat di\u00e1kjai tematikus standot m\u0171k\u00f6dtetnek, ahol fiataloknak sz\u00f3l\u00f3 r\u00f6vid foglalkoz\u00e1sok keret\u00e9ben p\u00e9ld\u00e1ul megtan\u00edtj\u00e1k, hogyan lehet felel\u0151sen sp\u00f3rolni. Csal\u00e1di k\u00f6lts\u00e9gvet\u00e9s-j\u00e1t\u00e9kot, p\u00e9nz\u00fcgyi tot\u00f3t \u00e9s kiad\u00e1stervez\u00e9st is szerveznek. &nbsp;<\/p>\n","protected":false},"author":5,"featured_media":0,"parent":0,"menu_order":0,"comment_status":"closed","ping_status":"closed","template":"","meta":{"ngg_post_thumbnail":0,"footnotes":""},"class_list":["post-9448","page","type-page","status-publish","hentry"],"_links":{"self":[{"href":"https:\/\/bankisuli.hu\/index.php?rest_route=\/wp\/v2\/pages\/9448","targetHints":{"allow":["GET"]}}],"collection":[{"href":"https:\/\/bankisuli.hu\/index.php?rest_route=\/wp\/v2\/pages"}],"about":[{"href":"https:\/\/bankisuli.hu\/index.php?rest_route=\/wp\/v2\/types\/page"}],"author":[{"embeddable":true,"href":"https:\/\/bankisuli.hu\/index.php?rest_route=\/wp\/v2\/users\/5"}],"replies":[{"embeddable":true,"href":"https:\/\/bankisuli.hu\/index.php?rest_route=%2Fwp%2Fv2%2Fcomments&post=9448"}],"version-history":[{"count":3,"href":"https:\/\/bankisuli.hu\/index.php?rest_route=\/wp\/v2\/pages\/9448\/revisions"}],"predecessor-version":[{"id":9502,"href":"https:\/\/bankisuli.hu\/index.php?rest_route=\/wp\/v2\/pages\/9448\/revisions\/9502"}],"wp:attachment":[{"href":"https:\/\/bankisuli.hu\/index.php?rest_route=%2Fwp%2Fv2%2Fmedia&parent=9448"}],"curies":[{"name":"wp","href":"https:\/\/api.w.org\/{rel}","templated":true}]}}